{"id":166,"date":"2015-02-02T08:55:40","date_gmt":"2015-02-02T08:55:40","guid":{"rendered":"http:\/\/www.mujerruralemprendedora.com\/es\/?page_id=166"},"modified":"2015-06-09T10:36:28","modified_gmt":"2015-06-09T10:36:28","slug":"ayudas-al-emprendimiento","status":"publish","type":"page","link":"http:\/\/www.mujerruralemprendedora.com\/es\/ayudas-al-emprendimiento\/","title":{"rendered":"Ayudas al emprendimiento"},"content":{"rendered":"<h2><span style=\"font-size: 18pt; color: #000000;\"><strong><span style=\"background-color: #ffcc00;\">SUBVENCIONES PARA FORMAR TU NEGOCIO COMO EMPRENDEDOR<\/span><\/strong><\/span><\/h2>\n<p><span style=\"color: #000000;\">Iniciar la senda\u00a0hacia el emprendimiento puede resultar en ocasiones\u00a0algo complicado por eso nosotros queremos allanar ese camino. Para eso\u00a0ponemos a vuestra disposici\u00f3n toda la informaci\u00f3n sobre las ayudas estatales, auton\u00f3micas y locales disponibles para ser emprendedora.<\/span><\/p>\n<p><span style=\"color: #000000;\">\u00a0<\/span><\/p>\n<ul>\n<li><span style=\"color: #000000;\"><span style=\"color: #ffffff;\">\u00a0<\/span><strong><span style=\"font-size: 14pt; background-color: #000000;\"><span style=\"color: #ffffff;\">A nivel estatal<\/span> <\/span><\/strong>contamos con el\u00a0<a style=\"color: #000000;\" title=\"Ayudas al emprendimiento\" href=\"http:\/\/www.msssi.gob.es\/ssi\/igualdadOportunidades\/docs\/121002_PROGRAMA_PAEM.pdf\" target=\"_blank\"><strong>PROGRAMA DE APOYO EMPRESARIAL A LAS MUJERES (PAEM)<\/strong><\/a><\/span><br \/>\n<span style=\"color: #000000;\"> Es un Programa dirigido a mujeres:<\/span><br \/>\n<span style=\"color: #000000;\"> &#8211; Con inquietud emprendedora.<\/span><br \/>\n<span style=\"color: #000000;\"> &#8211; Con una idea o proyecto de negocio.<\/span><br \/>\n<span style=\"color: #000000;\"> &#8211; Con un plan de modernizaci\u00f3n o ampliaci\u00f3n. <a style=\"color: #000000;\" title=\"Ayudas al emprendimiento\" href=\"http:\/\/www.msssi.gob.es\/ssi\/igualdadOportunidades\/docs\/121002_PROGRAMA_PAEM.pdf\" target=\"_blank\">Ver ayuda aqu\u00ed\u00a0<\/a><\/span><\/li>\n<\/ul>\n<ul>\n<li><span style=\"color: #000000;\">Tambi\u00e9n en la plataforma \u00a0<a style=\"color: #000000;\" title=\"Ayudas al emprendimiento\" href=\"http:\/\/www.e-empresarias.net\/\">e-empresarias.net<\/a>, se pone a\u00a0tu disposici\u00f3n un servicio de informaci\u00f3n y asesoramiento on-line que responde a tus consultas de forma personalizada, te mantiene informada, permite realizar un autodiagn\u00f3stico para evaluar la viabilidad de tu proyecto empresarial y puedes adem\u00e1s participar en un foro de cooperaci\u00f3n de intercambio de experiencias con otras mujeres. <a style=\"color: #000000;\" title=\"Ayudas al emprendimiento\" href=\"http:\/www.e-empresarias.net\/\" target=\"_blank\">Ver ayuda aqu\u00ed<\/a><\/span><\/li>\n<\/ul>\n<p><span style=\"color: #000000;\">\u00a0<\/span><\/p>\n<ul>\n<li><span style=\"color: #000000;\"><a style=\"color: #000000;\" href=\"http:\/\/www.aprendeafinanciarte.com\/\"><strong>Aprende a financiarte<\/strong><\/a> ofrece tambi\u00e9n noticias de actualidad, formaci\u00f3n espec\u00edfica, servicios de gesti\u00f3n fiscal y toda una seria de herramientas de gesti\u00f3n: simuladores y calculadoras que ayudar\u00e1n a los usuarios a mejorar la gesti\u00f3n d\u00eda a d\u00eda de sus negocios.\u00a0<a style=\"color: #000000;\" title=\"Ayudas al emprendimiento\" href=\"http:\/www.aprendeafinanciarte.com\" target=\"_blank\">Ver ayuda aqu\u00ed<\/a><\/span><\/li>\n<\/ul>\n<p><span style=\"color: #000000;\">\u00a0<\/span><\/p>\n<ul>\n<li><span style=\"color: #000000;\"><a style=\"color: #000000; text-decoration: underline;\" href=\"http:\/\/www.ipyme.org\/es-ES\/Paginas\/Home.aspx\" target=\"_blank\"><strong>Financiaci\u00f3n PyME del Estado<\/strong><\/a>.\u00a0La Direcci\u00f3n General de Industria de la PYME del Estado ha desarrollado diversas l\u00edneas de financiaci\u00f3n y programas de ayudas, que puedes encontrar en los apartados \u201cFinanciaci\u00f3n Pyme\u201d y \u201cProgramas, subvenciones y ayudas. <a style=\"color: #000000;\" title=\"Ayudas al emprendimiento\" href=\"http:\/\/www.ipyme.org\/es-ES\/Paginas\/Home.aspx\" target=\"_blank\">Ver ayuda aqu\u00ed<\/a><\/span><\/li>\n<\/ul>\n<p><span style=\"color: #000000;\">\u00a0<\/span><\/p>\n<ul>\n<li><span style=\"color: #000000;\"><a style=\"color: #000000;\" href=\"http:\/\/www.ico.es\/web\/ico\/empresas-y-emprendedores\" target=\"_blank\"><strong>L\u00ednea ICO<\/strong>.<\/a>\u00a0El ICO tiene diferentes l\u00edneas de financiaci\u00f3n que puedes consultar en Ayudas y subvenciones para empresas l\u00ednea ICO 2011: creaci\u00f3n, innovaci\u00f3n, expansi\u00f3n&#8230;<a style=\"color: #000000;\" title=\"Ayudas al emprendimiento\" href=\"http:\/\/www.ico.es\/web\/ico\/empresas-y-emprendedores\" target=\"_blank\">Ver ayuda aqu\u00ed<\/a><\/span><\/li>\n<\/ul>\n<div id=\"region-contenido-dos-contenedor-quinta\" class=\"grid-8 region region-contenido-dos-contenedor-quinta\"><span style=\"color: #000000;\">\u00a0<\/span><\/div>\n<div id=\"region-contenido-dos-contenedor-tercera\" class=\"grid-3 suffix-1 region region-contenido-dos-contenedor-tercera\"><span style=\"color: #000000;\">\u00a0<\/span><\/div>\n<ul>\n<li><span style=\"color: #000000;\">\u00a0<span style=\"font-size: 14pt; color: #ffffff; background-color: #000000;\"><strong>Por Comunidades Aut\u00f3nomas:<\/strong><\/span><\/span><\/li>\n<\/ul>\n<table style=\"height: 1740px;\" width=\"841\">\n<tbody>\n<tr>\n<td><strong><span style=\"color: #000000;\">Galicia<\/span><\/strong><\/td>\n<td><span style=\"color: #000000;\">&#8211; Galicia Emprende. Ayudas para nuevos emprendedores en la regi\u00f3n.\u00a0<a style=\"color: #000000;\" title=\"Ayudas al emprendimiento\" href=\"http:\/\/www.igape.es\/es\/base-xeral-de-axudas\/ficha\/IGAP273\" target=\"_blank\">Ver ayuda aqu\u00ed<\/a><\/span><\/td>\n<\/tr>\n<tr>\n<td><strong><span style=\"color: #000000;\">Castilla la Mancha<\/span><\/strong><\/td>\n<td><span style=\"color: #000000;\">&#8211; Inver CLM Impulsate. Apoyo a emprendedores de la regi\u00f3n. <a style=\"color: #000000;\" title=\"Ayudas al emprendimiento\" href=\"http:\/\/www.ajecr.es\/images\/pdf\/folletoinver.pdf\" target=\"_blank\">Ver ayuda aqu\u00ed<\/a><\/span>&nbsp;<\/p>\n<p><span style=\"color: #000000;\"><span title=\"section-title\">&#8211;<\/span><\/span><span style=\"color: #000000;\"><span title=\"section-title\">Seguridad y Salud Laboral.\u00a0<\/span>Tienes acceso a contenidos relacionados con\u00a0la Seguridad y Salud Laboral en la Consejer\u00eda de Empleo y Econom\u00eda de la Junta: incentivos y l\u00edneas de ayudas, registro de empresas acreditadas, aviso previo, comunicaci\u00f3n de apertura, informaci\u00f3n y estudios, etc. <a style=\"color: #000000;\" title=\"Ayudas al emprendimiento\" href=\"http:\/\/www.castillalamancha.es\/gobierno\/empleoyeconomia\/estructura\/dgessl\/actuaciones\/contenidos-de-seguridad-y-salud-laboral\" target=\"_blank\">Ver ayuda aqu\u00ed\u00a0<\/a><\/span><\/p>\n<p>&nbsp;<\/p>\n<p>-Nuevo portal para emprendedores. <a href=\"http:\/\/www.mujerruralemprendedora.com\/es\/wp-content\/uploads\/sites\/3\/2015\/06\/Nota-de-prensa-Web-Emprendedores.pdf\">Ver aqui<\/a><\/td>\n<\/tr>\n<tr>\n<td><strong><span style=\"color: #000000;\">Castilla y Le\u00f3n<\/span><\/strong><\/td>\n<td><span style=\"color: #000000;\">&#8211; Microcr\u00e9ditos ADE Emprendedores y Pr\u00e9stamos ADE Rural. <a style=\"color: #000000;\" title=\"Ayudas al emprendimiento\" href=\"http:\/\/www.empresas.jcyl.es\/web\/jcyl?cid=1284318748269&amp;idioma=es&amp;pagename=Portal_ADE%2FPage%2FPlantilla100\" target=\"_blank\">Ver ayuda aqu\u00ed<\/a><\/span><\/p>\n<p><span style=\"color: #000000;\">&#8211; Subvenciones dirigidas a promover la afiliaci\u00f3n de las mujeres del\u00a0<strong>medio<\/strong>\u00a0<strong>rural<\/strong>\u00a0en el R\u00e9gimen Especial de Trabajadores por Cuenta Propia o Aut\u00f3nomos, a trav\u00e9s del Sistema Especial para Trabajadores por Cuenta Propia Agrarios. <a style=\"color: #000000;\" title=\"Ayudas al emprendimiento\" href=\"http:\/\/bocyl.jcyl.es\/html\/2015\/01\/15\/html\/BOCYL-D-15012015-4.do\" target=\"_blank\">Ver ayuda aqui<\/a><\/span><\/p>\n<p><span style=\"color: #000000;\">&#8211; <a style=\"color: #000000;\" title=\"Ayudas al emprendimiento\" href=\"http:\/\/www.empresas.jcyl.es\/web\/jcyl\/Empresas\/es\/Plantilla100\/1284248590033\/_\/_\/_\" target=\"_blank\">Empresas de \u00a0Econom\u00eda Social y Aut\u00f3nomos.<\/a>\u00a0El objetivo final es aprovechar la capacidad generadora de puestos de trabajo de la Econom\u00eda Social, de forma especial para aquellos colectivos de trabajadores que presentan mayores dificultades de inserci\u00f3n en el mercado de trabajo, tanto por sus caracter\u00edsticas personales como por raz\u00f3n de la zona geogr\u00e1fica en la que habitan. <a style=\"color: #000000;\" title=\"Ayudas al emprendimiento\" href=\"http:\/\/www.empresas.jcyl.es\/web\/jcyl\/Empresas\/es\/Plantilla100\/1284248590033\/_\/_\/_\" target=\"_blank\">Ver ayuda aqu\u00ed<\/a><\/span><\/p>\n<p><span style=\"color: #000000;\">&#8211; Subvenciones cofinanciadas por el Fondo Social Europeo a trav\u00e9s del Programa Operativo de Empleo Juvenil para financiar el Programa Mixto de Formaci\u00f3n y Empleo para el ejercicio 2015. <a style=\"color: #000000;\" href=\"https:\/\/www.tramitacastillayleon.jcyl.es\/web\/jcyl\/AdministracionElectronica\/es\/Plantilla100DetalleFeed\/1251181050732\/Ayuda012\/1284391442410\/Propuesta\" target=\"_blank\">Ver ayuda aqu\u00ed<\/a><\/span><\/p>\n<p><span style=\"color: #000000;\"><a style=\"color: #000000;\" href=\"https:\/\/www.tramitacastillayleon.jcyl.es\/web\/jcyl\/AdministracionElectronica\/es\/Plantilla100DetalleFeed\/1251181050732\/Ayuda012\/1284391442410\/Propuesta\" target=\"_blank\">\u00a0<\/a><\/span><span style=\"color: #000000;\">&#8211; Diputaci\u00f3n provincial de Palencia. Ayudas a microempresas, peque\u00f1as empresas y empresarios aut\u00f3nomos de la provincia de Palencia. <a style=\"color: #000000;\" title=\"Ayudas al emprendimiento\" href=\"http:\/\/www.dip-palencia.es\/diputacion\/contenido?id=06881d38-a539-11e4-a275-fb9baaa14523&amp;idSeccion=SERV6SUB\" target=\"_blank\">Ver ayuda aqu\u00ed\u00a0<\/a><\/span><\/td>\n<\/tr>\n<tr>\n<td><span style=\"color: #000000;\">\u00a0<strong>Arag\u00f3n<\/strong><\/span><\/td>\n<td><span style=\"color: #000000;\">-Programa de atenci\u00f3n al emprendedor en su domicilio.(PAED) Se trasladan hasta el municipio para realizar todo tipo de asesoramiento. <a style=\"color: #000000;\" title=\"Ayudas al emprendimiento\" href=\"http:\/\/www.camarahuesca.com\/paed\/\" target=\"_blank\">Ver ayuda aqu\u00ed<\/a><\/span><span style=\"color: #000000;\"><a style=\"color: #000000;\" title=\"Ayudas al emprendimiento\" href=\"http:\/\/www.camarahuesca.com\/paed\/\" target=\"_blank\">\u00a0<\/a><\/span><span style=\"color: #000000;\">-Programa emprendedores INAEM y gobierno de Arag\u00f3n.<a style=\"color: #000000;\" title=\"Ayudas al emprendimiento\" href=\"http:\/\/www.aragon.es\/DepartamentosOrganismosPublicos\/Organismos\/InstitutoAragonesEmpleo\/AreasTematicas\/Emprendedores\/ci.Emprendedores-aut%C3%B3nomos.detalleDepartamento\" target=\"_blank\">Ver ayuda aqu\u00ed\u00a0<\/a><\/span><span style=\"color: #000000;\">-Ayudas a empresas del grupo leader de cada Comarca. <a style=\"color: #000000;\" title=\"Ayudas al emprendimiento\" href=\"http:\/\/aragonrural.org\/\" target=\"_blank\">Ver ayuda aqu\u00ed<\/a><\/span><\/td>\n<\/tr>\n<tr>\n<td><strong><span style=\"color: #000000;\">Andalucia<\/span><\/strong><\/td>\n<td><span style=\"color: #000000;\">-La Junta de Andaluc\u00eda actualmente tiene abiertas varias convocatorias desde la consejer\u00eda de Econom\u00eda, Innovaci\u00f3n, Ciencia y Empleo, de incentivos para pymes para la creaci\u00f3n de empleo y desarrollo industrial. Estas ayudas est\u00e1n dirigidas a apoyar la creaci\u00f3n de empresas que generen empleo y que realicen una inversi\u00f3n inicial en la comunidad. El tipo de subvenci\u00f3n es a fondo perdido, con anticipos reembolsables y pr\u00e9stamos, siendo de 30.000 euros su cuant\u00eda m\u00e1xima.<\/span><\/td>\n<\/tr>\n<tr>\n<td><strong><span style=\"color: #000000;\">Cantabria<\/span><\/strong><\/td>\n<td><span style=\"color: #000000;\">-Subvenciones destinadas a fomentar la creaci\u00f3n de empleo aut\u00f3nomo. <a style=\"color: #000000;\" title=\"Ayudas al emprendimiento\" href=\"http:\/\/www.cantabriaemprende.es\/emprendedores\/ayudas\/82-subvenciones-destinadas-a-fomentar-la-creacion-de-empleo-autonomo\" target=\"_blank\">Ver ayuda aqu\u00ed<\/a><\/span><\/td>\n<\/tr>\n<tr>\n<td><strong><span style=\"color: #000000;\">Extremadura<\/span><\/strong><\/td>\n<td><span style=\"color: #000000;\">-Ayudas para el fomento del autoempleo: establecimiento como aut\u00f3nomo e inserci\u00f3n de familiar colaborador. <a style=\"color: #000000;\" title=\"Ayudas al emprendimiento\" href=\"http:\/\/extremaduratrabaja.gobex.es\/empresas\/ayudas\/tipos-de-ayudas\/autoempleo\/ayuda-fomento-autoempleo\" target=\"_blank\">Ver ayuda aqu\u00ed\u00a0<\/a><\/span><\/td>\n<\/tr>\n<tr>\n<td><strong><span style=\"color: #000000;\">Islas Canarias<\/span><\/strong><\/td>\n<td><span style=\"color: #000000;\">&#8211; Impulso a la emprendedur\u00eda en la localidad La Matanza de Acentejo. Desde finales de febrero de este 2015 el\u00a0Ayuntamiento est\u00e1 ofertando a las personas emprendedoras del municipio\u00a0que quieran poner en marcha su propia empresa, la posibilidad de acogerse a una l\u00ednea de subvenciones econ\u00f3micas de entre 1.200 y 1.500 euros, que podr\u00e1n emplear en costes de alquiler o en los propios de la cuota de aut\u00f3nomos. <a style=\"color: #000000;\" title=\"Ayudas en las Islas Canarias\" href=\"http:\/\/www.matanceros.com\/\" target=\"_blank\">Ver ayuda aqui<\/a><\/span><\/td>\n<\/tr>\n<tr>\n<td><strong><span style=\"color: #000000;\">Madrid<\/span><\/strong><\/td>\n<td><span style=\"color: #000000;\">&#8211;\u00a0Subvenciones a microempresas para la dinamizaci\u00f3n empresarial y comercial del Distrito Centro (Proyecto URBAN). <a style=\"color: #000000;\" title=\"Ayudas al emprendimiento\" href=\"http:\/\/www.promocion.camaramadrid.es\/Principal.aspx?idemenu=5&amp;idsubmenu=11&amp;idapartado=1&amp;idsubapartado=205\" target=\"_blank\">Ver ayuda aqu\u00ed\u00a0<\/a><\/span><\/td>\n<\/tr>\n<tr>\n<td><strong><span style=\"color: #000000;\">Murcia<\/span><\/strong><\/td>\n<td>\n<div class=\"contenedorElementoContenido\"><span style=\"color: #000000;\">&#8211; Subvenciones para el fomento del empleo aut\u00f3nomo. <a style=\"color: #000000;\" title=\"Ayudas al emprendimiento\" href=\"http:\/\/www.sefcarm.es\/web\/pagina?IDCONTENIDO=41089&amp;IDTIPO=100&amp;RASTRO=c$m29982,40948\" target=\"_blank\">Ver ayuda aqu\u00ed<\/a><\/span><\/div>\n<div class=\"contenedorElementoContenido\"><span style=\"color: #000000;\">&#8211; Programa de microayudas para aut\u00f3nomos. <a style=\"color: #000000;\" title=\"ayudas al emprendimiento\" href=\"http:\/\/murciaeconomia.com\/not\/33010\/ayudas-de-hasta-6-000-euros-para-autonomos\/\">Ver ayuda aqu\u00ed<\/a><\/span><\/div>\n<\/td>\n<\/tr>\n<tr>\n<td><strong><span style=\"color: #000000;\">Pais Vasco<\/span><\/strong><\/td>\n<td>\n<div class=\"contenedorElementoContenido\"><span style=\"color: #000000;\">-Subvenciones para incentivar la creaci\u00f3n de nuevas empresas y sucesi\u00f3n. <a style=\"color: #000000;\" title=\"Ayudas al emprendimiento\" href=\"http:\/\/www.euskadi.eus\/r33-2288\/es\/contenidos\/ayuda_subvencion\/ayto_errenteria_ekitera_2015\/es_ayto_e\/es_arch.html\" target=\"_blank\">Ver ayuda aqu\u00ed<\/a><\/span><\/div>\n<\/td>\n<\/tr>\n<\/tbody>\n<\/table>\n<p style=\"padding-left: 90px;\">\n","protected":false},"excerpt":{"rendered":"<p>SUBVENCIONES PARA FORMAR TU NEGOCIO COMO EMPRENDEDOR Iniciar la senda\u00a0hacia el emprendimiento puede resultar en ocasiones\u00a0algo complicado por eso nosotros queremos allanar ese camino. Para eso\u00a0ponemos a vuestra disposici\u00f3n toda la informaci\u00f3n sobre las ayudas estatales, auton\u00f3micas y locales disponibles para ser emprendedora. \u00a0 \u00a0A nivel estatal contamos con el\u00a0PROGRAMA[&#8230;]<\/p>\n","protected":false},"author":1,"featured_media":0,"parent":0,"menu_order":0,"comment_status":"closed","ping_status":"open","template":"template-fullwidth.php","meta":{"footnotes":""},"class_list":["post-166","page","type-page","status-publish","hentry"],"yoast_head":"<!-- This site is optimized with the Yoast SEO plugin v27.5 - https:\/\/yoast.com\/product\/yoast-seo-wordpress\/ -->\n<title>Ayudas al emprendimiento - Mujer Rural Emprendedora<\/title>\n<meta name=\"description\" content=\"Iniciar la senda hacia el emprendimiento puede resultar en ocasiones algo complicado por eso nosotros queremos allanar ese camino.\" \/>\n<meta name=\"robots\" content=\"index, follow, max-snippet:-1, max-image-preview:large, max-video-preview:-1\" \/>\n<link rel=\"canonical\" href=\"http:\/\/www.mujerruralemprendedora.com\/es\/ayudas-al-emprendimiento\/\" \/>\n<meta property=\"og:locale\" content=\"es_ES\" \/>\n<meta property=\"og:type\" content=\"article\" \/>\n<meta property=\"og:title\" content=\"Ayudas al emprendimiento - Mujer Rural Emprendedora\" \/>\n<meta property=\"og:description\" content=\"Iniciar la senda hacia el emprendimiento puede resultar en ocasiones algo complicado por eso nosotros queremos allanar ese camino.\" \/>\n<meta property=\"og:url\" content=\"http:\/\/www.mujerruralemprendedora.com\/es\/ayudas-al-emprendimiento\/\" \/>\n<meta property=\"og:site_name\" content=\"Mujer Rural Emprendedora\" \/>\n<meta property=\"article:publisher\" content=\"http:\/\/www.facebook.com\/mujerruralemprendedora\" \/>\n<meta property=\"article:modified_time\" content=\"2015-06-09T10:36:28+00:00\" \/>\n<meta name=\"twitter:label1\" content=\"Tiempo de lectura\" \/>\n\t<meta name=\"twitter:data1\" content=\"5 minutos\" \/>\n<script type=\"application\/ld+json\" class=\"yoast-schema-graph\">{\"@context\":\"https:\\\/\\\/schema.org\",\"@graph\":[{\"@type\":\"WebPage\",\"@id\":\"http:\\\/\\\/www.mujerruralemprendedora.com\\\/es\\\/ayudas-al-emprendimiento\\\/\",\"url\":\"http:\\\/\\\/www.mujerruralemprendedora.com\\\/es\\\/ayudas-al-emprendimiento\\\/\",\"name\":\"Ayudas al emprendimiento - Mujer Rural Emprendedora\",\"isPartOf\":{\"@id\":\"http:\\\/\\\/www.mujerruralemprendedora.com\\\/es\\\/#website\"},\"datePublished\":\"2015-02-02T08:55:40+00:00\",\"dateModified\":\"2015-06-09T10:36:28+00:00\",\"description\":\"Iniciar la senda hacia el emprendimiento puede resultar en ocasiones algo complicado por eso nosotros queremos allanar ese camino.\",\"breadcrumb\":{\"@id\":\"http:\\\/\\\/www.mujerruralemprendedora.com\\\/es\\\/ayudas-al-emprendimiento\\\/#breadcrumb\"},\"inLanguage\":\"es\",\"potentialAction\":[{\"@type\":\"ReadAction\",\"target\":[\"http:\\\/\\\/www.mujerruralemprendedora.com\\\/es\\\/ayudas-al-emprendimiento\\\/\"]}]},{\"@type\":\"BreadcrumbList\",\"@id\":\"http:\\\/\\\/www.mujerruralemprendedora.com\\\/es\\\/ayudas-al-emprendimiento\\\/#breadcrumb\",\"itemListElement\":[{\"@type\":\"ListItem\",\"position\":1,\"name\":\"Portada\",\"item\":\"http:\\\/\\\/www.mujerruralemprendedora.com\\\/es\\\/\"},{\"@type\":\"ListItem\",\"position\":2,\"name\":\"Ayudas al emprendimiento\"}]},{\"@type\":\"WebSite\",\"@id\":\"http:\\\/\\\/www.mujerruralemprendedora.com\\\/es\\\/#website\",\"url\":\"http:\\\/\\\/www.mujerruralemprendedora.com\\\/es\\\/\",\"name\":\"Mujer Rural Emprendedora\",\"description\":\"Otro sitio m\u00e1s de Sitios de Mujer Rural Emprendedora\",\"potentialAction\":[{\"@type\":\"SearchAction\",\"target\":{\"@type\":\"EntryPoint\",\"urlTemplate\":\"http:\\\/\\\/www.mujerruralemprendedora.com\\\/es\\\/?s={search_term_string}\"},\"query-input\":{\"@type\":\"PropertyValueSpecification\",\"valueRequired\":true,\"valueName\":\"search_term_string\"}}],\"inLanguage\":\"es\"}]}<\/script>\n<!-- \/ Yoast SEO plugin. -->","yoast_head_json":{"title":"Ayudas al emprendimiento - Mujer Rural Emprendedora","description":"Iniciar la senda hacia el emprendimiento puede resultar en ocasiones algo complicado por eso nosotros queremos allanar ese camino.","robots":{"index":"index","follow":"follow","max-snippet":"max-snippet:-1","max-image-preview":"max-image-preview:large","max-video-preview":"max-video-preview:-1"},"canonical":"http:\/\/www.mujerruralemprendedora.com\/es\/ayudas-al-emprendimiento\/","og_locale":"es_ES","og_type":"article","og_title":"Ayudas al emprendimiento - Mujer Rural Emprendedora","og_description":"Iniciar la senda hacia el emprendimiento puede resultar en ocasiones algo complicado por eso nosotros queremos allanar ese camino.","og_url":"http:\/\/www.mujerruralemprendedora.com\/es\/ayudas-al-emprendimiento\/","og_site_name":"Mujer Rural Emprendedora","article_publisher":"http:\/\/www.facebook.com\/mujerruralemprendedora","article_modified_time":"2015-06-09T10:36:28+00:00","twitter_misc":{"Tiempo de lectura":"5 minutos"},"schema":{"@context":"https:\/\/schema.org","@graph":[{"@type":"WebPage","@id":"http:\/\/www.mujerruralemprendedora.com\/es\/ayudas-al-emprendimiento\/","url":"http:\/\/www.mujerruralemprendedora.com\/es\/ayudas-al-emprendimiento\/","name":"Ayudas al emprendimiento - Mujer Rural Emprendedora","isPartOf":{"@id":"http:\/\/www.mujerruralemprendedora.com\/es\/#website"},"datePublished":"2015-02-02T08:55:40+00:00","dateModified":"2015-06-09T10:36:28+00:00","description":"Iniciar la senda hacia el emprendimiento puede resultar en ocasiones algo complicado por eso nosotros queremos allanar ese camino.","breadcrumb":{"@id":"http:\/\/www.mujerruralemprendedora.com\/es\/ayudas-al-emprendimiento\/#breadcrumb"},"inLanguage":"es","potentialAction":[{"@type":"ReadAction","target":["http:\/\/www.mujerruralemprendedora.com\/es\/ayudas-al-emprendimiento\/"]}]},{"@type":"BreadcrumbList","@id":"http:\/\/www.mujerruralemprendedora.com\/es\/ayudas-al-emprendimiento\/#breadcrumb","itemListElement":[{"@type":"ListItem","position":1,"name":"Portada","item":"http:\/\/www.mujerruralemprendedora.com\/es\/"},{"@type":"ListItem","position":2,"name":"Ayudas al emprendimiento"}]},{"@type":"WebSite","@id":"http:\/\/www.mujerruralemprendedora.com\/es\/#website","url":"http:\/\/www.mujerruralemprendedora.com\/es\/","name":"Mujer Rural Emprendedora","description":"Otro sitio m\u00e1s de Sitios de Mujer Rural Emprendedora","potentialAction":[{"@type":"SearchAction","target":{"@type":"EntryPoint","urlTemplate":"http:\/\/www.mujerruralemprendedora.com\/es\/?s={search_term_string}"},"query-input":{"@type":"PropertyValueSpecification","valueRequired":true,"valueName":"search_term_string"}}],"inLanguage":"es"}]}},"_links":{"self":[{"href":"http:\/\/www.mujerruralemprendedora.com\/es\/wp-json\/wp\/v2\/pages\/166","targetHints":{"allow":["GET"]}}],"collection":[{"href":"http:\/\/www.mujerruralemprendedora.com\/es\/wp-json\/wp\/v2\/pages"}],"about":[{"href":"http:\/\/www.mujerruralemprendedora.com\/es\/wp-json\/wp\/v2\/types\/page"}],"author":[{"embeddable":true,"href":"http:\/\/www.mujerruralemprendedora.com\/es\/wp-json\/wp\/v2\/users\/1"}],"replies":[{"embeddable":true,"href":"http:\/\/www.mujerruralemprendedora.com\/es\/wp-json\/wp\/v2\/comments?post=166"}],"version-history":[{"count":63,"href":"http:\/\/www.mujerruralemprendedora.com\/es\/wp-json\/wp\/v2\/pages\/166\/revisions"}],"predecessor-version":[{"id":1524,"href":"http:\/\/www.mujerruralemprendedora.com\/es\/wp-json\/wp\/v2\/pages\/166\/revisions\/1524"}],"wp:attachment":[{"href":"http:\/\/www.mujerruralemprendedora.com\/es\/wp-json\/wp\/v2\/media?parent=166"}],"curies":[{"name":"wp","href":"https:\/\/api.w.org\/{rel}","templated":true}]}}