{"id":168,"date":"2015-02-02T08:56:04","date_gmt":"2015-02-02T08:56:04","guid":{"rendered":"http:\/\/www.mujerruralemprendedora.com\/es\/?page_id=168"},"modified":"2015-06-09T11:21:38","modified_gmt":"2015-06-09T11:21:38","slug":"ofertas-de-empleo-emprendimiento","status":"publish","type":"page","link":"http:\/\/www.mujerruralemprendedora.com\/es\/ofertas-de-empleo-emprendimiento\/","title":{"rendered":"Ofertas de empleo emprendimiento"},"content":{"rendered":"<h2><span style=\"font-size: 18pt;\"><strong><span style=\"background-color: #ffcc00;\">\u00bf Buscas trabajo como emprendedora?<\/span><\/strong><\/span><\/h2>\n<h2><strong> Aqu\u00ed te ofrecemos un listado actualizado diariamente con las mejores ofertas de empleo adaptadas a tus necesidades<\/strong><\/h2>\n<p>&nbsp;<\/p>\n<ul>\n<li><strong><span style=\"color: #ffffff; background-color: #0000ff;\">08\/06\/2015<\/span><\/strong>\u00a0 <strong>Puertollano ( Ciudad Real). <\/strong>Venta de cosm\u00e9tica y nutrici\u00f3n.En \u00e9sta empresa nos dedicamos a la venta directa de productos cosm\u00e9ticos naturales y productos de Nutrici\u00f3n. . &#8211; Recibir\u00e1s formaci\u00f3n y asesoramiento continuado. &#8211; No hay inversi\u00f3n inicial. &#8211; Obtendr\u00e1s un 23- 30 o 40% de comisi\u00f3n sobre tus ventas. <a href=\"http:\/\/www.laboris.net\/oferta-de-trabajo-venta-cosmetica-y-nutricion-en-ciudad-real_4C941ED1C654F158.htm\" target=\"_blank\">Ver oferta<\/a><\/li>\n<li><strong><span style=\"color: #ffffff; background-color: #0000ff;\">25\/05\/2015<\/span>\u00a0C\u00e1diz. <\/strong>Se precisa comerciales a comisi\u00f3n, para venta y distribuci\u00f3n, de productos naturales y org\u00e1nicos, en nutrici\u00f3n, belleza y salud. Se ofrece{altos beneficios, entre un 40% u un 60%, formaci\u00f3n a cargo de la empresa, posibilidad de promoci\u00f3n,&#8230; <a href=\"http:\/\/www.laboris.net\/oferta-de-trabajo-comerciales-y-ventas-en-badajoz_01745102DB5121E3.htm\" target=\"_blank\">Ver oferta<\/a><\/li>\n<li><strong><span style=\"color: #ffffff; background-color: #0000ff;\">04\/03\/2015<\/span><\/strong> \u00a0<span style=\"color: #0000ff;\"><strong>Toda Espa\u00f1a<\/strong><\/span>. Se busca a una persona para gestionar los servicios de ayuda a domicilio a nivel nacional. <a title=\"Oferta empleo gerente ayuda a domicilio\" href=\"http:\/\/sacyr.epreselec.com\/candidato\/ofertas\/oferta\/oferta.asp?Id_Oferta=19515\" target=\"_blank\">Ver oferta<\/a><\/li>\n<li><span style=\"color: #ffffff;\"><strong><span style=\"background-color: #0000ff;\">18\/02\/2015<\/span> <\/strong><\/span>\u00a0<span style=\"color: #0000ff;\"><strong>Valencia.<\/strong><\/span> Empresa a nivel nacional busca personas emprendedoras que quieran iniciar una carrera profesional trabajando de Asesor Comercial. <a title=\"Ver oferta empleo emprendimiento\" href=\"http:\/\/www.insertia.net\/empleo\/oferta-de-empleo_jovenes-asesoresas-en-valencia_ref_i-1698770.html?utm_source=Indeed&amp;utm_medium=cpc&amp;utm_campaign=Indeed\" target=\"_blank\">Ver oferta<\/a><\/li>\n<li><span style=\"color: #ffffff;\"><strong><span style=\"background-color: #0000ff;\">24\/01\/2015<\/span><\/strong><\/span>\u00a0<span style=\"color: #0000ff;\"><strong>Cantabria y Murcia<\/strong>.<\/span> Fabricante de ambientadores busca comerciales emprendedores.\u00a0<a title=\"Ver oferta empleo emprendimiento\" href=\"http:\/\/es.trabajar.com\/empleo\/murcia\/fabricante-ambientadores-busca-2714481\" target=\"_blank\">Ver oferta<\/a><\/li>\n<\/ul>\n<p>Tambi\u00e9n puede interesar <a title=\"Ver oferta empleo ayuda a domicilio\" href=\"http:\/\/www.mujerruralemprendedora.com\/es\/ofertas-de-empleo-ayuda-a-domicilio\/\" target=\"_blank\">OFERTAS EMPLEO AYUDA A DOMICILIO<\/a> y <a title=\"curso emprendimiento\" href=\"http:\/\/www.mujerruralemprendedora.com\/es\/informacion-y-formacion-emprendimiento\/formacion\/\" target=\"_blank\">CURSOS SOBRE EMPRENDIMIENTO<\/a><\/p>\n","protected":false},"excerpt":{"rendered":"<p>\u00bf Buscas trabajo como emprendedora? Aqu\u00ed te ofrecemos un listado actualizado diariamente con las mejores ofertas de empleo adaptadas a tus necesidades &nbsp; 08\/06\/2015\u00a0 Puertollano ( Ciudad Real). Venta de cosm\u00e9tica y nutrici\u00f3n.En \u00e9sta empresa nos dedicamos a la venta directa de productos cosm\u00e9ticos naturales y productos de Nutrici\u00f3n. .[&#8230;]<\/p>\n","protected":false},"author":1,"featured_media":0,"parent":0,"menu_order":0,"comment_status":"closed","ping_status":"open","template":"template-fullwidth.php","meta":{"footnotes":""},"class_list":["post-168","page","type-page","status-publish","hentry"],"yoast_head":"<!-- This site is optimized with the Yoast SEO plugin v27.4 - https:\/\/yoast.com\/product\/yoast-seo-wordpress\/ -->\n<title>Empleo en emprendimiento- Mujer Rural Emprendedora<\/title>\n<meta name=\"description\" content=\"\u00bf Buscas trabajo como emprendedora? Aqu\u00ed te ofrecemos un listado actualizado diariamente con las mejores ofertas de empleo adaptadas a tus necesidades\" \/>\n<meta name=\"robots\" content=\"index, follow, max-snippet:-1, max-image-preview:large, max-video-preview:-1\" \/>\n<link rel=\"canonical\" href=\"http:\/\/www.mujerruralemprendedora.com\/es\/ofertas-de-empleo-emprendimiento\/\" \/>\n<meta property=\"og:locale\" content=\"es_ES\" \/>\n<meta property=\"og:type\" content=\"article\" \/>\n<meta property=\"og:title\" content=\"Empleo en emprendimiento- Mujer Rural Emprendedora\" \/>\n<meta property=\"og:description\" content=\"\u00bf Buscas trabajo como emprendedora? Aqu\u00ed te ofrecemos un listado actualizado diariamente con las mejores ofertas de empleo adaptadas a tus necesidades\" \/>\n<meta property=\"og:url\" content=\"http:\/\/www.mujerruralemprendedora.com\/es\/ofertas-de-empleo-emprendimiento\/\" \/>\n<meta property=\"og:site_name\" content=\"Mujer Rural Emprendedora\" \/>\n<meta property=\"article:publisher\" content=\"http:\/\/www.facebook.com\/mujerruralemprendedora\" \/>\n<meta property=\"article:modified_time\" content=\"2015-06-09T11:21:38+00:00\" \/>\n<meta name=\"twitter:label1\" content=\"Tiempo de lectura\" \/>\n\t<meta name=\"twitter:data1\" content=\"1 minuto\" \/>\n<script type=\"application\/ld+json\" class=\"yoast-schema-graph\">{\"@context\":\"https:\\\/\\\/schema.org\",\"@graph\":[{\"@type\":\"WebPage\",\"@id\":\"http:\\\/\\\/www.mujerruralemprendedora.com\\\/es\\\/ofertas-de-empleo-emprendimiento\\\/\",\"url\":\"http:\\\/\\\/www.mujerruralemprendedora.com\\\/es\\\/ofertas-de-empleo-emprendimiento\\\/\",\"name\":\"Empleo en emprendimiento- Mujer Rural Emprendedora\",\"isPartOf\":{\"@id\":\"http:\\\/\\\/www.mujerruralemprendedora.com\\\/es\\\/#website\"},\"datePublished\":\"2015-02-02T08:56:04+00:00\",\"dateModified\":\"2015-06-09T11:21:38+00:00\",\"description\":\"\u00bf Buscas trabajo como emprendedora? Aqu\u00ed te ofrecemos un listado actualizado diariamente con las mejores ofertas de empleo adaptadas a tus necesidades\",\"breadcrumb\":{\"@id\":\"http:\\\/\\\/www.mujerruralemprendedora.com\\\/es\\\/ofertas-de-empleo-emprendimiento\\\/#breadcrumb\"},\"inLanguage\":\"es\",\"potentialAction\":[{\"@type\":\"ReadAction\",\"target\":[\"http:\\\/\\\/www.mujerruralemprendedora.com\\\/es\\\/ofertas-de-empleo-emprendimiento\\\/\"]}]},{\"@type\":\"BreadcrumbList\",\"@id\":\"http:\\\/\\\/www.mujerruralemprendedora.com\\\/es\\\/ofertas-de-empleo-emprendimiento\\\/#breadcrumb\",\"itemListElement\":[{\"@type\":\"ListItem\",\"position\":1,\"name\":\"Portada\",\"item\":\"http:\\\/\\\/www.mujerruralemprendedora.com\\\/es\\\/\"},{\"@type\":\"ListItem\",\"position\":2,\"name\":\"Ofertas de empleo emprendimiento\"}]},{\"@type\":\"WebSite\",\"@id\":\"http:\\\/\\\/www.mujerruralemprendedora.com\\\/es\\\/#website\",\"url\":\"http:\\\/\\\/www.mujerruralemprendedora.com\\\/es\\\/\",\"name\":\"Mujer Rural Emprendedora\",\"description\":\"Otro sitio m\u00e1s de Sitios de Mujer Rural Emprendedora\",\"potentialAction\":[{\"@type\":\"SearchAction\",\"target\":{\"@type\":\"EntryPoint\",\"urlTemplate\":\"http:\\\/\\\/www.mujerruralemprendedora.com\\\/es\\\/?s={search_term_string}\"},\"query-input\":{\"@type\":\"PropertyValueSpecification\",\"valueRequired\":true,\"valueName\":\"search_term_string\"}}],\"inLanguage\":\"es\"}]}<\/script>\n<!-- \/ Yoast SEO plugin. -->","yoast_head_json":{"title":"Empleo en emprendimiento- Mujer Rural Emprendedora","description":"\u00bf Buscas trabajo como emprendedora? Aqu\u00ed te ofrecemos un listado actualizado diariamente con las mejores ofertas de empleo adaptadas a tus necesidades","robots":{"index":"index","follow":"follow","max-snippet":"max-snippet:-1","max-image-preview":"max-image-preview:large","max-video-preview":"max-video-preview:-1"},"canonical":"http:\/\/www.mujerruralemprendedora.com\/es\/ofertas-de-empleo-emprendimiento\/","og_locale":"es_ES","og_type":"article","og_title":"Empleo en emprendimiento- Mujer Rural Emprendedora","og_description":"\u00bf Buscas trabajo como emprendedora? Aqu\u00ed te ofrecemos un listado actualizado diariamente con las mejores ofertas de empleo adaptadas a tus necesidades","og_url":"http:\/\/www.mujerruralemprendedora.com\/es\/ofertas-de-empleo-emprendimiento\/","og_site_name":"Mujer Rural Emprendedora","article_publisher":"http:\/\/www.facebook.com\/mujerruralemprendedora","article_modified_time":"2015-06-09T11:21:38+00:00","twitter_misc":{"Tiempo de lectura":"1 minuto"},"schema":{"@context":"https:\/\/schema.org","@graph":[{"@type":"WebPage","@id":"http:\/\/www.mujerruralemprendedora.com\/es\/ofertas-de-empleo-emprendimiento\/","url":"http:\/\/www.mujerruralemprendedora.com\/es\/ofertas-de-empleo-emprendimiento\/","name":"Empleo en emprendimiento- Mujer Rural Emprendedora","isPartOf":{"@id":"http:\/\/www.mujerruralemprendedora.com\/es\/#website"},"datePublished":"2015-02-02T08:56:04+00:00","dateModified":"2015-06-09T11:21:38+00:00","description":"\u00bf Buscas trabajo como emprendedora? Aqu\u00ed te ofrecemos un listado actualizado diariamente con las mejores ofertas de empleo adaptadas a tus necesidades","breadcrumb":{"@id":"http:\/\/www.mujerruralemprendedora.com\/es\/ofertas-de-empleo-emprendimiento\/#breadcrumb"},"inLanguage":"es","potentialAction":[{"@type":"ReadAction","target":["http:\/\/www.mujerruralemprendedora.com\/es\/ofertas-de-empleo-emprendimiento\/"]}]},{"@type":"BreadcrumbList","@id":"http:\/\/www.mujerruralemprendedora.com\/es\/ofertas-de-empleo-emprendimiento\/#breadcrumb","itemListElement":[{"@type":"ListItem","position":1,"name":"Portada","item":"http:\/\/www.mujerruralemprendedora.com\/es\/"},{"@type":"ListItem","position":2,"name":"Ofertas de empleo emprendimiento"}]},{"@type":"WebSite","@id":"http:\/\/www.mujerruralemprendedora.com\/es\/#website","url":"http:\/\/www.mujerruralemprendedora.com\/es\/","name":"Mujer Rural Emprendedora","description":"Otro sitio m\u00e1s de Sitios de Mujer Rural Emprendedora","potentialAction":[{"@type":"SearchAction","target":{"@type":"EntryPoint","urlTemplate":"http:\/\/www.mujerruralemprendedora.com\/es\/?s={search_term_string}"},"query-input":{"@type":"PropertyValueSpecification","valueRequired":true,"valueName":"search_term_string"}}],"inLanguage":"es"}]}},"_links":{"self":[{"href":"http:\/\/www.mujerruralemprendedora.com\/es\/wp-json\/wp\/v2\/pages\/168","targetHints":{"allow":["GET"]}}],"collection":[{"href":"http:\/\/www.mujerruralemprendedora.com\/es\/wp-json\/wp\/v2\/pages"}],"about":[{"href":"http:\/\/www.mujerruralemprendedora.com\/es\/wp-json\/wp\/v2\/types\/page"}],"author":[{"embeddable":true,"href":"http:\/\/www.mujerruralemprendedora.com\/es\/wp-json\/wp\/v2\/users\/1"}],"replies":[{"embeddable":true,"href":"http:\/\/www.mujerruralemprendedora.com\/es\/wp-json\/wp\/v2\/comments?post=168"}],"version-history":[{"count":28,"href":"http:\/\/www.mujerruralemprendedora.com\/es\/wp-json\/wp\/v2\/pages\/168\/revisions"}],"predecessor-version":[{"id":1534,"href":"http:\/\/www.mujerruralemprendedora.com\/es\/wp-json\/wp\/v2\/pages\/168\/revisions\/1534"}],"wp:attachment":[{"href":"http:\/\/www.mujerruralemprendedora.com\/es\/wp-json\/wp\/v2\/media?parent=168"}],"curies":[{"name":"wp","href":"https:\/\/api.w.org\/{rel}","templated":true}]}}