{"id":170,"date":"2015-02-02T08:56:21","date_gmt":"2015-02-02T08:56:21","guid":{"rendered":"http:\/\/www.mujerruralemprendedora.com\/es\/?page_id=170"},"modified":"2015-03-13T10:07:00","modified_gmt":"2015-03-13T10:07:00","slug":"ayudas-2","status":"publish","type":"page","link":"http:\/\/www.mujerruralemprendedora.com\/es\/ayudas-2\/","title":{"rendered":"Ayudas en ayuda a domicilio"},"content":{"rendered":"<h2><strong><span style=\"font-size: 18pt; background-color: #ffcc00;\">SUBVENCIONES PARA FORMAR TU NEGOCIO EN AYUDA A DOMICILIO<\/span><\/strong><\/h2>\n<p>Iniciar\u00a0el camino hacia el emprendimiento puede resultar a veces algo complicado por eso nosotros queremos allanar esa senda. \u00a0Para eso ponemos a vuestra disposici\u00f3n toda la informaci\u00f3n sobre las ayudas estatales, auton\u00f3micas y locales disponibles para ser emprendedora.<\/p>\n<p>&nbsp;<\/p>\n<ul>\n<li><span style=\"background-color: #333333;\">\u00a0<strong><span style=\"color: #ffffff;\"><span style=\"font-size: 14pt;\">A nivel estatal<\/span> <\/span><\/strong><\/span>contamos con el\u00a0<a title=\"apoyo empresarial a las mujeres\" href=\"http:\/\/www.msssi.gob.es\/ssi\/igualdadOportunidades\/docs\/121002_PROGRAMA_PAEM.pdf\" target=\"_blank\"><strong>PROGRAMA DE APOYO EMPRESARIAL A LAS MUJERES (PAEM)<\/strong><\/a><br \/>\nEs un Programa dirigido a mujeres:<br \/>\n&#8211; Con inquietud emprendedora.<br \/>\n&#8211; Con una idea o proyecto de negocio.<br \/>\n&#8211; Con un plan de modernizaci\u00f3n o ampliaci\u00f3n. <a title=\"Ayuda trabajar ayuda a domicilio\" href=\"http:\/\/www.msssi.gob.es\/ssi\/igualdadOportunidades\/docs\/121002_PROGRAMA_PAEM.pdf\" target=\"_blank\">Ver ayuda aqu\u00ed\u00a0<\/a><\/li>\n<\/ul>\n<ul>\n<li>Tambi\u00e9n en la plataforma \u00a0<a href=\"http:\/\/www.e-empresarias.net\/\" target=\"_blank\">e-empresarias.net<\/a>, se pone a\u00a0tu disposici\u00f3n un servicio de informaci\u00f3n y asesoramiento on-line que responde a tus consultas de forma personalizada, te mantiene informada, permite realizar un autodiagn\u00f3stico para evaluar la viabilidad de tu proyecto empresarial y puedes adem\u00e1s participar en un foro de cooperaci\u00f3n de intercambio de experiencias con otras mujeres. <a title=\"Ayuda trabajar ayuda a domicilio\" href=\"http:\/\/www.e-empresarias.net\/\" target=\"_blank\">Ver ayuda aqu\u00ed<\/a><\/li>\n<\/ul>\n<ul>\n<li><a title=\"Ayuda trabajar ayuda a domicilio\" href=\"http:\/\/www.aprendeafinanciarte.com\/\" target=\"_blank\"><strong>Aprende a financiarte<\/strong><\/a> ofrece tambi\u00e9n noticias de actualidad, formaci\u00f3n espec\u00edfica, servicios de gesti\u00f3n fiscal y toda una seria de herramientas de gesti\u00f3n: simuladores y calculadoras que ayudar\u00e1n a los usuarios a mejorar la gesti\u00f3n d\u00eda a d\u00eda de sus negocios.\u00a0<a title=\"Ayuda trabajar ayuda a domicilio\" href=\"http:\/www.aprendeafinanciarte.com\" target=\"_blank\">Ver ayuda aqu\u00ed<\/a><\/li>\n<\/ul>\n<ul>\n<li><span style=\"font-size: 14pt; background-color: #333333;\"><strong><span style=\"color: #ff0000;\">\u00a0<\/span><span style=\"color: #ffffff;\">Por Comunidades Aut\u00f3nomas:<\/span><\/strong><\/span><\/li>\n<\/ul>\n<table style=\"height: 421px;\" width=\"793\">\n<tbody>\n<tr>\n<td><strong><span style=\"color: #000000;\">Castilla y Le\u00f3n<\/span><\/strong><\/td>\n<td><span style=\"color: #000000;\">Subvenciones\u00a0a micro, peque\u00f1as y medianas empresas (PYMES), para <em><strong>fomentar el ascenso profesional de la mujer trabajadora <\/strong><\/em>en Castilla y Le\u00f3n. <a style=\"color: #000000;\" title=\"Ayuda trabajar ayuda a domicilio\" href=\"https:\/\/www.tramitacastillayleon.jcyl.es\/web\/jcyl\/AdministracionElectronica\/es\/Plantilla100DetalleFeed\/1251181050732\/Ayuda012\/1284391330678\/Propuesta\" target=\"_blank\">Ver ayuda aqu\u00ed<\/a><\/span><\/td>\n<\/tr>\n<tr>\n<td><strong><span style=\"color: #000000;\">Andaluc\u00eda<\/span><\/strong><\/td>\n<td><span style=\"color: #000000;\">La Junta de Andaluc\u00eda ha puesto en marcha un conjunto de iniciativas a trav\u00e9s del Instituto Andaluz de la Mujer (IAM) encaminadas a facilitar y promover la inserci\u00f3n laboral de las mujeres. <a style=\"color: #000000;\" title=\"Ayuda trabajar ayuda a domicilio\" href=\"http:\/\/www.juntadeandalucia.es\/temas\/trabajar\/busqueda\/mujeres.html\" target=\"_blank\">Ver ayuda aqu\u00ed\u00a0<\/a><\/span><\/td>\n<\/tr>\n<tr>\n<td><strong><span style=\"color: #000000;\">Comunidad Valenciana<\/span><\/strong><\/td>\n<td><span style=\"color: #000000;\">Ayudas dirigidas a la elaboraci\u00f3n e implantaci\u00f3n de Planes de igualdad en empresas y otras entidades de la Comunitat Valenciana. <a style=\"color: #000000;\" title=\"Ayuda trabajar ayuda a domicilio\" href=\"http:\/\/integraasesores.es\/wp-content\/uploads\/2015\/01\/Convocatoria-ayudas-elaboraci%C3%B3n-e-implantaci%C3%B3n-de-Planes-de-igualdad.pdf\" target=\"_blank\">Ver ayuda aqu\u00ed<\/a><\/span><\/td>\n<\/tr>\n<tr>\n<td><strong><span style=\"color: #000000;\">Navarra<\/span><\/strong><\/td>\n<td><span style=\"color: #000000;\">Plan de apoyo empresarial a la mujer. <a style=\"color: #000000;\" title=\"Ayuda trabajar ayuda a domicilio\" href=\"http:\/\/www.camaranavarra.com\/Camara\/highlight\/716\/plan-de-apoyo-empresarial-a-mujeres\" target=\"_blank\">Ver ayuda aqu\u00ed<\/a><\/span><\/td>\n<\/tr>\n<\/tbody>\n<\/table>\n","protected":false},"excerpt":{"rendered":"<p>SUBVENCIONES PARA FORMAR TU NEGOCIO EN AYUDA A DOMICILIO Iniciar\u00a0el camino hacia el emprendimiento puede resultar a veces algo complicado por eso nosotros queremos allanar esa senda. \u00a0Para eso ponemos a vuestra disposici\u00f3n toda la informaci\u00f3n sobre las ayudas estatales, auton\u00f3micas y locales disponibles para ser emprendedora. &nbsp; \u00a0A nivel[&#8230;]<\/p>\n","protected":false},"author":1,"featured_media":0,"parent":0,"menu_order":0,"comment_status":"closed","ping_status":"open","template":"template-fullwidth.php","meta":{"footnotes":""},"class_list":["post-170","page","type-page","status-publish","hentry"],"yoast_head":"<!-- This site is optimized with the Yoast SEO plugin v27.5 - https:\/\/yoast.com\/product\/yoast-seo-wordpress\/ -->\n<title>Subvenciones ayuda a domicilio- Mujer Rural Emprendedora<\/title>\n<meta name=\"description\" content=\"ayudas en ayuda a domicilio mujer rural emprendedora Subvenciones para tu negocio en ayuda a domicilio. Ayudas para iniciar el camino hacia emprendimiento\" \/>\n<meta name=\"robots\" content=\"index, follow, max-snippet:-1, max-image-preview:large, max-video-preview:-1\" \/>\n<link rel=\"canonical\" href=\"http:\/\/www.mujerruralemprendedora.com\/es\/ayudas-2\/\" \/>\n<meta property=\"og:locale\" content=\"es_ES\" \/>\n<meta property=\"og:type\" content=\"article\" \/>\n<meta property=\"og:title\" content=\"Subvenciones ayuda a domicilio- Mujer Rural Emprendedora\" \/>\n<meta property=\"og:description\" content=\"ayudas en ayuda a domicilio mujer rural emprendedora Subvenciones para tu negocio en ayuda a domicilio. Ayudas para iniciar el camino hacia emprendimiento\" \/>\n<meta property=\"og:url\" content=\"http:\/\/www.mujerruralemprendedora.com\/es\/ayudas-2\/\" \/>\n<meta property=\"og:site_name\" content=\"Mujer Rural Emprendedora\" \/>\n<meta property=\"article:publisher\" content=\"http:\/\/www.facebook.com\/mujerruralemprendedora\" \/>\n<meta property=\"article:modified_time\" content=\"2015-03-13T10:07:00+00:00\" \/>\n<meta name=\"twitter:label1\" content=\"Tiempo de lectura\" \/>\n\t<meta name=\"twitter:data1\" content=\"2 minutos\" \/>\n<script type=\"application\/ld+json\" class=\"yoast-schema-graph\">{\"@context\":\"https:\\\/\\\/schema.org\",\"@graph\":[{\"@type\":\"WebPage\",\"@id\":\"http:\\\/\\\/www.mujerruralemprendedora.com\\\/es\\\/ayudas-2\\\/\",\"url\":\"http:\\\/\\\/www.mujerruralemprendedora.com\\\/es\\\/ayudas-2\\\/\",\"name\":\"Subvenciones ayuda a domicilio- Mujer Rural Emprendedora\",\"isPartOf\":{\"@id\":\"http:\\\/\\\/www.mujerruralemprendedora.com\\\/es\\\/#website\"},\"datePublished\":\"2015-02-02T08:56:21+00:00\",\"dateModified\":\"2015-03-13T10:07:00+00:00\",\"description\":\"ayudas en ayuda a domicilio mujer rural emprendedora Subvenciones para tu negocio en ayuda a domicilio. Ayudas para iniciar el camino hacia emprendimiento\",\"breadcrumb\":{\"@id\":\"http:\\\/\\\/www.mujerruralemprendedora.com\\\/es\\\/ayudas-2\\\/#breadcrumb\"},\"inLanguage\":\"es\",\"potentialAction\":[{\"@type\":\"ReadAction\",\"target\":[\"http:\\\/\\\/www.mujerruralemprendedora.com\\\/es\\\/ayudas-2\\\/\"]}]},{\"@type\":\"BreadcrumbList\",\"@id\":\"http:\\\/\\\/www.mujerruralemprendedora.com\\\/es\\\/ayudas-2\\\/#breadcrumb\",\"itemListElement\":[{\"@type\":\"ListItem\",\"position\":1,\"name\":\"Portada\",\"item\":\"http:\\\/\\\/www.mujerruralemprendedora.com\\\/es\\\/\"},{\"@type\":\"ListItem\",\"position\":2,\"name\":\"Ayudas en ayuda a domicilio\"}]},{\"@type\":\"WebSite\",\"@id\":\"http:\\\/\\\/www.mujerruralemprendedora.com\\\/es\\\/#website\",\"url\":\"http:\\\/\\\/www.mujerruralemprendedora.com\\\/es\\\/\",\"name\":\"Mujer Rural Emprendedora\",\"description\":\"Otro sitio m\u00e1s de Sitios de Mujer Rural Emprendedora\",\"potentialAction\":[{\"@type\":\"SearchAction\",\"target\":{\"@type\":\"EntryPoint\",\"urlTemplate\":\"http:\\\/\\\/www.mujerruralemprendedora.com\\\/es\\\/?s={search_term_string}\"},\"query-input\":{\"@type\":\"PropertyValueSpecification\",\"valueRequired\":true,\"valueName\":\"search_term_string\"}}],\"inLanguage\":\"es\"}]}<\/script>\n<!-- \/ Yoast SEO plugin. -->","yoast_head_json":{"title":"Subvenciones ayuda a domicilio- Mujer Rural Emprendedora","description":"ayudas en ayuda a domicilio mujer rural emprendedora Subvenciones para tu negocio en ayuda a domicilio. Ayudas para iniciar el camino hacia emprendimiento","robots":{"index":"index","follow":"follow","max-snippet":"max-snippet:-1","max-image-preview":"max-image-preview:large","max-video-preview":"max-video-preview:-1"},"canonical":"http:\/\/www.mujerruralemprendedora.com\/es\/ayudas-2\/","og_locale":"es_ES","og_type":"article","og_title":"Subvenciones ayuda a domicilio- Mujer Rural Emprendedora","og_description":"ayudas en ayuda a domicilio mujer rural emprendedora Subvenciones para tu negocio en ayuda a domicilio. Ayudas para iniciar el camino hacia emprendimiento","og_url":"http:\/\/www.mujerruralemprendedora.com\/es\/ayudas-2\/","og_site_name":"Mujer Rural Emprendedora","article_publisher":"http:\/\/www.facebook.com\/mujerruralemprendedora","article_modified_time":"2015-03-13T10:07:00+00:00","twitter_misc":{"Tiempo de lectura":"2 minutos"},"schema":{"@context":"https:\/\/schema.org","@graph":[{"@type":"WebPage","@id":"http:\/\/www.mujerruralemprendedora.com\/es\/ayudas-2\/","url":"http:\/\/www.mujerruralemprendedora.com\/es\/ayudas-2\/","name":"Subvenciones ayuda a domicilio- Mujer Rural Emprendedora","isPartOf":{"@id":"http:\/\/www.mujerruralemprendedora.com\/es\/#website"},"datePublished":"2015-02-02T08:56:21+00:00","dateModified":"2015-03-13T10:07:00+00:00","description":"ayudas en ayuda a domicilio mujer rural emprendedora Subvenciones para tu negocio en ayuda a domicilio. Ayudas para iniciar el camino hacia emprendimiento","breadcrumb":{"@id":"http:\/\/www.mujerruralemprendedora.com\/es\/ayudas-2\/#breadcrumb"},"inLanguage":"es","potentialAction":[{"@type":"ReadAction","target":["http:\/\/www.mujerruralemprendedora.com\/es\/ayudas-2\/"]}]},{"@type":"BreadcrumbList","@id":"http:\/\/www.mujerruralemprendedora.com\/es\/ayudas-2\/#breadcrumb","itemListElement":[{"@type":"ListItem","position":1,"name":"Portada","item":"http:\/\/www.mujerruralemprendedora.com\/es\/"},{"@type":"ListItem","position":2,"name":"Ayudas en ayuda a domicilio"}]},{"@type":"WebSite","@id":"http:\/\/www.mujerruralemprendedora.com\/es\/#website","url":"http:\/\/www.mujerruralemprendedora.com\/es\/","name":"Mujer Rural Emprendedora","description":"Otro sitio m\u00e1s de Sitios de Mujer Rural Emprendedora","potentialAction":[{"@type":"SearchAction","target":{"@type":"EntryPoint","urlTemplate":"http:\/\/www.mujerruralemprendedora.com\/es\/?s={search_term_string}"},"query-input":{"@type":"PropertyValueSpecification","valueRequired":true,"valueName":"search_term_string"}}],"inLanguage":"es"}]}},"_links":{"self":[{"href":"http:\/\/www.mujerruralemprendedora.com\/es\/wp-json\/wp\/v2\/pages\/170","targetHints":{"allow":["GET"]}}],"collection":[{"href":"http:\/\/www.mujerruralemprendedora.com\/es\/wp-json\/wp\/v2\/pages"}],"about":[{"href":"http:\/\/www.mujerruralemprendedora.com\/es\/wp-json\/wp\/v2\/types\/page"}],"author":[{"embeddable":true,"href":"http:\/\/www.mujerruralemprendedora.com\/es\/wp-json\/wp\/v2\/users\/1"}],"replies":[{"embeddable":true,"href":"http:\/\/www.mujerruralemprendedora.com\/es\/wp-json\/wp\/v2\/comments?post=170"}],"version-history":[{"count":29,"href":"http:\/\/www.mujerruralemprendedora.com\/es\/wp-json\/wp\/v2\/pages\/170\/revisions"}],"predecessor-version":[{"id":987,"href":"http:\/\/www.mujerruralemprendedora.com\/es\/wp-json\/wp\/v2\/pages\/170\/revisions\/987"}],"wp:attachment":[{"href":"http:\/\/www.mujerruralemprendedora.com\/es\/wp-json\/wp\/v2\/media?parent=170"}],"curies":[{"name":"wp","href":"https:\/\/api.w.org\/{rel}","templated":true}]}}