{"id":172,"date":"2015-02-02T08:56:37","date_gmt":"2015-02-02T08:56:37","guid":{"rendered":"http:\/\/www.mujerruralemprendedora.com\/es\/?page_id=172"},"modified":"2015-06-10T11:23:55","modified_gmt":"2015-06-10T11:23:55","slug":"ofertas-de-empleo-ayuda","status":"publish","type":"page","link":"http:\/\/www.mujerruralemprendedora.com\/es\/ofertas-de-empleo-ayuda\/","title":{"rendered":"Empleo en ayuda a domicilio"},"content":{"rendered":"<h2><strong><span style=\"font-size: 18pt; color: #000000; background-color: #ffcc00;\">\u00bf Buscas trabajo como auxiliar de ayuda a domicilio? <\/span><\/strong><\/h2>\n<h2><\/h2>\n<h2><strong>Aqu\u00ed te ofrecemos un listado actualizado diariamente con las mejores ofertas de empleo adaptadas a tus necesidades<\/strong><\/h2>\n<p>&nbsp;<\/p>\n<ul>\n<li><span style=\"color: #ffffff; background-color: #000080;\">07\/06\/2015<\/span> <b>\u00a0<\/b><strong>Palencia.\u00a0<\/strong>Persona con experiencia en aseo, movilidad persona mayor impedida x accidente.tareas tambi\u00e9n del hogar.Interna los primeros meses<strong>,<\/strong>. <a title=\"Oferta empleo ayuda a domicilio en C\u00e1ceres\" href=\"http:\/\/www.domestiko.com\/bolsa-trabajo\/empleo\/27748\/cuidado-movilizacion-aseopersona-impedida-x-accidente-at-arancha\/\" target=\"_blank\">Ver oferta<\/a><\/li>\n<li><span style=\"color: #ffffff; background-color: #000080;\">06\/06\/2015<\/span> <b>\u00a0Murcia<\/b><strong>.\u00a0<\/strong>VITA Servicios Sociales busca profesionales para trabajar como Auxiliar Ayuda a Domicilio en r\u00e9gimen INTERNA en Cartagena. <a href=\"http:\/\/www.domestiko.com\/bolsa-trabajo\/empleo\/27739\/auxiliar-ayuda-domicilioregimen-interna-fines-de-semana-at-vita-servicios-sociales\/\" target=\"_blank\">Ver oferta<\/a><\/li>\n<li style=\"text-align: left;\"><span style=\"color: #ffffff; background-color: #000080;\">10\/04\/2015 <\/span><strong><span style=\"color: #000080;\">Sevilla<\/span>.<\/strong> Se ofrecen cinco vacantes para trabajar en ayuda a domicilio. <a title=\"Oferta empleo en Sevilla\" href=\"https:\/\/www.portalento.es\/candidatos\/empleo\/ofertas\/Paginas\/Detalle-oferta.aspx?idOft=bfbf0811-e0f9-4676-96f6-695ac738c731\" target=\"_blank\">Ver oferta<\/a><\/li>\n<li style=\"text-align: left;\"><span style=\"color: #ffffff; background-color: #000080;\">23\/03\/2015<\/span> <strong><span style=\"color: #0000ff;\">Ourense<\/span>.<\/strong>Se ofrece puesto de auxiliar de ayuda a domicilio a personas mayores. <a title=\"Oferta empleo en Ourense\" href=\"http:\/\/www.domestiko.com\/bolsa-trabajo\/empleo\/26354\/auxiliar-de-ayuda-a-domicilio-a-personas-mayores-at-fundacion-andurina\/\" target=\"_blank\">Ver oferta<\/a><\/li>\n<li style=\"text-align: left;\"><span style=\"color: #ffffff; background-color: #000080;\">27\/03\/2015<\/span>\u00a0<span style=\"color: #0000ff;\"><strong>And\u00fajar, Ja\u00e9n.<\/strong> <\/span>Empresa dedicada a la prestaci\u00f3n de servicios sociales, necesita incorporar siete auxiliares de ayuda a domicilio en la zona de And\u00fajar. <a title=\"Oferta empleo Andujar\" href=\"https:\/\/www.bebee.com\/jobs\/auxiliar-ayuda-a-domicilio-2878078\" target=\"_blank\">Ver oferta<\/a><\/li>\n<li style=\"text-align: left;\"><span style=\"color: #ffffff; background-color: #000080;\">23\/02\/2015<\/span>\u00a0<span style=\"color: #0000ff;\"><strong>Vallecas.<\/strong> <\/span>Buscan auxiliar\u00a0para cuidado, acompa\u00f1amiento, limpieza y cocina de persona mayor. <a title=\"Oferta empleo ayuda a domicilio\" href=\"http:\/\/www.milanuncios.com\/servicio-domestico\/auxiliar-para-domicilio-en-vallecas-138459718.htm\" target=\"_blank\">\u00a0Ver oferta<\/a><\/li>\n<li style=\"text-align: left;\"><span style=\"color: #ffffff; background-color: #000080;\">23\/02\/2015<\/span>\u00a0<span style=\"color: #0000ff;\"><strong>En Boadilla del Monte.<\/strong><\/span> Buscan auxiliar para ayuda a domicilio. <a title=\"Oferta empleo ayuda a domicilio\" href=\"http:\/\/www.milanuncios.com\/servicio-domestico\/auxiliar-para-boadilla-del-monte-135987095.htm\" target=\"_blank\">Ver oferta\u00a0<\/a><\/li>\n<li style=\"text-align: left;\"><span style=\"color: #ffffff; background-color: #000080;\">18\/02\/2015<\/span>\u00a0<span style=\"color: #0000ff;\"><strong>En Madrid.<\/strong><\/span> Buscan j\u00f3venes menores de 30 a\u00f1os, desempleados, que quieran iniciarse en el mundo de la ayuda a domicilio. <a href=\"http:\/\/clece.epreselec.com\/Candidato\/Ofertas\/Ofertas.aspx?Id_Oferta=19376\" target=\"_blank\">Ver oferta<\/a><\/li>\n<li style=\"text-align: left;\"><span style=\"color: #ffffff; background-color: #000080;\">09\/02\/2015<\/span>\u00a0<strong><span style=\"color: #0000ff;\">En Badajoz<\/span><\/strong>. La empresa Fiss selecciona para formar parte de su bolsa interna dos plazas de auxiliar de ayuda a domicilio. Imprescindible titulaci\u00f3n en auxiliar de enfermer\u00eda, geriatria, o ayuda a domicilio. En caso de extranjeros, con titulaci\u00f3n homologada. <a title=\"Empleo ayuda a domicilio\" href=\"http:\/\/www.cambiadeempleo.com\/oferta-empleo\/auxilliar-de-ayuda-a-domicilio-badajoz\/23e846638607adcbc730817a77581220\" target=\"_blank\">Ver oferta\u00a0<\/a><\/li>\n<li style=\"text-align: left;\"><span style=\"color: #ffffff; background-color: #000080;\">09\/02\/2015<\/span>\u00a0<span style=\"color: #0000ff;\"><strong>En Pineda de Mar, Barcelona,<\/strong><\/span> buscan persona para acompa\u00f1ar a un mayor. <a title=\"Empleo ayuda a domicilio\" href=\"http:\/\/www.cronoshare.com\/acompanamiento-y-cuidados-de-personas-mayores-en-pineda-pineda-de-mar-tarea-298635-trovit?utm_source=Trovit&amp;utm_medium=CPC&amp;utm_campaign=Premium\" target=\"_blank\">Ver oferta\u00a0<\/a><\/li>\n<li style=\"text-align: left;\"><span style=\"color: #ffffff; background-color: #000080;\">09\/02\/2015<\/span><strong><span style=\"color: #0000ff;\">En Santiago de Compostela<\/span>.<\/strong> Buscan a tres auxiliares a domicilio. <a title=\"Empleo ayuda a domicilio\" href=\"http:\/\/www.cambiadeempleo.com\/oferta-empleo\/Auxiliar-ayuda-a-domicilio-Santiago-de-Compostela\/eaae5e04a259d09af85c108fe4d7dd0c\" target=\"_blank\">Ver oferta\u00a0<\/a><\/li>\n<li style=\"text-align: left;\"><span style=\"color: #ffffff; background-color: #000080;\">09\/02\/2015<\/span>\u00a0<strong><span style=\"color: #0000ff;\">En Tarragona<\/span><\/strong>. Necesitan incorporar a su equipo dos auxiliares de ayuda a domicilio. <a title=\"Empleo ayuda a domicilio\" href=\"http:\/\/www.cambiadeempleo.com\/oferta-empleo\/Auxiliar-de-Ayuda-a-domicilio-Tarragona\/7634ea65a4e6d9041cfd3f7de18e334a\" target=\"_blank\">Ver oferta<\/a><\/li>\n<li style=\"text-align: left;\"><span style=\"color: #ffffff; background-color: #000080;\">05\/02\/2015<\/span>\u00a0<span style=\"color: #0000ff;\"><strong>En Madrid.<\/strong><\/span> Se necesitan\u00a0Auxiliares de Enfermer\u00eda e Internas para ayuda a domicilio, en turnos ma\u00f1anas, tardes, noches y fines de semana.<a title=\"Empleo ayuda a domicilio\" href=\"http:\/\/www.milanuncios.com\/servicios-sociales\/auxiliares-de-enfermeria-e-internas-135110080.htm\" target=\"_blank\">Ver oferta\u00a0<\/a><\/li>\n<li style=\"text-align: left;\"><span style=\"color: #ffffff; background-color: #000080;\">01\/02\/2015<\/span>\u00a0<span style=\"color: #0000ff;\"><strong>En Gij\u00f3n y Oviedo.<\/strong><\/span> Buscan personal para ayuda a domicilio. <a title=\"Empleo ayuda a domicilio\" href=\"http:\/\/www.trabajojusto.com\/ofertas-empleo\/41320\/empresa-asturiana-selecciona-personal-para-gijon-y-oviedo-em-asturias\/\" target=\"_blank\">Ver oferta\u00a0<\/a><\/li>\n<\/ul>\n<ul>\n<li style=\"text-align: left;\">Tambi\u00e9n te pueden interesar <a title=\"Oferta empleo emprendedor\" href=\"http:\/\/www.mujerruralemprendedora.com\/es\/otras-ofertas-de-empleo-2\/\" target=\"_blank\"><strong>OFERTAS DE EMPLEO COMO EMPRENDEDOR<\/strong><\/a><strong>\u00a0o\u00a0<a title=\"curso ayuda a domicilio\" href=\"http:\/\/www.mujerruralemprendedora.com\/es\/informacion-y-formacion-ayuda\/cursos\/\" target=\"_blank\">CURSOS DE AUXILIAR DE AYUDA A DOMICILIO<\/a><\/strong><\/li>\n<\/ul>\n","protected":false},"excerpt":{"rendered":"<p>\u00bf Buscas trabajo como auxiliar de ayuda a domicilio? Aqu\u00ed te ofrecemos un listado actualizado diariamente con las mejores ofertas de empleo adaptadas a tus necesidades &nbsp; 07\/06\/2015 \u00a0Palencia.\u00a0Persona con experiencia en aseo, movilidad persona mayor impedida x accidente.tareas tambi\u00e9n del hogar.Interna los primeros meses,. Ver oferta 06\/06\/2015 \u00a0Murcia.\u00a0VITA Servicios[&#8230;]<\/p>\n","protected":false},"author":1,"featured_media":0,"parent":0,"menu_order":0,"comment_status":"closed","ping_status":"open","template":"template-fullwidth.php","meta":{"footnotes":""},"class_list":["post-172","page","type-page","status-publish","hentry"],"yoast_head":"<!-- This site is optimized with the Yoast SEO plugin v27.5 - https:\/\/yoast.com\/product\/yoast-seo-wordpress\/ -->\n<title>Empleo en ayuda a domicilio - Mujer Rural Emprendedora<\/title>\n<meta name=\"description\" content=\"\u00bf Buscas trabajo como auxiliar de ayuda a domicilio? Aqu\u00ed te ofrecemos un listado actualizado diariamente con las mejores ofertas de empleo adaptadas\" \/>\n<meta name=\"robots\" content=\"index, follow, max-snippet:-1, max-image-preview:large, max-video-preview:-1\" \/>\n<link rel=\"canonical\" href=\"http:\/\/www.mujerruralemprendedora.com\/es\/ofertas-de-empleo-ayuda\/\" \/>\n<meta property=\"og:locale\" content=\"es_ES\" \/>\n<meta property=\"og:type\" content=\"article\" \/>\n<meta property=\"og:title\" content=\"Empleo en ayuda a domicilio - Mujer Rural Emprendedora\" \/>\n<meta property=\"og:description\" content=\"\u00bf Buscas trabajo como auxiliar de ayuda a domicilio? Aqu\u00ed te ofrecemos un listado actualizado diariamente con las mejores ofertas de empleo adaptadas\" \/>\n<meta property=\"og:url\" content=\"http:\/\/www.mujerruralemprendedora.com\/es\/ofertas-de-empleo-ayuda\/\" \/>\n<meta property=\"og:site_name\" content=\"Mujer Rural Emprendedora\" \/>\n<meta property=\"article:publisher\" content=\"http:\/\/www.facebook.com\/mujerruralemprendedora\" \/>\n<meta property=\"article:modified_time\" content=\"2015-06-10T11:23:55+00:00\" \/>\n<meta name=\"twitter:label1\" content=\"Tiempo de lectura\" \/>\n\t<meta name=\"twitter:data1\" content=\"2 minutos\" \/>\n<script type=\"application\/ld+json\" class=\"yoast-schema-graph\">{\"@context\":\"https:\\\/\\\/schema.org\",\"@graph\":[{\"@type\":\"WebPage\",\"@id\":\"http:\\\/\\\/www.mujerruralemprendedora.com\\\/es\\\/ofertas-de-empleo-ayuda\\\/\",\"url\":\"http:\\\/\\\/www.mujerruralemprendedora.com\\\/es\\\/ofertas-de-empleo-ayuda\\\/\",\"name\":\"Empleo en ayuda a domicilio - Mujer Rural Emprendedora\",\"isPartOf\":{\"@id\":\"http:\\\/\\\/www.mujerruralemprendedora.com\\\/es\\\/#website\"},\"datePublished\":\"2015-02-02T08:56:37+00:00\",\"dateModified\":\"2015-06-10T11:23:55+00:00\",\"description\":\"\u00bf Buscas trabajo como auxiliar de ayuda a domicilio? Aqu\u00ed te ofrecemos un listado actualizado diariamente con las mejores ofertas de empleo adaptadas\",\"breadcrumb\":{\"@id\":\"http:\\\/\\\/www.mujerruralemprendedora.com\\\/es\\\/ofertas-de-empleo-ayuda\\\/#breadcrumb\"},\"inLanguage\":\"es\",\"potentialAction\":[{\"@type\":\"ReadAction\",\"target\":[\"http:\\\/\\\/www.mujerruralemprendedora.com\\\/es\\\/ofertas-de-empleo-ayuda\\\/\"]}]},{\"@type\":\"BreadcrumbList\",\"@id\":\"http:\\\/\\\/www.mujerruralemprendedora.com\\\/es\\\/ofertas-de-empleo-ayuda\\\/#breadcrumb\",\"itemListElement\":[{\"@type\":\"ListItem\",\"position\":1,\"name\":\"Portada\",\"item\":\"http:\\\/\\\/www.mujerruralemprendedora.com\\\/es\\\/\"},{\"@type\":\"ListItem\",\"position\":2,\"name\":\"Empleo en ayuda a domicilio\"}]},{\"@type\":\"WebSite\",\"@id\":\"http:\\\/\\\/www.mujerruralemprendedora.com\\\/es\\\/#website\",\"url\":\"http:\\\/\\\/www.mujerruralemprendedora.com\\\/es\\\/\",\"name\":\"Mujer Rural Emprendedora\",\"description\":\"Otro sitio m\u00e1s de Sitios de Mujer Rural Emprendedora\",\"potentialAction\":[{\"@type\":\"SearchAction\",\"target\":{\"@type\":\"EntryPoint\",\"urlTemplate\":\"http:\\\/\\\/www.mujerruralemprendedora.com\\\/es\\\/?s={search_term_string}\"},\"query-input\":{\"@type\":\"PropertyValueSpecification\",\"valueRequired\":true,\"valueName\":\"search_term_string\"}}],\"inLanguage\":\"es\"}]}<\/script>\n<!-- \/ Yoast SEO plugin. -->","yoast_head_json":{"title":"Empleo en ayuda a domicilio - Mujer Rural Emprendedora","description":"\u00bf Buscas trabajo como auxiliar de ayuda a domicilio? Aqu\u00ed te ofrecemos un listado actualizado diariamente con las mejores ofertas de empleo adaptadas","robots":{"index":"index","follow":"follow","max-snippet":"max-snippet:-1","max-image-preview":"max-image-preview:large","max-video-preview":"max-video-preview:-1"},"canonical":"http:\/\/www.mujerruralemprendedora.com\/es\/ofertas-de-empleo-ayuda\/","og_locale":"es_ES","og_type":"article","og_title":"Empleo en ayuda a domicilio - Mujer Rural Emprendedora","og_description":"\u00bf Buscas trabajo como auxiliar de ayuda a domicilio? Aqu\u00ed te ofrecemos un listado actualizado diariamente con las mejores ofertas de empleo adaptadas","og_url":"http:\/\/www.mujerruralemprendedora.com\/es\/ofertas-de-empleo-ayuda\/","og_site_name":"Mujer Rural Emprendedora","article_publisher":"http:\/\/www.facebook.com\/mujerruralemprendedora","article_modified_time":"2015-06-10T11:23:55+00:00","twitter_misc":{"Tiempo de lectura":"2 minutos"},"schema":{"@context":"https:\/\/schema.org","@graph":[{"@type":"WebPage","@id":"http:\/\/www.mujerruralemprendedora.com\/es\/ofertas-de-empleo-ayuda\/","url":"http:\/\/www.mujerruralemprendedora.com\/es\/ofertas-de-empleo-ayuda\/","name":"Empleo en ayuda a domicilio - Mujer Rural Emprendedora","isPartOf":{"@id":"http:\/\/www.mujerruralemprendedora.com\/es\/#website"},"datePublished":"2015-02-02T08:56:37+00:00","dateModified":"2015-06-10T11:23:55+00:00","description":"\u00bf Buscas trabajo como auxiliar de ayuda a domicilio? Aqu\u00ed te ofrecemos un listado actualizado diariamente con las mejores ofertas de empleo adaptadas","breadcrumb":{"@id":"http:\/\/www.mujerruralemprendedora.com\/es\/ofertas-de-empleo-ayuda\/#breadcrumb"},"inLanguage":"es","potentialAction":[{"@type":"ReadAction","target":["http:\/\/www.mujerruralemprendedora.com\/es\/ofertas-de-empleo-ayuda\/"]}]},{"@type":"BreadcrumbList","@id":"http:\/\/www.mujerruralemprendedora.com\/es\/ofertas-de-empleo-ayuda\/#breadcrumb","itemListElement":[{"@type":"ListItem","position":1,"name":"Portada","item":"http:\/\/www.mujerruralemprendedora.com\/es\/"},{"@type":"ListItem","position":2,"name":"Empleo en ayuda a domicilio"}]},{"@type":"WebSite","@id":"http:\/\/www.mujerruralemprendedora.com\/es\/#website","url":"http:\/\/www.mujerruralemprendedora.com\/es\/","name":"Mujer Rural Emprendedora","description":"Otro sitio m\u00e1s de Sitios de Mujer Rural Emprendedora","potentialAction":[{"@type":"SearchAction","target":{"@type":"EntryPoint","urlTemplate":"http:\/\/www.mujerruralemprendedora.com\/es\/?s={search_term_string}"},"query-input":{"@type":"PropertyValueSpecification","valueRequired":true,"valueName":"search_term_string"}}],"inLanguage":"es"}]}},"_links":{"self":[{"href":"http:\/\/www.mujerruralemprendedora.com\/es\/wp-json\/wp\/v2\/pages\/172","targetHints":{"allow":["GET"]}}],"collection":[{"href":"http:\/\/www.mujerruralemprendedora.com\/es\/wp-json\/wp\/v2\/pages"}],"about":[{"href":"http:\/\/www.mujerruralemprendedora.com\/es\/wp-json\/wp\/v2\/types\/page"}],"author":[{"embeddable":true,"href":"http:\/\/www.mujerruralemprendedora.com\/es\/wp-json\/wp\/v2\/users\/1"}],"replies":[{"embeddable":true,"href":"http:\/\/www.mujerruralemprendedora.com\/es\/wp-json\/wp\/v2\/comments?post=172"}],"version-history":[{"count":68,"href":"http:\/\/www.mujerruralemprendedora.com\/es\/wp-json\/wp\/v2\/pages\/172\/revisions"}],"predecessor-version":[{"id":1536,"href":"http:\/\/www.mujerruralemprendedora.com\/es\/wp-json\/wp\/v2\/pages\/172\/revisions\/1536"}],"wp:attachment":[{"href":"http:\/\/www.mujerruralemprendedora.com\/es\/wp-json\/wp\/v2\/media?parent=172"}],"curies":[{"name":"wp","href":"https:\/\/api.w.org\/{rel}","templated":true}]}}