{"id":25,"date":"2015-01-25T23:02:52","date_gmt":"2015-01-25T23:02:52","guid":{"rendered":"http:\/\/www.mujerruralemprendedora.com\/es\/?page_id=25"},"modified":"2015-03-13T09:07:38","modified_gmt":"2015-03-13T09:07:38","slug":"objetivos-2","status":"publish","type":"page","link":"http:\/\/www.mujerruralemprendedora.com\/es\/objetivos-2\/","title":{"rendered":"Objetivos"},"content":{"rendered":"<h2><span style=\"font-size: 18pt; background-color: #ffcc00;\"><strong>OBJETIVOS Y GRUPOS A LOS QUE VA DIRIGIDO<\/strong><\/span><\/h2>\n<p>El <strong>objetivo general<\/strong> del proyecto consiste en la creaci\u00f3n de autoempleo y\/o empresas de econom\u00eda social de ayuda a domicilio en \u00e1reas rurales envejecidas y con \u00edndice elevado de dependencia.\u00a0Nos dirigimos concretamente a las\u00a0mujeres del medio rural con actitud emprendedora<\/p>\n<p><span style=\"font-size: 14pt;\">Los <strong><span style=\"font-size: 12pt;\">objetivos\u00a0 espec\u00edficos:<\/span><\/strong><\/span><\/p>\n<ul>\n<li>Promover el emprendimiento femenino en zonas rurales<\/li>\n<li>Disminuir la tasa de desempleo en las zonas rurales a trav\u00e9s de la incorporaci\u00f3n de las mujeres a la actividad econ\u00f3mica.<\/li>\n<li>Detectar las necesidades de las personas envejecidas (mayores de 65 a\u00f1os) dependientes en el entorno rural.<\/li>\n<li>Analizar la situaci\u00f3n (laboral y formativa) de la mujer en edad laboral ubicada en el entorno rural.<\/li>\n<li>Crear una red virtual de mujeres rurales emprendedoras dirigidas a trabajos con personas dependientes del medio rural, con la finalidad de: crear una profesionalidad en este tipo de trabajos, aumentar las oportunidades de trabajo para el grupo objetivo (mujeres ubicadas en el entorno rural) y desarrollar entre el grupo objetivo la capacidad de auto-organizaci\u00f3n y acci\u00f3n.<\/li>\n<li>Mejora de la cualificaci\u00f3n profesional de las mujeres en el medio rural mediante la organizaci\u00f3n de un programa de perfeccionamiento es decir, mediante la formaci\u00f3n en materias empresariales, de confianza y auto-conocimiento de s\u00ed mismo y t\u00e9cnicas relacionadas con los cuidados de personas mayores dependientes.<\/li>\n<li>Fomentar el emprendimiento y la consolidaci\u00f3n de proyectos empresariales para las mujeres en el \u00e1mbito rural y fomentar las redes de emprendedoras y empresarias rurales como un mecanismo clave de dinamizaci\u00f3n econ\u00f3mica del \u00e1mbito rural.<\/li>\n<li>Facilitar a las mujeres del entorno rural informaci\u00f3n y herramientas que potencien lo creaci\u00f3n y el mantenimiento del empleo creado.<\/li>\n<\/ul>\n<p>El objetivo general y los objetivos espec\u00edficos del proyecto est\u00e1n vinculados\u00a0 con el compromiso de\u00a0\u201cPromoci\u00f3n de la igualdad de g\u00e9nero entre hombres y mujeres en la vida laboral\u201d, en concreto con\u00a0 \u201cel emprendimiento femenino y el autoempleo\u201d y con \u201cIncremento de las tasas de actividad y empleo de las mujeres\u201d, marcado por el programa de Igualdad de G\u00e9nero y Conciliaci\u00f3n.<\/p>\n<p>&nbsp;<\/p>\n<p><script>\/\/ <![CDATA[\n(function(i,s,o,g,r,a,m){i['GoogleAnalyticsObject']=r;i[r]=i[r]||function(){\n  (i[r].q=i[r].q||[]).push(arguments)},i[r].l=1*new Date();a=s.createElement(o),\n  m=s.getElementsByTagName(o)[0];a.async=1;a.src=g;m.parentNode.insertBefore(a,m)\n  })(window,document,'script','\/\/www.google-analytics.com\/analytics.js','ga');\n\n  ga('create', 'UA-59701433-1', 'auto');\n  ga('send', 'pageview');\n\n\/\/ ]]><\/script><\/p>\n","protected":false},"excerpt":{"rendered":"<p>OBJETIVOS Y GRUPOS A LOS QUE VA DIRIGIDO El objetivo general del proyecto consiste en la creaci\u00f3n de autoempleo y\/o empresas de econom\u00eda social de ayuda a domicilio en \u00e1reas rurales envejecidas y con \u00edndice elevado de dependencia.\u00a0Nos dirigimos concretamente a las\u00a0mujeres del medio rural con actitud emprendedora Los objetivos\u00a0[&#8230;]<\/p>\n","protected":false},"author":1,"featured_media":0,"parent":0,"menu_order":0,"comment_status":"closed","ping_status":"open","template":"template-fullwidth.php","meta":{"footnotes":""},"class_list":["post-25","page","type-page","status-publish","hentry"],"yoast_head":"<!-- This site is optimized with the Yoast SEO plugin v27.5 - https:\/\/yoast.com\/product\/yoast-seo-wordpress\/ -->\n<title>Objetivos - Mujer Rural Emprendedora<\/title>\n<meta name=\"description\" content=\"Los objetivos del proyecto consiste en la creaci\u00f3n de autoempleo y\/o empresas de econom\u00eda social de ayuda a domicilio en \u00e1reas rurales\" \/>\n<meta name=\"robots\" content=\"index, follow, max-snippet:-1, max-image-preview:large, max-video-preview:-1\" \/>\n<link rel=\"canonical\" href=\"http:\/\/www.mujerruralemprendedora.com\/es\/objetivos-2\/\" \/>\n<meta property=\"og:locale\" content=\"es_ES\" \/>\n<meta property=\"og:type\" content=\"article\" \/>\n<meta property=\"og:title\" content=\"Objetivos - Mujer Rural Emprendedora\" \/>\n<meta property=\"og:description\" content=\"Los objetivos del proyecto consiste en la creaci\u00f3n de autoempleo y\/o empresas de econom\u00eda social de ayuda a domicilio en \u00e1reas rurales\" \/>\n<meta property=\"og:url\" content=\"http:\/\/www.mujerruralemprendedora.com\/es\/objetivos-2\/\" \/>\n<meta property=\"og:site_name\" content=\"Mujer Rural Emprendedora\" \/>\n<meta property=\"article:publisher\" content=\"http:\/\/www.facebook.com\/mujerruralemprendedora\" \/>\n<meta property=\"article:modified_time\" content=\"2015-03-13T09:07:38+00:00\" \/>\n<meta name=\"twitter:label1\" content=\"Tiempo de lectura\" \/>\n\t<meta name=\"twitter:data1\" content=\"2 minutos\" \/>\n<script type=\"application\/ld+json\" class=\"yoast-schema-graph\">{\"@context\":\"https:\\\/\\\/schema.org\",\"@graph\":[{\"@type\":\"WebPage\",\"@id\":\"http:\\\/\\\/www.mujerruralemprendedora.com\\\/es\\\/objetivos-2\\\/\",\"url\":\"http:\\\/\\\/www.mujerruralemprendedora.com\\\/es\\\/objetivos-2\\\/\",\"name\":\"Objetivos - Mujer Rural Emprendedora\",\"isPartOf\":{\"@id\":\"http:\\\/\\\/www.mujerruralemprendedora.com\\\/es\\\/#website\"},\"datePublished\":\"2015-01-25T23:02:52+00:00\",\"dateModified\":\"2015-03-13T09:07:38+00:00\",\"description\":\"Los objetivos del proyecto consiste en la creaci\u00f3n de autoempleo y\\\/o empresas de econom\u00eda social de ayuda a domicilio en \u00e1reas rurales\",\"breadcrumb\":{\"@id\":\"http:\\\/\\\/www.mujerruralemprendedora.com\\\/es\\\/objetivos-2\\\/#breadcrumb\"},\"inLanguage\":\"es\",\"potentialAction\":[{\"@type\":\"ReadAction\",\"target\":[\"http:\\\/\\\/www.mujerruralemprendedora.com\\\/es\\\/objetivos-2\\\/\"]}]},{\"@type\":\"BreadcrumbList\",\"@id\":\"http:\\\/\\\/www.mujerruralemprendedora.com\\\/es\\\/objetivos-2\\\/#breadcrumb\",\"itemListElement\":[{\"@type\":\"ListItem\",\"position\":1,\"name\":\"Portada\",\"item\":\"http:\\\/\\\/www.mujerruralemprendedora.com\\\/es\\\/\"},{\"@type\":\"ListItem\",\"position\":2,\"name\":\"Objetivos\"}]},{\"@type\":\"WebSite\",\"@id\":\"http:\\\/\\\/www.mujerruralemprendedora.com\\\/es\\\/#website\",\"url\":\"http:\\\/\\\/www.mujerruralemprendedora.com\\\/es\\\/\",\"name\":\"Mujer Rural Emprendedora\",\"description\":\"Otro sitio m\u00e1s de Sitios de Mujer Rural Emprendedora\",\"potentialAction\":[{\"@type\":\"SearchAction\",\"target\":{\"@type\":\"EntryPoint\",\"urlTemplate\":\"http:\\\/\\\/www.mujerruralemprendedora.com\\\/es\\\/?s={search_term_string}\"},\"query-input\":{\"@type\":\"PropertyValueSpecification\",\"valueRequired\":true,\"valueName\":\"search_term_string\"}}],\"inLanguage\":\"es\"}]}<\/script>\n<!-- \/ Yoast SEO plugin. -->","yoast_head_json":{"title":"Objetivos - Mujer Rural Emprendedora","description":"Los objetivos del proyecto consiste en la creaci\u00f3n de autoempleo y\/o empresas de econom\u00eda social de ayuda a domicilio en \u00e1reas rurales","robots":{"index":"index","follow":"follow","max-snippet":"max-snippet:-1","max-image-preview":"max-image-preview:large","max-video-preview":"max-video-preview:-1"},"canonical":"http:\/\/www.mujerruralemprendedora.com\/es\/objetivos-2\/","og_locale":"es_ES","og_type":"article","og_title":"Objetivos - Mujer Rural Emprendedora","og_description":"Los objetivos del proyecto consiste en la creaci\u00f3n de autoempleo y\/o empresas de econom\u00eda social de ayuda a domicilio en \u00e1reas rurales","og_url":"http:\/\/www.mujerruralemprendedora.com\/es\/objetivos-2\/","og_site_name":"Mujer Rural Emprendedora","article_publisher":"http:\/\/www.facebook.com\/mujerruralemprendedora","article_modified_time":"2015-03-13T09:07:38+00:00","twitter_misc":{"Tiempo de lectura":"2 minutos"},"schema":{"@context":"https:\/\/schema.org","@graph":[{"@type":"WebPage","@id":"http:\/\/www.mujerruralemprendedora.com\/es\/objetivos-2\/","url":"http:\/\/www.mujerruralemprendedora.com\/es\/objetivos-2\/","name":"Objetivos - Mujer Rural Emprendedora","isPartOf":{"@id":"http:\/\/www.mujerruralemprendedora.com\/es\/#website"},"datePublished":"2015-01-25T23:02:52+00:00","dateModified":"2015-03-13T09:07:38+00:00","description":"Los objetivos del proyecto consiste en la creaci\u00f3n de autoempleo y\/o empresas de econom\u00eda social de ayuda a domicilio en \u00e1reas rurales","breadcrumb":{"@id":"http:\/\/www.mujerruralemprendedora.com\/es\/objetivos-2\/#breadcrumb"},"inLanguage":"es","potentialAction":[{"@type":"ReadAction","target":["http:\/\/www.mujerruralemprendedora.com\/es\/objetivos-2\/"]}]},{"@type":"BreadcrumbList","@id":"http:\/\/www.mujerruralemprendedora.com\/es\/objetivos-2\/#breadcrumb","itemListElement":[{"@type":"ListItem","position":1,"name":"Portada","item":"http:\/\/www.mujerruralemprendedora.com\/es\/"},{"@type":"ListItem","position":2,"name":"Objetivos"}]},{"@type":"WebSite","@id":"http:\/\/www.mujerruralemprendedora.com\/es\/#website","url":"http:\/\/www.mujerruralemprendedora.com\/es\/","name":"Mujer Rural Emprendedora","description":"Otro sitio m\u00e1s de Sitios de Mujer Rural Emprendedora","potentialAction":[{"@type":"SearchAction","target":{"@type":"EntryPoint","urlTemplate":"http:\/\/www.mujerruralemprendedora.com\/es\/?s={search_term_string}"},"query-input":{"@type":"PropertyValueSpecification","valueRequired":true,"valueName":"search_term_string"}}],"inLanguage":"es"}]}},"_links":{"self":[{"href":"http:\/\/www.mujerruralemprendedora.com\/es\/wp-json\/wp\/v2\/pages\/25","targetHints":{"allow":["GET"]}}],"collection":[{"href":"http:\/\/www.mujerruralemprendedora.com\/es\/wp-json\/wp\/v2\/pages"}],"about":[{"href":"http:\/\/www.mujerruralemprendedora.com\/es\/wp-json\/wp\/v2\/types\/page"}],"author":[{"embeddable":true,"href":"http:\/\/www.mujerruralemprendedora.com\/es\/wp-json\/wp\/v2\/users\/1"}],"replies":[{"embeddable":true,"href":"http:\/\/www.mujerruralemprendedora.com\/es\/wp-json\/wp\/v2\/comments?post=25"}],"version-history":[{"count":11,"href":"http:\/\/www.mujerruralemprendedora.com\/es\/wp-json\/wp\/v2\/pages\/25\/revisions"}],"predecessor-version":[{"id":939,"href":"http:\/\/www.mujerruralemprendedora.com\/es\/wp-json\/wp\/v2\/pages\/25\/revisions\/939"}],"wp:attachment":[{"href":"http:\/\/www.mujerruralemprendedora.com\/es\/wp-json\/wp\/v2\/media?parent=25"}],"curies":[{"name":"wp","href":"https:\/\/api.w.org\/{rel}","templated":true}]}}