{"id":29,"date":"2015-01-25T23:08:17","date_gmt":"2015-01-25T23:08:17","guid":{"rendered":"http:\/\/www.mujerruralemprendedora.com\/es\/?page_id=29"},"modified":"2015-10-20T18:38:55","modified_gmt":"2015-10-20T18:38:55","slug":"contenidos","status":"publish","type":"page","link":"http:\/\/www.mujerruralemprendedora.com\/es\/contenidos\/","title":{"rendered":"Contenidos del proyecto"},"content":{"rendered":"<h2><span style=\"font-size: 18pt; background-color: #ffcc00;\"><strong>CONTENIDOS DEL PROYECTO<\/strong><\/span><\/h2>\n<ul>\n<li><strong>Estudio<\/strong> sobre: las necesidades de la poblaci\u00f3n envejecida de las zonas rurales,\u00a0 el inter\u00e9s de las mujeres rurales por el autoempleo o la creaci\u00f3n de empresas y las necesidades de formaci\u00f3n (empresarial y t\u00e9cnica) para la mejora de la cualificaci\u00f3n profesional de las mujeres, de las zonas rurales,\u00a0 con actitud emprendedora.<\/li>\n<li>Creaci\u00f3n de un <strong>programa<\/strong> de perfeccionamiento en: \u201cemprendimiento\u201d (40h\/curso), \u201ccompetencias c\u00edvicas y sociales\u201d (30 h\/curso) y \u201ccuidado y necesidades de las personas mayores dependientes\u201d (50h\/curso).<\/li>\n<li>Creaci\u00f3n de un <strong>entorno virtual<\/strong> en el que las mujeres emprendedoras puedan intercambiar experiencias y recibir formaci\u00f3n e informaci\u00f3n sobre emprendimiento, atenci\u00f3n a los mayores\u00a0 y competencias c\u00edvicas y sociales.<\/li>\n<li>Realizaci\u00f3n de una <strong>jornada de trabajo<\/strong> sobre emprendimiento en el sector de la atenci\u00f3n a personas mayores y\/o dependientes.<\/li>\n<li><strong>Difusi\u00f3n<\/strong> del proyecto.<\/li>\n<\/ul>\n","protected":false},"excerpt":{"rendered":"<p>CONTENIDOS DEL PROYECTO Estudio sobre: las necesidades de la poblaci\u00f3n envejecida de las zonas rurales,\u00a0 el inter\u00e9s de las mujeres rurales por el autoempleo o la creaci\u00f3n de empresas y las necesidades de formaci\u00f3n (empresarial y t\u00e9cnica) para la mejora de la cualificaci\u00f3n profesional de las mujeres, de las zonas[&#8230;]<\/p>\n","protected":false},"author":1,"featured_media":0,"parent":0,"menu_order":0,"comment_status":"closed","ping_status":"open","template":"template-fullwidth.php","meta":{"footnotes":""},"class_list":["post-29","page","type-page","status-publish","hentry"],"yoast_head":"<!-- This site is optimized with the Yoast SEO plugin v27.5 - https:\/\/yoast.com\/product\/yoast-seo-wordpress\/ -->\n<title>Contenidos del proyecto - Mujer Rural Emprendedora<\/title>\n<meta name=\"description\" content=\"Contenidos y estudio sobre las necesidades de la poblaci\u00f3n envejecida Creaci\u00f3n de un programa de perfeccionamiento en: \u201cemprendimiento Creaci\u00f3n de un entorno virtual\" \/>\n<meta name=\"robots\" content=\"index, follow, max-snippet:-1, max-image-preview:large, max-video-preview:-1\" \/>\n<link rel=\"canonical\" href=\"http:\/\/www.mujerruralemprendedora.com\/es\/contenidos\/\" \/>\n<meta property=\"og:locale\" content=\"es_ES\" \/>\n<meta property=\"og:type\" content=\"article\" \/>\n<meta property=\"og:title\" content=\"Contenidos del proyecto - Mujer Rural Emprendedora\" \/>\n<meta property=\"og:description\" content=\"Contenidos y estudio sobre las necesidades de la poblaci\u00f3n envejecida Creaci\u00f3n de un programa de perfeccionamiento en: \u201cemprendimiento Creaci\u00f3n de un entorno virtual\" \/>\n<meta property=\"og:url\" content=\"http:\/\/www.mujerruralemprendedora.com\/es\/contenidos\/\" \/>\n<meta property=\"og:site_name\" content=\"Mujer Rural Emprendedora\" \/>\n<meta property=\"article:publisher\" content=\"http:\/\/www.facebook.com\/mujerruralemprendedora\" \/>\n<meta property=\"article:modified_time\" content=\"2015-10-20T18:38:55+00:00\" \/>\n<meta name=\"twitter:label1\" content=\"Tiempo de lectura\" \/>\n\t<meta name=\"twitter:data1\" content=\"1 minuto\" \/>\n<script type=\"application\/ld+json\" class=\"yoast-schema-graph\">{\"@context\":\"https:\\\/\\\/schema.org\",\"@graph\":[{\"@type\":\"WebPage\",\"@id\":\"http:\\\/\\\/www.mujerruralemprendedora.com\\\/es\\\/contenidos\\\/\",\"url\":\"http:\\\/\\\/www.mujerruralemprendedora.com\\\/es\\\/contenidos\\\/\",\"name\":\"Contenidos del proyecto - Mujer Rural Emprendedora\",\"isPartOf\":{\"@id\":\"http:\\\/\\\/www.mujerruralemprendedora.com\\\/es\\\/#website\"},\"datePublished\":\"2015-01-25T23:08:17+00:00\",\"dateModified\":\"2015-10-20T18:38:55+00:00\",\"description\":\"Contenidos y estudio sobre las necesidades de la poblaci\u00f3n envejecida Creaci\u00f3n de un programa de perfeccionamiento en: \u201cemprendimiento Creaci\u00f3n de un entorno virtual\",\"breadcrumb\":{\"@id\":\"http:\\\/\\\/www.mujerruralemprendedora.com\\\/es\\\/contenidos\\\/#breadcrumb\"},\"inLanguage\":\"es\",\"potentialAction\":[{\"@type\":\"ReadAction\",\"target\":[\"http:\\\/\\\/www.mujerruralemprendedora.com\\\/es\\\/contenidos\\\/\"]}]},{\"@type\":\"BreadcrumbList\",\"@id\":\"http:\\\/\\\/www.mujerruralemprendedora.com\\\/es\\\/contenidos\\\/#breadcrumb\",\"itemListElement\":[{\"@type\":\"ListItem\",\"position\":1,\"name\":\"Portada\",\"item\":\"http:\\\/\\\/www.mujerruralemprendedora.com\\\/es\\\/\"},{\"@type\":\"ListItem\",\"position\":2,\"name\":\"Contenidos del proyecto\"}]},{\"@type\":\"WebSite\",\"@id\":\"http:\\\/\\\/www.mujerruralemprendedora.com\\\/es\\\/#website\",\"url\":\"http:\\\/\\\/www.mujerruralemprendedora.com\\\/es\\\/\",\"name\":\"Mujer Rural Emprendedora\",\"description\":\"Otro sitio m\u00e1s de Sitios de Mujer Rural Emprendedora\",\"potentialAction\":[{\"@type\":\"SearchAction\",\"target\":{\"@type\":\"EntryPoint\",\"urlTemplate\":\"http:\\\/\\\/www.mujerruralemprendedora.com\\\/es\\\/?s={search_term_string}\"},\"query-input\":{\"@type\":\"PropertyValueSpecification\",\"valueRequired\":true,\"valueName\":\"search_term_string\"}}],\"inLanguage\":\"es\"}]}<\/script>\n<!-- \/ Yoast SEO plugin. -->","yoast_head_json":{"title":"Contenidos del proyecto - Mujer Rural Emprendedora","description":"Contenidos y estudio sobre las necesidades de la poblaci\u00f3n envejecida Creaci\u00f3n de un programa de perfeccionamiento en: \u201cemprendimiento Creaci\u00f3n de un entorno virtual","robots":{"index":"index","follow":"follow","max-snippet":"max-snippet:-1","max-image-preview":"max-image-preview:large","max-video-preview":"max-video-preview:-1"},"canonical":"http:\/\/www.mujerruralemprendedora.com\/es\/contenidos\/","og_locale":"es_ES","og_type":"article","og_title":"Contenidos del proyecto - Mujer Rural Emprendedora","og_description":"Contenidos y estudio sobre las necesidades de la poblaci\u00f3n envejecida Creaci\u00f3n de un programa de perfeccionamiento en: \u201cemprendimiento Creaci\u00f3n de un entorno virtual","og_url":"http:\/\/www.mujerruralemprendedora.com\/es\/contenidos\/","og_site_name":"Mujer Rural Emprendedora","article_publisher":"http:\/\/www.facebook.com\/mujerruralemprendedora","article_modified_time":"2015-10-20T18:38:55+00:00","twitter_misc":{"Tiempo de lectura":"1 minuto"},"schema":{"@context":"https:\/\/schema.org","@graph":[{"@type":"WebPage","@id":"http:\/\/www.mujerruralemprendedora.com\/es\/contenidos\/","url":"http:\/\/www.mujerruralemprendedora.com\/es\/contenidos\/","name":"Contenidos del proyecto - Mujer Rural Emprendedora","isPartOf":{"@id":"http:\/\/www.mujerruralemprendedora.com\/es\/#website"},"datePublished":"2015-01-25T23:08:17+00:00","dateModified":"2015-10-20T18:38:55+00:00","description":"Contenidos y estudio sobre las necesidades de la poblaci\u00f3n envejecida Creaci\u00f3n de un programa de perfeccionamiento en: \u201cemprendimiento Creaci\u00f3n de un entorno virtual","breadcrumb":{"@id":"http:\/\/www.mujerruralemprendedora.com\/es\/contenidos\/#breadcrumb"},"inLanguage":"es","potentialAction":[{"@type":"ReadAction","target":["http:\/\/www.mujerruralemprendedora.com\/es\/contenidos\/"]}]},{"@type":"BreadcrumbList","@id":"http:\/\/www.mujerruralemprendedora.com\/es\/contenidos\/#breadcrumb","itemListElement":[{"@type":"ListItem","position":1,"name":"Portada","item":"http:\/\/www.mujerruralemprendedora.com\/es\/"},{"@type":"ListItem","position":2,"name":"Contenidos del proyecto"}]},{"@type":"WebSite","@id":"http:\/\/www.mujerruralemprendedora.com\/es\/#website","url":"http:\/\/www.mujerruralemprendedora.com\/es\/","name":"Mujer Rural Emprendedora","description":"Otro sitio m\u00e1s de Sitios de Mujer Rural Emprendedora","potentialAction":[{"@type":"SearchAction","target":{"@type":"EntryPoint","urlTemplate":"http:\/\/www.mujerruralemprendedora.com\/es\/?s={search_term_string}"},"query-input":{"@type":"PropertyValueSpecification","valueRequired":true,"valueName":"search_term_string"}}],"inLanguage":"es"}]}},"_links":{"self":[{"href":"http:\/\/www.mujerruralemprendedora.com\/es\/wp-json\/wp\/v2\/pages\/29","targetHints":{"allow":["GET"]}}],"collection":[{"href":"http:\/\/www.mujerruralemprendedora.com\/es\/wp-json\/wp\/v2\/pages"}],"about":[{"href":"http:\/\/www.mujerruralemprendedora.com\/es\/wp-json\/wp\/v2\/types\/page"}],"author":[{"embeddable":true,"href":"http:\/\/www.mujerruralemprendedora.com\/es\/wp-json\/wp\/v2\/users\/1"}],"replies":[{"embeddable":true,"href":"http:\/\/www.mujerruralemprendedora.com\/es\/wp-json\/wp\/v2\/comments?post=29"}],"version-history":[{"count":9,"href":"http:\/\/www.mujerruralemprendedora.com\/es\/wp-json\/wp\/v2\/pages\/29\/revisions"}],"predecessor-version":[{"id":1759,"href":"http:\/\/www.mujerruralemprendedora.com\/es\/wp-json\/wp\/v2\/pages\/29\/revisions\/1759"}],"wp:attachment":[{"href":"http:\/\/www.mujerruralemprendedora.com\/es\/wp-json\/wp\/v2\/media?parent=29"}],"curies":[{"name":"wp","href":"https:\/\/api.w.org\/{rel}","templated":true}]}}