{"id":292,"date":"2015-02-04T10:56:53","date_gmt":"2015-02-04T10:56:53","guid":{"rendered":"http:\/\/www.mujerruralemprendedora.com\/es\/?page_id=292"},"modified":"2015-03-13T10:20:26","modified_gmt":"2015-03-13T10:20:26","slug":"domicilio","status":"publish","type":"page","link":"http:\/\/www.mujerruralemprendedora.com\/es\/informacion-y-formacion-ayuda\/domicilio\/","title":{"rendered":"Informaci\u00f3n ayuda a domicilio"},"content":{"rendered":"<p>&nbsp;<\/p>\n<p>La ayuda a domicilio es un servicio integral, polivalente y comunitario, orientado a las personas y\/o familias que presentan problemas para la realizaci\u00f3n de las Actividades de la Vida Diaria, proporcion\u00e1ndoles atenci\u00f3n directa en el propio hogar mediante intervenciones espec\u00edficas que favorezcan su permanencia e integraci\u00f3n en su entorno habitual, y compensen su restricci\u00f3n de autonom\u00eda funcional. \u00a0A continuaci\u00f3n dejamos algunos enlaces a tener en cuenta en el servicio de la ayuda a domicilio:<\/p>\n<p>&nbsp;<\/p>\n<table style=\"height: 164px; border-color: #000000; background-color: #7a7777;\" width=\"707\">\n<tbody>\n<tr>\n<td style=\"text-align: center;\"><a title=\"Objetivos ayuda a domicilio\" href=\"http:\/\/www.mujerruralemprendedora.com\/es\/objetivos-ayuda-a-domicilio\/\" target=\"_blank\"><span style=\"color: #ffffff; font-size: 18pt;\">\u00a0Objetivos de la ayuda a domicilio<\/span><\/a><\/td>\n<\/tr>\n<tr>\n<td style=\"text-align: center;\"><a title=\"funciones ayuda a domicilio\" href=\"http:\/\/www.mujerruralemprendedora.com\/es\/informacion-y-formacion-ayuda\/domicilio\/prueba-informacion\/\" target=\"_blank\"><span style=\"color: #ffffff; font-size: 18pt;\">\u00bfCu\u00e1les son las funciones del auxiliar de ayuda a domicilio?<\/span><\/a><\/td>\n<\/tr>\n<tr>\n<td style=\"text-align: center;\"><a title=\"Como cuidar de las personas mayores\" href=\"http:\/\/www.mujerruralemprendedora.com\/es\/como-cuidar-de-las-personas-mayores\/\" target=\"_blank\"><span style=\"color: #ffffff; font-size: 18pt;\">\u00bfC\u00f3mo cuidar a las personas mayores?<\/span><\/a><\/td>\n<\/tr>\n<\/tbody>\n<\/table>\n","protected":false},"excerpt":{"rendered":"<p>&nbsp; La ayuda a domicilio es un servicio integral, polivalente y comunitario, orientado a las personas y\/o familias que presentan problemas para la realizaci\u00f3n de las Actividades de la Vida Diaria, proporcion\u00e1ndoles atenci\u00f3n directa en el propio hogar mediante intervenciones espec\u00edficas que favorezcan su permanencia e integraci\u00f3n en su entorno[&#8230;]<\/p>\n","protected":false},"author":3,"featured_media":0,"parent":50,"menu_order":0,"comment_status":"open","ping_status":"open","template":"","meta":{"footnotes":""},"class_list":["post-292","page","type-page","status-publish","hentry"],"yoast_head":"<!-- This site is optimized with the Yoast SEO plugin v27.4 - https:\/\/yoast.com\/product\/yoast-seo-wordpress\/ -->\n<title>Informaci\u00f3n ayuda a domicilio - Mujer Rural Emprendedora<\/title>\n<meta name=\"description\" content=\"La ayuda a domicilio es un servicio integral, polivalente y comunitario, orientado a las personas y\/o familias que presentan problemas para su dia a dia\" \/>\n<meta name=\"robots\" content=\"index, follow, max-snippet:-1, max-image-preview:large, max-video-preview:-1\" \/>\n<link rel=\"canonical\" href=\"http:\/\/www.mujerruralemprendedora.com\/es\/informacion-y-formacion-ayuda\/domicilio\/\" \/>\n<meta property=\"og:locale\" content=\"es_ES\" \/>\n<meta property=\"og:type\" content=\"article\" \/>\n<meta property=\"og:title\" content=\"Informaci\u00f3n ayuda a domicilio - Mujer Rural Emprendedora\" \/>\n<meta property=\"og:description\" content=\"La ayuda a domicilio es un servicio integral, polivalente y comunitario, orientado a las personas y\/o familias que presentan problemas para su dia a dia\" \/>\n<meta property=\"og:url\" content=\"http:\/\/www.mujerruralemprendedora.com\/es\/informacion-y-formacion-ayuda\/domicilio\/\" \/>\n<meta property=\"og:site_name\" content=\"Mujer Rural Emprendedora\" \/>\n<meta property=\"article:publisher\" content=\"http:\/\/www.facebook.com\/mujerruralemprendedora\" \/>\n<meta property=\"article:modified_time\" content=\"2015-03-13T10:20:26+00:00\" \/>\n<meta name=\"twitter:label1\" content=\"Tiempo de lectura\" \/>\n\t<meta name=\"twitter:data1\" content=\"1 minuto\" \/>\n<script type=\"application\/ld+json\" class=\"yoast-schema-graph\">{\"@context\":\"https:\\\/\\\/schema.org\",\"@graph\":[{\"@type\":\"WebPage\",\"@id\":\"http:\\\/\\\/www.mujerruralemprendedora.com\\\/es\\\/informacion-y-formacion-ayuda\\\/domicilio\\\/\",\"url\":\"http:\\\/\\\/www.mujerruralemprendedora.com\\\/es\\\/informacion-y-formacion-ayuda\\\/domicilio\\\/\",\"name\":\"Informaci\u00f3n ayuda a domicilio - Mujer Rural Emprendedora\",\"isPartOf\":{\"@id\":\"http:\\\/\\\/www.mujerruralemprendedora.com\\\/es\\\/#website\"},\"datePublished\":\"2015-02-04T10:56:53+00:00\",\"dateModified\":\"2015-03-13T10:20:26+00:00\",\"description\":\"La ayuda a domicilio es un servicio integral, polivalente y comunitario, orientado a las personas y\\\/o familias que presentan problemas para su dia a dia\",\"breadcrumb\":{\"@id\":\"http:\\\/\\\/www.mujerruralemprendedora.com\\\/es\\\/informacion-y-formacion-ayuda\\\/domicilio\\\/#breadcrumb\"},\"inLanguage\":\"es\",\"potentialAction\":[{\"@type\":\"ReadAction\",\"target\":[\"http:\\\/\\\/www.mujerruralemprendedora.com\\\/es\\\/informacion-y-formacion-ayuda\\\/domicilio\\\/\"]}]},{\"@type\":\"BreadcrumbList\",\"@id\":\"http:\\\/\\\/www.mujerruralemprendedora.com\\\/es\\\/informacion-y-formacion-ayuda\\\/domicilio\\\/#breadcrumb\",\"itemListElement\":[{\"@type\":\"ListItem\",\"position\":1,\"name\":\"Portada\",\"item\":\"http:\\\/\\\/www.mujerruralemprendedora.com\\\/es\\\/\"},{\"@type\":\"ListItem\",\"position\":2,\"name\":\"Informaci\u00f3n y formaci\u00f3n ayuda a domicilio\",\"item\":\"http:\\\/\\\/www.mujerruralemprendedora.com\\\/es\\\/informacion-y-formacion-ayuda\\\/\"},{\"@type\":\"ListItem\",\"position\":3,\"name\":\"Informaci\u00f3n ayuda a domicilio\"}]},{\"@type\":\"WebSite\",\"@id\":\"http:\\\/\\\/www.mujerruralemprendedora.com\\\/es\\\/#website\",\"url\":\"http:\\\/\\\/www.mujerruralemprendedora.com\\\/es\\\/\",\"name\":\"Mujer Rural Emprendedora\",\"description\":\"Otro sitio m\u00e1s de Sitios de Mujer Rural Emprendedora\",\"potentialAction\":[{\"@type\":\"SearchAction\",\"target\":{\"@type\":\"EntryPoint\",\"urlTemplate\":\"http:\\\/\\\/www.mujerruralemprendedora.com\\\/es\\\/?s={search_term_string}\"},\"query-input\":{\"@type\":\"PropertyValueSpecification\",\"valueRequired\":true,\"valueName\":\"search_term_string\"}}],\"inLanguage\":\"es\"}]}<\/script>\n<!-- \/ Yoast SEO plugin. -->","yoast_head_json":{"title":"Informaci\u00f3n ayuda a domicilio - Mujer Rural Emprendedora","description":"La ayuda a domicilio es un servicio integral, polivalente y comunitario, orientado a las personas y\/o familias que presentan problemas para su dia a dia","robots":{"index":"index","follow":"follow","max-snippet":"max-snippet:-1","max-image-preview":"max-image-preview:large","max-video-preview":"max-video-preview:-1"},"canonical":"http:\/\/www.mujerruralemprendedora.com\/es\/informacion-y-formacion-ayuda\/domicilio\/","og_locale":"es_ES","og_type":"article","og_title":"Informaci\u00f3n ayuda a domicilio - Mujer Rural Emprendedora","og_description":"La ayuda a domicilio es un servicio integral, polivalente y comunitario, orientado a las personas y\/o familias que presentan problemas para su dia a dia","og_url":"http:\/\/www.mujerruralemprendedora.com\/es\/informacion-y-formacion-ayuda\/domicilio\/","og_site_name":"Mujer Rural Emprendedora","article_publisher":"http:\/\/www.facebook.com\/mujerruralemprendedora","article_modified_time":"2015-03-13T10:20:26+00:00","twitter_misc":{"Tiempo de lectura":"1 minuto"},"schema":{"@context":"https:\/\/schema.org","@graph":[{"@type":"WebPage","@id":"http:\/\/www.mujerruralemprendedora.com\/es\/informacion-y-formacion-ayuda\/domicilio\/","url":"http:\/\/www.mujerruralemprendedora.com\/es\/informacion-y-formacion-ayuda\/domicilio\/","name":"Informaci\u00f3n ayuda a domicilio - Mujer Rural Emprendedora","isPartOf":{"@id":"http:\/\/www.mujerruralemprendedora.com\/es\/#website"},"datePublished":"2015-02-04T10:56:53+00:00","dateModified":"2015-03-13T10:20:26+00:00","description":"La ayuda a domicilio es un servicio integral, polivalente y comunitario, orientado a las personas y\/o familias que presentan problemas para su dia a dia","breadcrumb":{"@id":"http:\/\/www.mujerruralemprendedora.com\/es\/informacion-y-formacion-ayuda\/domicilio\/#breadcrumb"},"inLanguage":"es","potentialAction":[{"@type":"ReadAction","target":["http:\/\/www.mujerruralemprendedora.com\/es\/informacion-y-formacion-ayuda\/domicilio\/"]}]},{"@type":"BreadcrumbList","@id":"http:\/\/www.mujerruralemprendedora.com\/es\/informacion-y-formacion-ayuda\/domicilio\/#breadcrumb","itemListElement":[{"@type":"ListItem","position":1,"name":"Portada","item":"http:\/\/www.mujerruralemprendedora.com\/es\/"},{"@type":"ListItem","position":2,"name":"Informaci\u00f3n y formaci\u00f3n ayuda a domicilio","item":"http:\/\/www.mujerruralemprendedora.com\/es\/informacion-y-formacion-ayuda\/"},{"@type":"ListItem","position":3,"name":"Informaci\u00f3n ayuda a domicilio"}]},{"@type":"WebSite","@id":"http:\/\/www.mujerruralemprendedora.com\/es\/#website","url":"http:\/\/www.mujerruralemprendedora.com\/es\/","name":"Mujer Rural Emprendedora","description":"Otro sitio m\u00e1s de Sitios de Mujer Rural Emprendedora","potentialAction":[{"@type":"SearchAction","target":{"@type":"EntryPoint","urlTemplate":"http:\/\/www.mujerruralemprendedora.com\/es\/?s={search_term_string}"},"query-input":{"@type":"PropertyValueSpecification","valueRequired":true,"valueName":"search_term_string"}}],"inLanguage":"es"}]}},"_links":{"self":[{"href":"http:\/\/www.mujerruralemprendedora.com\/es\/wp-json\/wp\/v2\/pages\/292","targetHints":{"allow":["GET"]}}],"collection":[{"href":"http:\/\/www.mujerruralemprendedora.com\/es\/wp-json\/wp\/v2\/pages"}],"about":[{"href":"http:\/\/www.mujerruralemprendedora.com\/es\/wp-json\/wp\/v2\/types\/page"}],"author":[{"embeddable":true,"href":"http:\/\/www.mujerruralemprendedora.com\/es\/wp-json\/wp\/v2\/users\/3"}],"replies":[{"embeddable":true,"href":"http:\/\/www.mujerruralemprendedora.com\/es\/wp-json\/wp\/v2\/comments?post=292"}],"version-history":[{"count":17,"href":"http:\/\/www.mujerruralemprendedora.com\/es\/wp-json\/wp\/v2\/pages\/292\/revisions"}],"predecessor-version":[{"id":996,"href":"http:\/\/www.mujerruralemprendedora.com\/es\/wp-json\/wp\/v2\/pages\/292\/revisions\/996"}],"up":[{"embeddable":true,"href":"http:\/\/www.mujerruralemprendedora.com\/es\/wp-json\/wp\/v2\/pages\/50"}],"wp:attachment":[{"href":"http:\/\/www.mujerruralemprendedora.com\/es\/wp-json\/wp\/v2\/media?parent=292"}],"curies":[{"name":"wp","href":"https:\/\/api.w.org\/{rel}","templated":true}]}}