{"id":301,"date":"2015-02-04T11:15:52","date_gmt":"2015-02-04T11:15:52","guid":{"rendered":"http:\/\/www.mujerruralemprendedora.com\/es\/?page_id=301"},"modified":"2015-03-16T09:53:04","modified_gmt":"2015-03-16T09:53:04","slug":"informacion","status":"publish","type":"page","link":"http:\/\/www.mujerruralemprendedora.com\/es\/informacion-y-formacion-emprendimiento\/informacion\/","title":{"rendered":"Informaci\u00f3n emprendimiento"},"content":{"rendered":"<h2><span style=\"font-size: 18pt; color: #000000; background-color: #ffcc00;\"><strong>\u00bfQuieres saber si en verdad tienes ese esp\u00edritu emprendedor?<\/strong><\/span><\/h2>\n<h2><strong> Te mostramos quince\u00a0se\u00f1ales que demuestran si realmente eres un emprendedor.<\/strong><\/h2>\n<p><strong><br \/>\n<\/strong><\/p>\n<ol>\n<li><b>La libertad siempre ser\u00e1 m\u00e1s importante que la seguridad.<\/b> Este es el principio que edifica la vida de todo emprendedor. Mientras la mayor\u00eda busca un sueldo y un empleo seguro, el emprendedor est\u00e1 dispuesto a dar su vida para alcanzar la tan ansiada libertad. De hecho un aut\u00e9ntico emprendedor se siente libre al construir sus proyectos y negocios. Si tu prioridad es ser realmente libre, es decir no tienes inter\u00e9s en buscar algo \u201cseguro\u201d, en tu sangre corre el ADN emprendedor.<\/li>\n<li><b>Eres enemigo de lo establecido.<\/b> Eres de los que cotidianamente se est\u00e1 preguntando por qu\u00e9 la gente hace las cosas que hace. Te esfuerzas para mejorar todo y est\u00e1s dispuesto transformar la realidad a trav\u00e9s de tus ideas. En conclusi\u00f3n, evitas a toda cosa ser parte del status quo.<\/li>\n<li><b>Crees en ti y en tus proyectos.<\/b> \u00bfAlguna vez has conocido a un emprendedor que sea pesimista o su autoestima est\u00e9 por los suelos? Si no tienes confianza, \u00bfc\u00f3mo puede creer el mundo en ti? Los verdaderos emprendedores son optimistas respecto a todo lo que los rodea. Viven bajo el principio de que \u201cAlgunas veces se gana y otras se aprende, pero nunca se pierde\u201d.<\/li>\n<li><b>Eres incre\u00edblemente apasionado.<\/b> \u00bfTe han llamado loco? Trabajar en tus proyectos y no recibir recompensa financiera a cambio, la mayor\u00eda lo pensar\u00eda dos veces. Habr\u00e1 momentos cuando pases demasiado tiempo en el trabajo y no ganes ni un centavo. Tu pasi\u00f3n es la que te va a impulsar a que no te des por vencido.<\/li>\n<li><b>Persigues tus sue\u00f1os sin importar el precio.<\/b> Tal vez pertenezcas al selecto grupo de personas que dejaron la universidad como Bill Gates, Steve Jobs y Mark Zuckerberg. L\u00edderes que pagaron un precio, remaron contra corriente y se convirtieron en leyendas del mundo emprendedor.<\/li>\n<li><b>Eres extremadamente persistente.<\/b> No tomas nunca un \u201cno\u201d por respuesta. Un emprendedor autentico nunca se da por vencido. Lucha y persiste hasta alcanzar el \u00e9xito. Aquellos que no llevan en su sangre el c\u00f3digo emprendedor, tiran la toalla, se desesperan por la falta de resultados y regresan a la terrible rutina.<\/li>\n<li><b>Odias la idea de trabajar para enriquecer a alguien m\u00e1s.<\/b> No te preocupes, no est\u00e1s solo. Personalmente detesto la idea de conseguir un empleo, los emprendedores buscamos una y mil formas de emplear nuestro tiempo construyendo ideas que faciliten la vida de otros. Detestar ser empleado es parte de nuestra gen\u00e9tica emprendedora\u2026no lo tomes como se\u00f1al de que eres una mala persona. Simplemente est\u00e1 en tu ADN ser Libre, un empleo te convierte en esclavo o prisionero de la rutina. Esto en ocasiones puede traer consigo algunos problemas, siempre has retado a la autoridad, por eso has tenido problemas con tus padres, jefes e incluso tus maestros en la escuela.<\/li>\n<li><b>Sabes de antemano que perder es parte fundamental del proceso del \u00e9xito.<\/b> Tu naturaleza es competitiva y est\u00e1s dispuesto a perder. Sabes que cada nuevo comienzo es una oportunidad de\u00a0<a href=\"http:\/\/www.negociosyemprendimiento.org\/2013\/06\/preguntas-debes-hacerte-si-has-fracasado-con-tu-negocio.html\">sacudirte el polvo de tus fracasos y comenzar con mayor sabidur\u00eda<\/a>. Despu\u00e9s de todo comprendes que aquellos que se han arriesgado a conseguir sus sue\u00f1os, sin importar la cantidad de fracasos obtenidos, terminaron consiguiendo el \u00e9xito.<\/li>\n<li><b>Inviertes constantemente en ti y en tu educaci\u00f3n financiera.<\/b>Amas educarte, de hecho estudias m\u00e1s que muchas personas que se encuentran en la universidad, has llegado a leer m\u00e1s libros que los que le\u00edas en el colegio y constantemente buscas cursos, conferencias y talleres que te hagan crecer como persona y por supuesto como emprendedor. En tu filosof\u00eda personal no falta la idea de \u201cvaciar tus bolsillos en tu mente, porque tu mente llenar\u00e1 tus bolsillos de por vida\u201d.<\/li>\n<li><b>Ves oportunidades donde sea.<\/b> Construyes negocios en tu cabeza a la velocidad de la luz. Te dar\u00e9 un ejemplo: miras locales vac\u00edos y tienes curiosidad sobre su precio, al instante ya ideaste que negocio ser\u00eda factible para instalar en ese lugar; ya sabes quienes ser\u00e1n tus proveedores y apuntas en tu agenda el n\u00famero telef\u00f3nico para concretar una cita con el due\u00f1o del local. Eres capaz de ver oportunidades donde todos los dem\u00e1s ven caos.<\/li>\n<li><b>Tus habilidades de comunicaci\u00f3n son sorprendentes.<\/b> Eres una persona que le gusta la gente. No tienes ning\u00fan problema al comunicarte. Eres capaz de socializar y construir relaciones s\u00f3lidas en cuesti\u00f3n de minutos. Estas sorprendentes habilidades te permiten conseguir negociaciones extraordinarias y cerrar tratos que hacen crecer tus proyectos.<\/li>\n<li><b>Estudias constantemente la vida de las leyendas empresariales.<\/b> Consideras que son h\u00e9roes personajes como Steve Jobs, Robert Kiyosaki, Donald Trump, Henry Ford, Tomas Alva Edison, entre muchos otros. Conoces su vida, sus citas y proyectos de cada uno, adem\u00e1s de que puedes identificar similitudes con fragmentos de tu historia con pasajes que ellos vivieron. Sabes que tener un punto de referencia es la clave para conseguir mejores resultados. Por este motivo tienes la premisa de que \u201cUna persona inteligente aprende de sus propios errores, pero una persona sab\u00eda aprende de los errores de los dem\u00e1s\u201d.<\/li>\n<li><b>Seguramente fuiste un ni\u00f1o emprendedor.<\/b> Vendiste cosas cuando eras peque\u00f1o, instalaste peque\u00f1os negocios como un puesto de limonada, emprendiste una venta de garaje o incluso vend\u00edas dulces en vez de comerlos. Cuando hab\u00eda ventas en el sal\u00f3n de clases, eras uno de los mejores vendedores. Y ni que decir de lo bueno que eras jugando Monopoly. Haciendo retrospectiva y conectando los puntos, te das cuenta que <a href=\"http:\/\/www.negociosyemprendimiento.org\/2013\/07\/cosas-emprendedores-podemos-aprender-de-ninos.html\">siempre has sido un extraordinario emprendedor<\/a>.<\/li>\n<li><b>Tu determinaci\u00f3n es impresionante.<\/b> Definitivamente eres determinado, haces lo imposible posible. Pareciera que eres un mago, pero solo t\u00fa sabes que la clave del \u00e9xito es la determinaci\u00f3n combinada con persistencia y una gran dosis de disciplina. Los aut\u00e9nticos emprendedores no desisten hasta alcanzar el \u00e9xito y no se sienten satisfechos hasta haber llegado a la cima. La determinaci\u00f3n es una de las principales diferencias entre los emprendedores y todas las dem\u00e1s personas.<\/li>\n<li><b>Eres un l\u00edder nato.<\/b> Quiz\u00e1 esta sea la m\u00e1s importante de todas las caracter\u00edsticas que posee un emprendedor. Ser un l\u00edder nato significa ser alguien ense\u00f1able, responsable y humilde. Recibir<span id=\"IL_AD1\" class=\"IL_AD\">instrucciones<\/span> y \u00f3rdenes no es parte del c\u00f3digo gen\u00e9tico emprendedor, por el contrario los emprendedores somos entes autodidactas, lo cual no hace capaces de asumir la responsabilidad de aciertos y errores en nuestros proyectos. La mayor\u00eda est\u00e1 entrenada para seguir instrucciones y que terceras personas controlen su tiempo, sin embargo los l\u00edderes empresariales valoran su independencia y tiempo como ninguna otra cosa. Ser l\u00edder no significa que seas la persona que m\u00e1s sabe en tus negocios, significa que sabes c\u00f3mo rodearte de personas m\u00e1s inteligentes y capaces que t\u00fa.<\/li>\n<\/ol>\n<p>Una vez has descubierto que en tu interior se encontraba un emprendedor en potencia ahora tienes que creer en t\u00ed y en lo que eres capaz.De momento aqu\u00ed tienes unas peque\u00f1as frases que te ayudaran a fortalecer tu <strong>autoestima<\/strong> y as\u00ed dar ese impulso hacia el emprendimiento:<\/p>\n<ul>\n<li>No digas no puedo ni en broma, porque el inconsciente no tiene sentido del humor, lo tomar\u00e1 en serio, y te lo recordar\u00e1 cada vez que lo intentes.<\/li>\n<li>Si crees totalmente en ti mismo, no habr\u00e1 nada que est\u00e9 fuera de tus posibilidades.<\/li>\n<li>Las personas con alta autoestima no necesitan sentirse superiores a los dem\u00e1s, no necesitan compararse con los dem\u00e1s. Su alegr\u00eda radica en ser quienes son y no en tratar de ser mejores que los dem\u00e1s.<\/li>\n<li>Los logros productivos son consecuencia y expresi\u00f3n de nuestro nivel de autoestima.<\/li>\n<li>Tienes dentro de ti todo lo que necesitas para superar los desaf\u00edos de la vida.<\/li>\n<li>Las personas que piensan que no son capaces de hacer algo, no lo har\u00e1n nunca, aunque tengan las aptitudes.<\/li>\n<li>Nunca dejes a nadie en el mundo decirte que no puedes ser exactamente quien t\u00fa eres.<\/li>\n<li>La satisfacci\u00f3n de la necesidad de autoestima conduce a sentimientos de autoconfianza, val\u00eda, fuerza, capacidad y suficiencia, de ser \u00fatil y necesario en el mundo.<\/li>\n<li>Dios no te hubiera dado la capacidad de so\u00f1ar sin darte tambi\u00e9n la posibilidad de convertir tus sue\u00f1os en realidad.<\/li>\n<li>Si crees totalmente en ti mismo, no habr\u00e1 nada que est\u00e9 fuera de tus posibilidades.<\/li>\n<li>Tus pensamientos son los arquitectos de tu destino.<\/li>\n<li>Transforma siempre una situaci\u00f3n negativa en una positiva.<\/li>\n<\/ul>\n<p>Fuente: <a href=\"http:\/\/www.negociosyemprendimiento.org\/2014\/07\/como-saber-si-soy-emprendedor.html\" target=\"_blank\">Negocios y \u00a0Emprendimiento<\/a><\/p>\n","protected":false},"excerpt":{"rendered":"<p>\u00bfQuieres saber si en verdad tienes ese esp\u00edritu emprendedor? Te mostramos quince\u00a0se\u00f1ales que demuestran si realmente eres un emprendedor. La libertad siempre ser\u00e1 m\u00e1s importante que la seguridad. Este es el principio que edifica la vida de todo emprendedor. Mientras la mayor\u00eda busca un sueldo y un empleo seguro, el[&#8230;]<\/p>\n","protected":false},"author":3,"featured_media":0,"parent":43,"menu_order":0,"comment_status":"open","ping_status":"open","template":"","meta":{"footnotes":""},"class_list":["post-301","page","type-page","status-publish","hentry"],"yoast_head":"<!-- This site is optimized with the Yoast SEO plugin v27.4 - https:\/\/yoast.com\/product\/yoast-seo-wordpress\/ -->\n<title>Informaci\u00f3n emprendimiento - Mujer Rural Emprendedora<\/title>\n<meta name=\"description\" content=\"\u00bfQuieres saber si en verdad tienes ese esp\u00edritu emprendedor? Te mostramos quince se\u00f1ales que demuestran si sabes de emprendimiento\" \/>\n<meta name=\"robots\" content=\"index, follow, max-snippet:-1, max-image-preview:large, max-video-preview:-1\" \/>\n<link rel=\"canonical\" href=\"http:\/\/www.mujerruralemprendedora.com\/es\/informacion-y-formacion-emprendimiento\/informacion\/\" \/>\n<meta property=\"og:locale\" content=\"es_ES\" \/>\n<meta property=\"og:type\" content=\"article\" \/>\n<meta property=\"og:title\" content=\"Informaci\u00f3n emprendimiento - Mujer Rural Emprendedora\" \/>\n<meta property=\"og:description\" content=\"\u00bfQuieres saber si en verdad tienes ese esp\u00edritu emprendedor? Te mostramos quince se\u00f1ales que demuestran si sabes de emprendimiento\" \/>\n<meta property=\"og:url\" content=\"http:\/\/www.mujerruralemprendedora.com\/es\/informacion-y-formacion-emprendimiento\/informacion\/\" \/>\n<meta property=\"og:site_name\" content=\"Mujer Rural Emprendedora\" \/>\n<meta property=\"article:publisher\" content=\"http:\/\/www.facebook.com\/mujerruralemprendedora\" \/>\n<meta property=\"article:modified_time\" content=\"2015-03-16T09:53:04+00:00\" \/>\n<meta name=\"twitter:label1\" content=\"Tiempo de lectura\" \/>\n\t<meta name=\"twitter:data1\" content=\"7 minutos\" \/>\n<script type=\"application\/ld+json\" class=\"yoast-schema-graph\">{\"@context\":\"https:\\\/\\\/schema.org\",\"@graph\":[{\"@type\":\"WebPage\",\"@id\":\"http:\\\/\\\/www.mujerruralemprendedora.com\\\/es\\\/informacion-y-formacion-emprendimiento\\\/informacion\\\/\",\"url\":\"http:\\\/\\\/www.mujerruralemprendedora.com\\\/es\\\/informacion-y-formacion-emprendimiento\\\/informacion\\\/\",\"name\":\"Informaci\u00f3n emprendimiento - Mujer Rural Emprendedora\",\"isPartOf\":{\"@id\":\"http:\\\/\\\/www.mujerruralemprendedora.com\\\/es\\\/#website\"},\"datePublished\":\"2015-02-04T11:15:52+00:00\",\"dateModified\":\"2015-03-16T09:53:04+00:00\",\"description\":\"\u00bfQuieres saber si en verdad tienes ese esp\u00edritu emprendedor? Te mostramos quince se\u00f1ales que demuestran si sabes de emprendimiento\",\"breadcrumb\":{\"@id\":\"http:\\\/\\\/www.mujerruralemprendedora.com\\\/es\\\/informacion-y-formacion-emprendimiento\\\/informacion\\\/#breadcrumb\"},\"inLanguage\":\"es\",\"potentialAction\":[{\"@type\":\"ReadAction\",\"target\":[\"http:\\\/\\\/www.mujerruralemprendedora.com\\\/es\\\/informacion-y-formacion-emprendimiento\\\/informacion\\\/\"]}]},{\"@type\":\"BreadcrumbList\",\"@id\":\"http:\\\/\\\/www.mujerruralemprendedora.com\\\/es\\\/informacion-y-formacion-emprendimiento\\\/informacion\\\/#breadcrumb\",\"itemListElement\":[{\"@type\":\"ListItem\",\"position\":1,\"name\":\"Portada\",\"item\":\"http:\\\/\\\/www.mujerruralemprendedora.com\\\/es\\\/\"},{\"@type\":\"ListItem\",\"position\":2,\"name\":\"Informaci\u00f3n y formaci\u00f3n emprendimiento\",\"item\":\"http:\\\/\\\/www.mujerruralemprendedora.com\\\/es\\\/informacion-y-formacion-emprendimiento\\\/\"},{\"@type\":\"ListItem\",\"position\":3,\"name\":\"Informaci\u00f3n emprendimiento\"}]},{\"@type\":\"WebSite\",\"@id\":\"http:\\\/\\\/www.mujerruralemprendedora.com\\\/es\\\/#website\",\"url\":\"http:\\\/\\\/www.mujerruralemprendedora.com\\\/es\\\/\",\"name\":\"Mujer Rural Emprendedora\",\"description\":\"Otro sitio m\u00e1s de Sitios de Mujer Rural Emprendedora\",\"potentialAction\":[{\"@type\":\"SearchAction\",\"target\":{\"@type\":\"EntryPoint\",\"urlTemplate\":\"http:\\\/\\\/www.mujerruralemprendedora.com\\\/es\\\/?s={search_term_string}\"},\"query-input\":{\"@type\":\"PropertyValueSpecification\",\"valueRequired\":true,\"valueName\":\"search_term_string\"}}],\"inLanguage\":\"es\"}]}<\/script>\n<!-- \/ Yoast SEO plugin. -->","yoast_head_json":{"title":"Informaci\u00f3n emprendimiento - Mujer Rural Emprendedora","description":"\u00bfQuieres saber si en verdad tienes ese esp\u00edritu emprendedor? Te mostramos quince se\u00f1ales que demuestran si sabes de emprendimiento","robots":{"index":"index","follow":"follow","max-snippet":"max-snippet:-1","max-image-preview":"max-image-preview:large","max-video-preview":"max-video-preview:-1"},"canonical":"http:\/\/www.mujerruralemprendedora.com\/es\/informacion-y-formacion-emprendimiento\/informacion\/","og_locale":"es_ES","og_type":"article","og_title":"Informaci\u00f3n emprendimiento - Mujer Rural Emprendedora","og_description":"\u00bfQuieres saber si en verdad tienes ese esp\u00edritu emprendedor? Te mostramos quince se\u00f1ales que demuestran si sabes de emprendimiento","og_url":"http:\/\/www.mujerruralemprendedora.com\/es\/informacion-y-formacion-emprendimiento\/informacion\/","og_site_name":"Mujer Rural Emprendedora","article_publisher":"http:\/\/www.facebook.com\/mujerruralemprendedora","article_modified_time":"2015-03-16T09:53:04+00:00","twitter_misc":{"Tiempo de lectura":"7 minutos"},"schema":{"@context":"https:\/\/schema.org","@graph":[{"@type":"WebPage","@id":"http:\/\/www.mujerruralemprendedora.com\/es\/informacion-y-formacion-emprendimiento\/informacion\/","url":"http:\/\/www.mujerruralemprendedora.com\/es\/informacion-y-formacion-emprendimiento\/informacion\/","name":"Informaci\u00f3n emprendimiento - Mujer Rural Emprendedora","isPartOf":{"@id":"http:\/\/www.mujerruralemprendedora.com\/es\/#website"},"datePublished":"2015-02-04T11:15:52+00:00","dateModified":"2015-03-16T09:53:04+00:00","description":"\u00bfQuieres saber si en verdad tienes ese esp\u00edritu emprendedor? Te mostramos quince se\u00f1ales que demuestran si sabes de emprendimiento","breadcrumb":{"@id":"http:\/\/www.mujerruralemprendedora.com\/es\/informacion-y-formacion-emprendimiento\/informacion\/#breadcrumb"},"inLanguage":"es","potentialAction":[{"@type":"ReadAction","target":["http:\/\/www.mujerruralemprendedora.com\/es\/informacion-y-formacion-emprendimiento\/informacion\/"]}]},{"@type":"BreadcrumbList","@id":"http:\/\/www.mujerruralemprendedora.com\/es\/informacion-y-formacion-emprendimiento\/informacion\/#breadcrumb","itemListElement":[{"@type":"ListItem","position":1,"name":"Portada","item":"http:\/\/www.mujerruralemprendedora.com\/es\/"},{"@type":"ListItem","position":2,"name":"Informaci\u00f3n y formaci\u00f3n emprendimiento","item":"http:\/\/www.mujerruralemprendedora.com\/es\/informacion-y-formacion-emprendimiento\/"},{"@type":"ListItem","position":3,"name":"Informaci\u00f3n emprendimiento"}]},{"@type":"WebSite","@id":"http:\/\/www.mujerruralemprendedora.com\/es\/#website","url":"http:\/\/www.mujerruralemprendedora.com\/es\/","name":"Mujer Rural Emprendedora","description":"Otro sitio m\u00e1s de Sitios de Mujer Rural Emprendedora","potentialAction":[{"@type":"SearchAction","target":{"@type":"EntryPoint","urlTemplate":"http:\/\/www.mujerruralemprendedora.com\/es\/?s={search_term_string}"},"query-input":{"@type":"PropertyValueSpecification","valueRequired":true,"valueName":"search_term_string"}}],"inLanguage":"es"}]}},"_links":{"self":[{"href":"http:\/\/www.mujerruralemprendedora.com\/es\/wp-json\/wp\/v2\/pages\/301","targetHints":{"allow":["GET"]}}],"collection":[{"href":"http:\/\/www.mujerruralemprendedora.com\/es\/wp-json\/wp\/v2\/pages"}],"about":[{"href":"http:\/\/www.mujerruralemprendedora.com\/es\/wp-json\/wp\/v2\/types\/page"}],"author":[{"embeddable":true,"href":"http:\/\/www.mujerruralemprendedora.com\/es\/wp-json\/wp\/v2\/users\/3"}],"replies":[{"embeddable":true,"href":"http:\/\/www.mujerruralemprendedora.com\/es\/wp-json\/wp\/v2\/comments?post=301"}],"version-history":[{"count":6,"href":"http:\/\/www.mujerruralemprendedora.com\/es\/wp-json\/wp\/v2\/pages\/301\/revisions"}],"predecessor-version":[{"id":1029,"href":"http:\/\/www.mujerruralemprendedora.com\/es\/wp-json\/wp\/v2\/pages\/301\/revisions\/1029"}],"up":[{"embeddable":true,"href":"http:\/\/www.mujerruralemprendedora.com\/es\/wp-json\/wp\/v2\/pages\/43"}],"wp:attachment":[{"href":"http:\/\/www.mujerruralemprendedora.com\/es\/wp-json\/wp\/v2\/media?parent=301"}],"curies":[{"name":"wp","href":"https:\/\/api.w.org\/{rel}","templated":true}]}}