{"id":303,"date":"2015-02-04T11:16:37","date_gmt":"2015-02-04T11:16:37","guid":{"rendered":"http:\/\/www.mujerruralemprendedora.com\/es\/?page_id=303"},"modified":"2015-10-08T18:52:09","modified_gmt":"2015-10-08T18:52:09","slug":"formacion","status":"publish","type":"page","link":"http:\/\/www.mujerruralemprendedora.com\/es\/informacion-y-formacion-emprendimiento\/formacion\/","title":{"rendered":"Cursos emprendimiento"},"content":{"rendered":"<p><span style=\"font-size: 18pt;\"><strong><span style=\"color: #000000; background-color: #ffcc00;\"><span style=\"color: #000000; font-size: 14pt;\"><span style=\"background-color: #ffcc00;\">JORNADAS\u00a0EMPRENDIMIENTO Y ATENCI\u00d3N EN EL DOMICILIO<\/span><\/span><\/span><\/strong><\/span><\/p>\n<p>El pr\u00f3ximo d\u00eda 5 de octubre de 2015 en Ciudad Real, llevaremos a cabo dentro de este programa una jornada de trabajo:<\/p>\n<table style=\"height: 89px;\" width=\"824\">\n<tbody>\n<tr>\n<td><span style=\"color: #000000;\"><strong>Castilla la Mancha<\/strong><\/span><\/td>\n<td><span style=\"color: #000000;\">&#8211;<strong> Jornada de trabajo. \u00abEmprendimiento en el sector de la atenci\u00f3n a personas mayores y\/o dependientes. <\/strong>5 horas de duraci\u00f3n. Presencial en Ciudad Real (Ciudad Real). <a href=\"http:\/\/www.mujerruralemprendedora.com\/es\/wp-content\/uploads\/sites\/3\/2015\/10\/Programa-jornada-05_10_15.pdf\">Ver programa<\/a>.\u00a0<a href=\"http:\/\/www.mujerruralemprendedora.com\/es\/slider\/fotografias-jornada-de-trabajo-ciudad-real-5-de-octubre-de-2015\/\">Ver im\u00e1genes de la jornada<\/a>.<\/span><\/td>\n<\/tr>\n<\/tbody>\n<\/table>\n<p><span style=\"color: #000000; font-size: 14pt;\"><strong><span style=\"background-color: #ffcc00;\">CURSOS EMPRENDIMIENTO Y COMPETENCIAS C\u00cdVICAS Y SOCIALES<\/span><\/strong><\/span><\/p>\n<p>En los pr\u00f3ximos meses est\u00e1 previsto que se desarrollen cursos de competencias c\u00edvicas y sociales y emprendimiento en las comunidades aut\u00f3nomas involucradas en este innovador proyecto:<\/p>\n<p>&nbsp;<\/p>\n<table style=\"height: 341px;\" width=\"823\">\n<tbody>\n<tr>\n<td><span style=\"color: #000000;\"><strong>Castilla la Mancha<\/strong><\/span><\/td>\n<td><span style=\"color: #000000;\"><strong>&#8211;<\/strong><strong> Competencias sociales y c\u00edvicas<\/strong>.\u00a030 horas de duraci\u00f3n. Presencial en Almagro (Ciudad Real). Gratuito.\u00a0<a style=\"color: #000000;\" href=\"http:\/\/www.mujerruralemprendedora.com\/es\/wp-content\/uploads\/sites\/3\/2015\/03\/Cartel-competencias-c\u00edvicas-y-sociales-Almagro.pdf\">Ver curso<\/a><\/span><span style=\"color: #000000;\"><a style=\"color: #000000;\" title=\"Curso competencias civicas y sociales en Almagro\" href=\"http:\/\/www.mujerruralemprendedora.com\/es\/wp-content\/uploads\/sites\/3\/2015\/03\/Programa-Calendario-COMPETENCIAS1.doc\" target=\"_blank\">.<\/a>\u00a0<\/span><a href=\"http:\/\/www.mujerruralemprendedora.com\/es\/recopilacion-todas-las-fotos-competencias-almagro\/\" target=\"_blank\">Ver im\u00e1genes curso<\/a><span style=\"color: #000000;\">&#8211;<strong> Emprendimiento.<\/strong> 40 horas de duraci\u00f3n. Presencial en Almagro (Ciudad Real). Gratuito. <a href=\"http:\/\/www.mujerruralemprendedora.com\/es\/wp-content\/uploads\/sites\/3\/2015\/05\/Cartel-curso-emprendimiento-Almagro.pdf\">Ver curso<\/a>. <a href=\"http:\/\/www.mujerruralemprendedora.com\/es\/recopilacion-todas-las-imagenes-emprendimiento-almagro\/\">Ver im\u00e1genes del curso<\/a><\/span><\/td>\n<\/tr>\n<tr>\n<td><span style=\"color: #000000;\"><strong>La Rioja<\/strong><\/span><\/td>\n<td>\u00a0 <span style=\"color: #000000;\"><strong>&#8211;<\/strong><strong> Competencias sociales y c\u00edvicas<\/strong>.\u00a030 horas de duraci\u00f3n. Presencial en Santo Domingo de la Calzada (La Rioja). Gratuito.\u00a0<a href=\"http:\/\/www.mujerruralemprendedora.com\/es\/wp-content\/uploads\/sites\/3\/2015\/04\/Cartel-competencias-c\u00edvicas-y-sociales-Santo-Domingo-La-Rioja.pdf\">Ver curso<\/a>.<\/span><span style=\"color: #000000;\">&#8211;<strong> Emprendimiento.<\/strong> 40 horas de duraci\u00f3n. Presencial en Pradej\u00f3n (La Rioja). Gratuito. <a href=\"http:\/\/www.mujerruralemprendedora.com\/es\/wp-content\/uploads\/sites\/3\/2015\/05\/Modelo-cartel-emprendimiento-Pradej\u00f3n_La-Rioja.pdf\">Ver curso<\/a>.<a href=\"http:\/\/www.mujerruralemprendedora.com\/es\/recopilacion-de-todas-las-imagenes-del-curso-de-emprendimiento-de-la-rioja\/\"> Ver im\u00e1genes del curso<\/a><\/span><\/td>\n<\/tr>\n<tr>\n<td><span style=\"color: #000000;\">\u00a0<strong>Murcia<\/strong><\/span><\/td>\n<td><span style=\"color: #000000;\"><strong>&#8211; Competencias sociales y c\u00edvicas.<\/strong>\u00a030 horas de duraci\u00f3n. Presencial el Torre Pacheco. Gratuito. <a style=\"color: #000000;\" href=\"http:\/\/www.mujerruralemprendedora.com\/es\/wp-content\/uploads\/sites\/3\/2015\/02\/Cartel-curso-competencias-c\u00edvicas-y-sociales-Torre-Pacheco.pdf\" target=\"_blank\">Ver curso<\/a>.<\/span><span style=\"color: #000000;\"><strong>&#8211; Emprendimiento.<\/strong> 40 horas de duraci\u00f3n. Presencial el Torre Pacheco. Gratuito. <a style=\"color: #000000;\" href=\"http:\/\/www.mujerruralemprendedora.com\/es\/wp-content\/uploads\/sites\/3\/2015\/02\/Cartel-curso-emprendimiento-Torre-Pacheco.pdf\" target=\"_blank\">Ver curso<\/a>.<\/span><span style=\"color: #000000;\">Si quieres ver como se est\u00e1 desarrollando pincha<\/span> <a title=\"As\u00ed se est\u00e1 desarrollando el curso \u201d Competencias C\u00edvicas y Sociales\u201d en Murcia\" href=\"http:\/\/www.mujerruralemprendedora.com\/es\/asi-se-esta-desarrollando-el-curso-competencias-civicas-y-sociales-en-murcia\/\" target=\"_blank\">aqui<\/a><\/td>\n<\/tr>\n<\/tbody>\n<\/table>\n<p>&nbsp;<\/p>\n<ul>\n<li><strong>Adem\u00e1s ofrecemos un listado de cursos que pod\u00e9is realizar a distancia u on line:<\/strong><\/li>\n<\/ul>\n<p>&#8211; Desarrolla tu modelo de negocio. 25 horas. <a title=\"Curso emprendimiento\" href=\"http:\/\/unimooc.com\/course\/curso-crea-tu-startup-steve-blank\/\" target=\"_blank\">Ver curso emprendimiento<\/a><\/p>\n<p>&#8211;\u00a0Programa Mujer Empresaria Emprendedora Directiva. <a title=\"Curso emprendimiento\" href=\"http:\/\/horizontexxii.com\/med-2\/\" target=\"_blank\">Ver programa emprendimiento<\/a><\/p>\n<p>&#8211; Herramientas para emprender.20 horas\u00a0<a title=\"Curso emprendimiento\" href=\"http:\/\/unimooc.com\/course\/recursos-y-herramientas-para-emprender\/\" target=\"_blank\">Ver curso emprendimiento<\/a><\/p>\n<p>&#8211; Legislaci\u00f3n para emprendedores. 20 horas. <a title=\"Curso emprendimiento\" href=\"http:\/\/unimooc.com\/course\/legislacion-para-emprendedores\/\" target=\"_blank\">Ver curso emprendimiento<\/a><\/p>\n<p>&#8211; Casos de \u00e9xito para emprendedores. 22 horas. <a title=\"Curso emprendimiento\" href=\"http:\/\/unimooc.com\/course\/casos-de-exito-de-emprendedores\/\" target=\"_blank\">Ver curso emprendimiento\u00a0<\/a><\/p>\n<p>&nbsp;<\/p>\n<ul>\n<li><strong>Y tambi\u00e9n un listado de cursos que pod\u00e9is realizar de manera presencial:<\/strong><\/li>\n<\/ul>\n<p>&#8211; Como montar tu propia empresa de servicios a la persona. 50 horas. Bola\u00f1os de Calatrava (Ciudad Real). <a href=\"http:\/\/www.mujerruralemprendedora.com\/es\/wp-content\/uploads\/sites\/3\/2015\/09\/CURSOBola\u00f1osOct15.jpg\" rel=\"fancybox[303]\">Ver curso emprendimiento<\/a><\/p>\n","protected":false},"excerpt":{"rendered":"<p>JORNADAS\u00a0EMPRENDIMIENTO Y ATENCI\u00d3N EN EL DOMICILIO El pr\u00f3ximo d\u00eda 5 de octubre de 2015 en Ciudad Real, llevaremos a cabo dentro de este programa una jornada de trabajo: Castilla la Mancha &#8211; Jornada de trabajo. \u00abEmprendimiento en el sector de la atenci\u00f3n a personas mayores y\/o dependientes. 5 horas de[&#8230;]<\/p>\n","protected":false},"author":3,"featured_media":0,"parent":43,"menu_order":0,"comment_status":"open","ping_status":"open","template":"","meta":{"footnotes":""},"class_list":["post-303","page","type-page","status-publish","hentry"],"yoast_head":"<!-- This site is optimized with the Yoast SEO plugin v27.5 - https:\/\/yoast.com\/product\/yoast-seo-wordpress\/ -->\n<title>Cursos emprendimiento - Mujer Rural Emprendedora<\/title>\n<meta name=\"description\" content=\"En los pr\u00f3ximos meses est\u00e1 previsto que se desarrollen cursos de competencias c\u00edvicas y sociales, emprendimiento y auxiliar de ayuda a domicilio\" \/>\n<meta name=\"robots\" content=\"index, follow, max-snippet:-1, max-image-preview:large, max-video-preview:-1\" \/>\n<link rel=\"canonical\" href=\"http:\/\/www.mujerruralemprendedora.com\/es\/informacion-y-formacion-emprendimiento\/formacion\/\" \/>\n<meta property=\"og:locale\" content=\"es_ES\" \/>\n<meta property=\"og:type\" content=\"article\" \/>\n<meta property=\"og:title\" content=\"Cursos emprendimiento - Mujer Rural Emprendedora\" \/>\n<meta property=\"og:description\" content=\"En los pr\u00f3ximos meses est\u00e1 previsto que se desarrollen cursos de competencias c\u00edvicas y sociales, emprendimiento y auxiliar de ayuda a domicilio\" \/>\n<meta property=\"og:url\" content=\"http:\/\/www.mujerruralemprendedora.com\/es\/informacion-y-formacion-emprendimiento\/formacion\/\" \/>\n<meta property=\"og:site_name\" content=\"Mujer Rural Emprendedora\" \/>\n<meta property=\"article:publisher\" content=\"http:\/\/www.facebook.com\/mujerruralemprendedora\" \/>\n<meta property=\"article:modified_time\" content=\"2015-10-08T18:52:09+00:00\" \/>\n<meta name=\"twitter:label1\" content=\"Tiempo de lectura\" \/>\n\t<meta name=\"twitter:data1\" content=\"2 minutos\" \/>\n<script type=\"application\/ld+json\" class=\"yoast-schema-graph\">{\"@context\":\"https:\\\/\\\/schema.org\",\"@graph\":[{\"@type\":\"WebPage\",\"@id\":\"http:\\\/\\\/www.mujerruralemprendedora.com\\\/es\\\/informacion-y-formacion-emprendimiento\\\/formacion\\\/\",\"url\":\"http:\\\/\\\/www.mujerruralemprendedora.com\\\/es\\\/informacion-y-formacion-emprendimiento\\\/formacion\\\/\",\"name\":\"Cursos emprendimiento - Mujer Rural Emprendedora\",\"isPartOf\":{\"@id\":\"http:\\\/\\\/www.mujerruralemprendedora.com\\\/es\\\/#website\"},\"datePublished\":\"2015-02-04T11:16:37+00:00\",\"dateModified\":\"2015-10-08T18:52:09+00:00\",\"description\":\"En los pr\u00f3ximos meses est\u00e1 previsto que se desarrollen cursos de competencias c\u00edvicas y sociales, emprendimiento y auxiliar de ayuda a domicilio\",\"breadcrumb\":{\"@id\":\"http:\\\/\\\/www.mujerruralemprendedora.com\\\/es\\\/informacion-y-formacion-emprendimiento\\\/formacion\\\/#breadcrumb\"},\"inLanguage\":\"es\",\"potentialAction\":[{\"@type\":\"ReadAction\",\"target\":[\"http:\\\/\\\/www.mujerruralemprendedora.com\\\/es\\\/informacion-y-formacion-emprendimiento\\\/formacion\\\/\"]}]},{\"@type\":\"BreadcrumbList\",\"@id\":\"http:\\\/\\\/www.mujerruralemprendedora.com\\\/es\\\/informacion-y-formacion-emprendimiento\\\/formacion\\\/#breadcrumb\",\"itemListElement\":[{\"@type\":\"ListItem\",\"position\":1,\"name\":\"Portada\",\"item\":\"http:\\\/\\\/www.mujerruralemprendedora.com\\\/es\\\/\"},{\"@type\":\"ListItem\",\"position\":2,\"name\":\"Informaci\u00f3n y formaci\u00f3n emprendimiento\",\"item\":\"http:\\\/\\\/www.mujerruralemprendedora.com\\\/es\\\/informacion-y-formacion-emprendimiento\\\/\"},{\"@type\":\"ListItem\",\"position\":3,\"name\":\"Cursos emprendimiento\"}]},{\"@type\":\"WebSite\",\"@id\":\"http:\\\/\\\/www.mujerruralemprendedora.com\\\/es\\\/#website\",\"url\":\"http:\\\/\\\/www.mujerruralemprendedora.com\\\/es\\\/\",\"name\":\"Mujer Rural Emprendedora\",\"description\":\"Otro sitio m\u00e1s de Sitios de Mujer Rural Emprendedora\",\"potentialAction\":[{\"@type\":\"SearchAction\",\"target\":{\"@type\":\"EntryPoint\",\"urlTemplate\":\"http:\\\/\\\/www.mujerruralemprendedora.com\\\/es\\\/?s={search_term_string}\"},\"query-input\":{\"@type\":\"PropertyValueSpecification\",\"valueRequired\":true,\"valueName\":\"search_term_string\"}}],\"inLanguage\":\"es\"}]}<\/script>\n<!-- \/ Yoast SEO plugin. -->","yoast_head_json":{"title":"Cursos emprendimiento - Mujer Rural Emprendedora","description":"En los pr\u00f3ximos meses est\u00e1 previsto que se desarrollen cursos de competencias c\u00edvicas y sociales, emprendimiento y auxiliar de ayuda a domicilio","robots":{"index":"index","follow":"follow","max-snippet":"max-snippet:-1","max-image-preview":"max-image-preview:large","max-video-preview":"max-video-preview:-1"},"canonical":"http:\/\/www.mujerruralemprendedora.com\/es\/informacion-y-formacion-emprendimiento\/formacion\/","og_locale":"es_ES","og_type":"article","og_title":"Cursos emprendimiento - Mujer Rural Emprendedora","og_description":"En los pr\u00f3ximos meses est\u00e1 previsto que se desarrollen cursos de competencias c\u00edvicas y sociales, emprendimiento y auxiliar de ayuda a domicilio","og_url":"http:\/\/www.mujerruralemprendedora.com\/es\/informacion-y-formacion-emprendimiento\/formacion\/","og_site_name":"Mujer Rural Emprendedora","article_publisher":"http:\/\/www.facebook.com\/mujerruralemprendedora","article_modified_time":"2015-10-08T18:52:09+00:00","twitter_misc":{"Tiempo de lectura":"2 minutos"},"schema":{"@context":"https:\/\/schema.org","@graph":[{"@type":"WebPage","@id":"http:\/\/www.mujerruralemprendedora.com\/es\/informacion-y-formacion-emprendimiento\/formacion\/","url":"http:\/\/www.mujerruralemprendedora.com\/es\/informacion-y-formacion-emprendimiento\/formacion\/","name":"Cursos emprendimiento - Mujer Rural Emprendedora","isPartOf":{"@id":"http:\/\/www.mujerruralemprendedora.com\/es\/#website"},"datePublished":"2015-02-04T11:16:37+00:00","dateModified":"2015-10-08T18:52:09+00:00","description":"En los pr\u00f3ximos meses est\u00e1 previsto que se desarrollen cursos de competencias c\u00edvicas y sociales, emprendimiento y auxiliar de ayuda a domicilio","breadcrumb":{"@id":"http:\/\/www.mujerruralemprendedora.com\/es\/informacion-y-formacion-emprendimiento\/formacion\/#breadcrumb"},"inLanguage":"es","potentialAction":[{"@type":"ReadAction","target":["http:\/\/www.mujerruralemprendedora.com\/es\/informacion-y-formacion-emprendimiento\/formacion\/"]}]},{"@type":"BreadcrumbList","@id":"http:\/\/www.mujerruralemprendedora.com\/es\/informacion-y-formacion-emprendimiento\/formacion\/#breadcrumb","itemListElement":[{"@type":"ListItem","position":1,"name":"Portada","item":"http:\/\/www.mujerruralemprendedora.com\/es\/"},{"@type":"ListItem","position":2,"name":"Informaci\u00f3n y formaci\u00f3n emprendimiento","item":"http:\/\/www.mujerruralemprendedora.com\/es\/informacion-y-formacion-emprendimiento\/"},{"@type":"ListItem","position":3,"name":"Cursos emprendimiento"}]},{"@type":"WebSite","@id":"http:\/\/www.mujerruralemprendedora.com\/es\/#website","url":"http:\/\/www.mujerruralemprendedora.com\/es\/","name":"Mujer Rural Emprendedora","description":"Otro sitio m\u00e1s de Sitios de Mujer Rural Emprendedora","potentialAction":[{"@type":"SearchAction","target":{"@type":"EntryPoint","urlTemplate":"http:\/\/www.mujerruralemprendedora.com\/es\/?s={search_term_string}"},"query-input":{"@type":"PropertyValueSpecification","valueRequired":true,"valueName":"search_term_string"}}],"inLanguage":"es"}]}},"_links":{"self":[{"href":"http:\/\/www.mujerruralemprendedora.com\/es\/wp-json\/wp\/v2\/pages\/303","targetHints":{"allow":["GET"]}}],"collection":[{"href":"http:\/\/www.mujerruralemprendedora.com\/es\/wp-json\/wp\/v2\/pages"}],"about":[{"href":"http:\/\/www.mujerruralemprendedora.com\/es\/wp-json\/wp\/v2\/types\/page"}],"author":[{"embeddable":true,"href":"http:\/\/www.mujerruralemprendedora.com\/es\/wp-json\/wp\/v2\/users\/3"}],"replies":[{"embeddable":true,"href":"http:\/\/www.mujerruralemprendedora.com\/es\/wp-json\/wp\/v2\/comments?post=303"}],"version-history":[{"count":44,"href":"http:\/\/www.mujerruralemprendedora.com\/es\/wp-json\/wp\/v2\/pages\/303\/revisions"}],"predecessor-version":[{"id":1745,"href":"http:\/\/www.mujerruralemprendedora.com\/es\/wp-json\/wp\/v2\/pages\/303\/revisions\/1745"}],"up":[{"embeddable":true,"href":"http:\/\/www.mujerruralemprendedora.com\/es\/wp-json\/wp\/v2\/pages\/43"}],"wp:attachment":[{"href":"http:\/\/www.mujerruralemprendedora.com\/es\/wp-json\/wp\/v2\/media?parent=303"}],"curies":[{"name":"wp","href":"https:\/\/api.w.org\/{rel}","templated":true}]}}