{"id":32,"date":"2015-01-25T23:10:42","date_gmt":"2015-01-25T23:10:42","guid":{"rendered":"http:\/\/www.mujerruralemprendedora.com\/es\/?page_id=32"},"modified":"2015-10-27T19:17:11","modified_gmt":"2015-10-27T19:17:11","slug":"actividades","status":"publish","type":"page","link":"http:\/\/www.mujerruralemprendedora.com\/es\/actividades\/","title":{"rendered":"Actividades Mujer Rural Emprendedora"},"content":{"rendered":"<h2><strong><span style=\"font-size: 18pt; background-color: #ffcc00;\">ACTIVIDADES REALIZADAS DEL PROYECTO<\/span><\/strong><\/h2>\n<p>&#8211; <strong>Rueda de prensa<\/strong> de presentaci\u00f3n del proyecto \u00abMujer Rural Emprendedora\u00bb<\/p>\n<p>&#8211; Creaci\u00f3n de un <strong>entorno virtual<\/strong> en el que las mujeres emprendedoras puedan intercambiar experiencias y recibir formaci\u00f3n e informaci\u00f3n sobre emprendimiento, atenci\u00f3n a los mayores\u00a0 y competencias c\u00edvicas y sociales.<\/p>\n<p>&#8211; <strong>Estudio<\/strong> sobre: las necesidades de la poblaci\u00f3n envejecida de las zonas rurales,\u00a0 el inter\u00e9s de las mujeres rurales por el autoempleo o la creaci\u00f3n de empresas y las necesidades de formaci\u00f3n (empresarial y t\u00e9cnica) para la mejora de la cualificaci\u00f3n profesional de las mujeres, de las zonas rurales,\u00a0 con actitud emprendedora. Las conclusiones del proyecto est\u00e1n disponibles pinchando en <a href=\"http:\/\/www.mujerruralemprendedora.com\/es\/wp-content\/uploads\/sites\/3\/2015\/02\/CONCLUSIONES_mujer_rural.pdf\">CONCLUSIONES_mujer_rural<\/a>.<\/p>\n<p>&#8211; <strong>Actividades de formaci\u00f3n gratuitas<\/strong> dirigidas a mujeres del medio rural con actitud emprendedora. Cursos de \u00abCuidados y necesidades de las personas mayores dependientes\u00bb, \u00abCompetencias sociales y c\u00edvicas\u00bb y \u00abEmprendimiento\u00bb se est\u00e1n realizando en las provincias de Ciudad Real, Murcia y La Rioja. M\u00e1s informaci\u00f3n en los apartados de <a title=\"Cursos ayuda a domicilio\" href=\"http:\/\/www.mujerruralemprendedora.com\/es\/informacion-y-formacion-ayuda\/cursos\/\">cursos\u00a0de ayuda a domicilio <\/a>y <a title=\"Cursos emprendimiento\" href=\"http:\/\/www.mujerruralemprendedora.com\/es\/informacion-y-formacion-emprendimiento\/formacion\/\">cursos de emprendedores<\/a>.<\/p>\n<p>&#8211; <strong>Jornada de trabajo emprendimiento en el sector de la atenci\u00f3n a personas mayores y\/o dependientes.\u00a0<\/strong>La jornada de trabajo en la que han participado mujeres de las provincias de Murcia, La Rioja, Alicante y Ciudad Real\u00a0tuvo lugar\u00a0en Ciudad Real el pasado 5 de octubre. M\u00e1s informaci\u00f3n en los apartados\u00a0de <a title=\"Cursos ayuda a domicilio\" href=\"http:\/\/www.mujerruralemprendedora.com\/es\/informacion-y-formacion-ayuda\/cursos\/\">cursos\u00a0de ayuda a domicilio <\/a>y <a title=\"Cursos emprendimiento\" href=\"http:\/\/www.mujerruralemprendedora.com\/es\/informacion-y-formacion-emprendimiento\/formacion\/\">cursos de emprendedores<\/a> y en el <a href=\"http:\/\/www.mujerruralemprendedora.com\/es\/jornada-de-trabajo-emprendimiento-en-el-sector-de-la-ayuda-a-domicilio-yo-dependencia\/\">blog<\/a>.<\/p>\n<p>&#8211; <strong>Rueda de prensa<\/strong> de\u00a0resultados del proyecto \u00abMujer Rural Emprendedora\u00bb. <a href=\"http:\/\/www.mujerruralemprendedora.com\/es\/wp-content\/uploads\/sites\/3\/2015\/10\/Cuadr\u00edptico-resultados.pdf\">Ver D\u00edptico informativo<\/a>.<\/p>\n<p>&nbsp;<\/p>\n","protected":false},"excerpt":{"rendered":"<p>ACTIVIDADES REALIZADAS DEL PROYECTO &#8211; Rueda de prensa de presentaci\u00f3n del proyecto \u00abMujer Rural Emprendedora\u00bb &#8211; Creaci\u00f3n de un entorno virtual en el que las mujeres emprendedoras puedan intercambiar experiencias y recibir formaci\u00f3n e informaci\u00f3n sobre emprendimiento, atenci\u00f3n a los mayores\u00a0 y competencias c\u00edvicas y sociales. &#8211; Estudio sobre: las[&#8230;]<\/p>\n","protected":false},"author":1,"featured_media":0,"parent":0,"menu_order":0,"comment_status":"closed","ping_status":"open","template":"","meta":{"footnotes":""},"class_list":["post-32","page","type-page","status-publish","hentry"],"yoast_head":"<!-- This site is optimized with the Yoast SEO plugin v27.5 - https:\/\/yoast.com\/product\/yoast-seo-wordpress\/ -->\n<title>Actividades- Mujer Rural Emprendedora<\/title>\n<meta name=\"description\" content=\"Rueda de prensa de presentaci\u00f3n proyecto mujer rural emprendedora Estudio actividades sobre necesidades de la poblaci\u00f3n envejecida de las zonas rurales\" \/>\n<meta name=\"robots\" content=\"index, follow, max-snippet:-1, max-image-preview:large, max-video-preview:-1\" \/>\n<link rel=\"canonical\" href=\"http:\/\/www.mujerruralemprendedora.com\/es\/actividades\/\" \/>\n<meta property=\"og:locale\" content=\"es_ES\" \/>\n<meta property=\"og:type\" content=\"article\" \/>\n<meta property=\"og:title\" content=\"Actividades- Mujer Rural Emprendedora\" \/>\n<meta property=\"og:description\" content=\"Rueda de prensa de presentaci\u00f3n proyecto mujer rural emprendedora Estudio actividades sobre necesidades de la poblaci\u00f3n envejecida de las zonas rurales\" \/>\n<meta property=\"og:url\" content=\"http:\/\/www.mujerruralemprendedora.com\/es\/actividades\/\" \/>\n<meta property=\"og:site_name\" content=\"Mujer Rural Emprendedora\" \/>\n<meta property=\"article:publisher\" content=\"http:\/\/www.facebook.com\/mujerruralemprendedora\" \/>\n<meta property=\"article:modified_time\" content=\"2015-10-27T19:17:11+00:00\" \/>\n<meta name=\"twitter:label1\" content=\"Tiempo de lectura\" \/>\n\t<meta name=\"twitter:data1\" content=\"1 minuto\" \/>\n<script type=\"application\/ld+json\" class=\"yoast-schema-graph\">{\"@context\":\"https:\\\/\\\/schema.org\",\"@graph\":[{\"@type\":\"WebPage\",\"@id\":\"http:\\\/\\\/www.mujerruralemprendedora.com\\\/es\\\/actividades\\\/\",\"url\":\"http:\\\/\\\/www.mujerruralemprendedora.com\\\/es\\\/actividades\\\/\",\"name\":\"Actividades- Mujer Rural Emprendedora\",\"isPartOf\":{\"@id\":\"http:\\\/\\\/www.mujerruralemprendedora.com\\\/es\\\/#website\"},\"datePublished\":\"2015-01-25T23:10:42+00:00\",\"dateModified\":\"2015-10-27T19:17:11+00:00\",\"description\":\"Rueda de prensa de presentaci\u00f3n proyecto mujer rural emprendedora Estudio actividades sobre necesidades de la poblaci\u00f3n envejecida de las zonas rurales\",\"breadcrumb\":{\"@id\":\"http:\\\/\\\/www.mujerruralemprendedora.com\\\/es\\\/actividades\\\/#breadcrumb\"},\"inLanguage\":\"es\",\"potentialAction\":[{\"@type\":\"ReadAction\",\"target\":[\"http:\\\/\\\/www.mujerruralemprendedora.com\\\/es\\\/actividades\\\/\"]}]},{\"@type\":\"BreadcrumbList\",\"@id\":\"http:\\\/\\\/www.mujerruralemprendedora.com\\\/es\\\/actividades\\\/#breadcrumb\",\"itemListElement\":[{\"@type\":\"ListItem\",\"position\":1,\"name\":\"Portada\",\"item\":\"http:\\\/\\\/www.mujerruralemprendedora.com\\\/es\\\/\"},{\"@type\":\"ListItem\",\"position\":2,\"name\":\"Actividades Mujer Rural Emprendedora\"}]},{\"@type\":\"WebSite\",\"@id\":\"http:\\\/\\\/www.mujerruralemprendedora.com\\\/es\\\/#website\",\"url\":\"http:\\\/\\\/www.mujerruralemprendedora.com\\\/es\\\/\",\"name\":\"Mujer Rural Emprendedora\",\"description\":\"Otro sitio m\u00e1s de Sitios de Mujer Rural Emprendedora\",\"potentialAction\":[{\"@type\":\"SearchAction\",\"target\":{\"@type\":\"EntryPoint\",\"urlTemplate\":\"http:\\\/\\\/www.mujerruralemprendedora.com\\\/es\\\/?s={search_term_string}\"},\"query-input\":{\"@type\":\"PropertyValueSpecification\",\"valueRequired\":true,\"valueName\":\"search_term_string\"}}],\"inLanguage\":\"es\"}]}<\/script>\n<!-- \/ Yoast SEO plugin. -->","yoast_head_json":{"title":"Actividades- Mujer Rural Emprendedora","description":"Rueda de prensa de presentaci\u00f3n proyecto mujer rural emprendedora Estudio actividades sobre necesidades de la poblaci\u00f3n envejecida de las zonas rurales","robots":{"index":"index","follow":"follow","max-snippet":"max-snippet:-1","max-image-preview":"max-image-preview:large","max-video-preview":"max-video-preview:-1"},"canonical":"http:\/\/www.mujerruralemprendedora.com\/es\/actividades\/","og_locale":"es_ES","og_type":"article","og_title":"Actividades- Mujer Rural Emprendedora","og_description":"Rueda de prensa de presentaci\u00f3n proyecto mujer rural emprendedora Estudio actividades sobre necesidades de la poblaci\u00f3n envejecida de las zonas rurales","og_url":"http:\/\/www.mujerruralemprendedora.com\/es\/actividades\/","og_site_name":"Mujer Rural Emprendedora","article_publisher":"http:\/\/www.facebook.com\/mujerruralemprendedora","article_modified_time":"2015-10-27T19:17:11+00:00","twitter_misc":{"Tiempo de lectura":"1 minuto"},"schema":{"@context":"https:\/\/schema.org","@graph":[{"@type":"WebPage","@id":"http:\/\/www.mujerruralemprendedora.com\/es\/actividades\/","url":"http:\/\/www.mujerruralemprendedora.com\/es\/actividades\/","name":"Actividades- Mujer Rural Emprendedora","isPartOf":{"@id":"http:\/\/www.mujerruralemprendedora.com\/es\/#website"},"datePublished":"2015-01-25T23:10:42+00:00","dateModified":"2015-10-27T19:17:11+00:00","description":"Rueda de prensa de presentaci\u00f3n proyecto mujer rural emprendedora Estudio actividades sobre necesidades de la poblaci\u00f3n envejecida de las zonas rurales","breadcrumb":{"@id":"http:\/\/www.mujerruralemprendedora.com\/es\/actividades\/#breadcrumb"},"inLanguage":"es","potentialAction":[{"@type":"ReadAction","target":["http:\/\/www.mujerruralemprendedora.com\/es\/actividades\/"]}]},{"@type":"BreadcrumbList","@id":"http:\/\/www.mujerruralemprendedora.com\/es\/actividades\/#breadcrumb","itemListElement":[{"@type":"ListItem","position":1,"name":"Portada","item":"http:\/\/www.mujerruralemprendedora.com\/es\/"},{"@type":"ListItem","position":2,"name":"Actividades Mujer Rural Emprendedora"}]},{"@type":"WebSite","@id":"http:\/\/www.mujerruralemprendedora.com\/es\/#website","url":"http:\/\/www.mujerruralemprendedora.com\/es\/","name":"Mujer Rural Emprendedora","description":"Otro sitio m\u00e1s de Sitios de Mujer Rural Emprendedora","potentialAction":[{"@type":"SearchAction","target":{"@type":"EntryPoint","urlTemplate":"http:\/\/www.mujerruralemprendedora.com\/es\/?s={search_term_string}"},"query-input":{"@type":"PropertyValueSpecification","valueRequired":true,"valueName":"search_term_string"}}],"inLanguage":"es"}]}},"_links":{"self":[{"href":"http:\/\/www.mujerruralemprendedora.com\/es\/wp-json\/wp\/v2\/pages\/32","targetHints":{"allow":["GET"]}}],"collection":[{"href":"http:\/\/www.mujerruralemprendedora.com\/es\/wp-json\/wp\/v2\/pages"}],"about":[{"href":"http:\/\/www.mujerruralemprendedora.com\/es\/wp-json\/wp\/v2\/types\/page"}],"author":[{"embeddable":true,"href":"http:\/\/www.mujerruralemprendedora.com\/es\/wp-json\/wp\/v2\/users\/1"}],"replies":[{"embeddable":true,"href":"http:\/\/www.mujerruralemprendedora.com\/es\/wp-json\/wp\/v2\/comments?post=32"}],"version-history":[{"count":21,"href":"http:\/\/www.mujerruralemprendedora.com\/es\/wp-json\/wp\/v2\/pages\/32\/revisions"}],"predecessor-version":[{"id":1764,"href":"http:\/\/www.mujerruralemprendedora.com\/es\/wp-json\/wp\/v2\/pages\/32\/revisions\/1764"}],"wp:attachment":[{"href":"http:\/\/www.mujerruralemprendedora.com\/es\/wp-json\/wp\/v2\/media?parent=32"}],"curies":[{"name":"wp","href":"https:\/\/api.w.org\/{rel}","templated":true}]}}