{"id":35,"date":"2015-01-25T23:11:58","date_gmt":"2015-01-25T23:11:58","guid":{"rendered":"http:\/\/www.mujerruralemprendedora.com\/es\/?page_id=35"},"modified":"2015-10-27T19:12:11","modified_gmt":"2015-10-27T19:12:11","slug":"resultados","status":"publish","type":"page","link":"http:\/\/www.mujerruralemprendedora.com\/es\/resultados\/","title":{"rendered":"Resultados"},"content":{"rendered":"<h2><span style=\"font-size: 18pt; background-color: #ffcc00;\"><strong>RESULTADOS DEL PROYECTO<\/strong><\/span><\/h2>\n<p>&#8211; <strong>Estudio.<\/strong> Pinchando en la imagen puedes acceder a las conclusiones del estudio de la situaci\u00f3n de partida obtenido tras el an\u00e1lisis de datos en Murcia, La Rioja y Ciudad Real.<\/p>\n<p><a title=\"Conclusiones estudio\" href=\"http:\/\/www.mujerruralemprendedora.com\/es\/wp-content\/uploads\/sites\/3\/2015\/02\/CONCLUSIONES_mujer_rural.pdf\"> <img loading=\"lazy\" decoding=\"async\" class=\"alignnone wp-image-442\" src=\"http:\/\/www.mujerruralemprendedora.com\/es\/wp-content\/uploads\/sites\/3\/2015\/01\/Conclusiones-212x300.jpg\" alt=\"Conclusiones\" width=\"187\" height=\"266\" \/><\/a><\/p>\n<p>&#8211;<strong>Creaci\u00f3n del entorno virtual www.mujerruralemprendedora.com. <\/strong>Con contenidos en castellano e ingl\u00e9s, este entorno virtual ha pretendido fomentar la motivaci\u00f3n y las habilidades de las mujeres rurales, con la finalidad de proporcionarles herramientas que generen autoempleo o empresas dedicadas a la ayuda a domicilio a personas envejecidas en situaci\u00f3n de dependencia. Un paseo por la p\u00e1gina da muestra de los contenidos y resultados logrados.<\/p>\n<p><strong>-Sistema de informaci\u00f3n-formaci\u00f3n, asesoramiento y apoyo a mujeres del medio rural, acompa\u00f1ado de un programa de perfeccionamiento basado en la formaci\u00f3n.\u00a0\u00a0<\/strong>110 mujeres se han beneficiado directamente de este sistema de informaci\u00f3n-formaci\u00f3n, recibiendo formaci\u00f3n en materia de emprendimiento, competencias sociales y c\u00edvicas y cuidados y necesidades de personas mayores dependientes. M\u00e1s informaci\u00f3n en los apartados de <a title=\"Cursos ayuda a domicilio\" href=\"http:\/\/www.mujerruralemprendedora.com\/es\/informacion-y-formacion-ayuda\/cursos\/\">cursos\u00a0de ayuda a domicilio <\/a>y <a title=\"Cursos emprendimiento\" href=\"http:\/\/www.mujerruralemprendedora.com\/es\/informacion-y-formacion-emprendimiento\/formacion\/\">cursos de emprendedores<\/a>.<\/p>\n<p>&#8211;<strong>Desarrollo de un grupo de discusi\u00f3n con mujeres emprendedoras del medio rural.\u00a0<\/strong>La jornada de trabajo se llev\u00f3 a cabo en Ciudad Real el pasado 5 de octubre, asistiendo mujeres de las distintas comunidades aut\u00f3nomas implicadas en el proyecto. M\u00e1s informaci\u00f3n en los apartados de <a title=\"Cursos ayuda a domicilio\" href=\"http:\/\/www.mujerruralemprendedora.com\/es\/informacion-y-formacion-ayuda\/cursos\/\">cursos\u00a0de ayuda a domicilio <\/a>y <a title=\"Cursos emprendimiento\" href=\"http:\/\/www.mujerruralemprendedora.com\/es\/informacion-y-formacion-emprendimiento\/formacion\/\">cursos de emprendedores<\/a>\u00a0y en el <a href=\"http:\/\/www.mujerruralemprendedora.com\/es\/jornada-de-trabajo-emprendimiento-en-el-sector-de-la-ayuda-a-domicilio-yo-dependencia\/\">blog<\/a>.<\/p>\n<p>&#8211;<strong>Divulgaci\u00f3n y presencia en medios de comunicaci\u00f3n. \u00a0<\/strong>El proyecto est\u00e1 llegando a sus hogares gracias tambi\u00e9n a la divulgaci\u00f3n por parte de prensa, radio y televisiones. Aqu\u00ed dejamos algunos ejemplos:<\/p>\n<p><strong><span style=\"color: #ffffff; background-color: #000000;\">TELEVISIONES:<\/span><\/strong><\/p>\n<table class=\" aligncenter\" style=\"height: 242px; border-color: #fcfcfc;\" width=\"795\" cellpadding=\"0\">\n<tbody>\n<tr>\n<td><iframe loading=\"lazy\" src=\"https:\/\/www.youtube.com\/embed\/b6kSkVRGHNk\" width=\"400\" height=\"225\" frameborder=\"0\" allowfullscreen=\"allowfullscreen\"><\/iframe><\/td>\n<td><iframe loading=\"lazy\" src=\"https:\/\/www.youtube.com\/embed\/hPt81QFT86Y\" width=\"399\" height=\"224\" frameborder=\"0\" allowfullscreen=\"allowfullscreen\"><\/iframe><\/td>\n<\/tr>\n<\/tbody>\n<\/table>\n<p>&nbsp;<\/p>\n<p><strong><span style=\"color: #ffffff; background-color: #000000;\">PRENSA ESCRITA Y DIGITAL:<\/span><\/strong><\/p>\n<table class=\" aligncenter\" style=\"height: 202px;\" width=\"447\">\n<tbody>\n<tr>\n<td><img loading=\"lazy\" decoding=\"async\" class=\"alignnone wp-image-674\" src=\"http:\/\/www.mujerruralemprendedora.com\/es\/wp-content\/uploads\/sites\/3\/2015\/01\/portada-abc-231x300.gif\" alt=\"portada abc\" width=\"140\" height=\"182\" srcset=\"http:\/\/www.mujerruralemprendedora.com\/es\/wp-content\/uploads\/sites\/3\/2015\/01\/portada-abc-231x300.gif 231w, http:\/\/www.mujerruralemprendedora.com\/es\/wp-content\/uploads\/sites\/3\/2015\/01\/portada-abc-270x350.gif 270w\" sizes=\"auto, (max-width: 140px) 100vw, 140px\" \/><\/td>\n<td><img loading=\"lazy\" decoding=\"async\" class=\"alignnone size-full wp-image-676\" src=\"http:\/\/www.mujerruralemprendedora.com\/es\/wp-content\/uploads\/sites\/3\/2015\/01\/Media-Portadas-TCR-P.jpg\" alt=\"Media-Portadas-TCR-P\" width=\"141\" height=\"187\" \/><\/td>\n<td><img loading=\"lazy\" decoding=\"async\" class=\"alignnone wp-image-678\" src=\"http:\/\/www.mujerruralemprendedora.com\/es\/wp-content\/uploads\/sites\/3\/2015\/01\/PORTADA-LANZA-217x300.jpg\" alt=\"PORTADA LANZA\" width=\"136\" height=\"189\" srcset=\"http:\/\/www.mujerruralemprendedora.com\/es\/wp-content\/uploads\/sites\/3\/2015\/01\/PORTADA-LANZA-217x300.jpg 217w, http:\/\/www.mujerruralemprendedora.com\/es\/wp-content\/uploads\/sites\/3\/2015\/01\/PORTADA-LANZA-742x1024.jpg 742w, http:\/\/www.mujerruralemprendedora.com\/es\/wp-content\/uploads\/sites\/3\/2015\/01\/PORTADA-LANZA-600x828.jpg 600w, http:\/\/www.mujerruralemprendedora.com\/es\/wp-content\/uploads\/sites\/3\/2015\/01\/PORTADA-LANZA.jpg 1159w\" sizes=\"auto, (max-width: 136px) 100vw, 136px\" \/><\/td>\n<\/tr>\n<\/tbody>\n<\/table>\n<p><a href=\"http:\/\/www.mujerruralemprendedora.com\/es\/wp-content\/uploads\/sites\/3\/2015\/10\/Tribuna-proyecto.jpg\" rel=\"fancybox[35]\"><img loading=\"lazy\" decoding=\"async\" class=\"wp-image-1755 alignleft\" src=\"http:\/\/www.mujerruralemprendedora.com\/es\/wp-content\/uploads\/sites\/3\/2015\/10\/Tribuna-proyecto.jpg\" alt=\"Tribuna proyecto\" width=\"183\" height=\"245\" \/><\/a><a href=\"http:\/\/www.mujerruralemprendedora.com\/es\/wp-content\/uploads\/sites\/3\/2015\/10\/Tribuna-jornada.jpg\" rel=\"fancybox[35]\"><img loading=\"lazy\" decoding=\"async\" class=\"wp-image-1754 alignleft\" src=\"http:\/\/www.mujerruralemprendedora.com\/es\/wp-content\/uploads\/sites\/3\/2015\/10\/Tribuna-jornada.jpg\" alt=\"Tribuna jornada\" width=\"182\" height=\"243\" \/><\/a><a href=\"http:\/\/www.mujerruralemprendedora.com\/es\/wp-content\/uploads\/sites\/3\/2015\/10\/Tribuna-proyecto.jpg\"><br \/>\n<\/a><\/p>\n<p>&nbsp;<\/p>\n","protected":false},"excerpt":{"rendered":"<p>RESULTADOS DEL PROYECTO &#8211; Estudio. Pinchando en la imagen puedes acceder a las conclusiones del estudio de la situaci\u00f3n de partida obtenido tras el an\u00e1lisis de datos en Murcia, La Rioja y Ciudad Real. &#8211;Creaci\u00f3n del entorno virtual www.mujerruralemprendedora.com. Con contenidos en castellano e ingl\u00e9s, este entorno virtual ha pretendido[&#8230;]<\/p>\n","protected":false},"author":1,"featured_media":0,"parent":0,"menu_order":0,"comment_status":"closed","ping_status":"open","template":"template-fullwidth.php","meta":{"footnotes":""},"class_list":["post-35","page","type-page","status-publish","hentry"],"yoast_head":"<!-- This site is optimized with the Yoast SEO plugin v27.4 - https:\/\/yoast.com\/product\/yoast-seo-wordpress\/ -->\n<title>Resultados del proyecto- Mujer Rural Emprendedora<\/title>\n<meta name=\"description\" content=\"RESULTADOS DEL PROYECTO- Estudio. Pinchando en la imagen puedes acceder a las conclusiones del estudio de la situaci\u00f3n de partida ...\" \/>\n<meta name=\"robots\" content=\"index, follow, max-snippet:-1, max-image-preview:large, max-video-preview:-1\" \/>\n<link rel=\"canonical\" href=\"http:\/\/www.mujerruralemprendedora.com\/es\/resultados\/\" \/>\n<meta property=\"og:locale\" content=\"es_ES\" \/>\n<meta property=\"og:type\" content=\"article\" \/>\n<meta property=\"og:title\" content=\"Resultados del proyecto- Mujer Rural Emprendedora\" \/>\n<meta property=\"og:description\" content=\"RESULTADOS DEL PROYECTO- Estudio. Pinchando en la imagen puedes acceder a las conclusiones del estudio de la situaci\u00f3n de partida ...\" \/>\n<meta property=\"og:url\" content=\"http:\/\/www.mujerruralemprendedora.com\/es\/resultados\/\" \/>\n<meta property=\"og:site_name\" content=\"Mujer Rural Emprendedora\" \/>\n<meta property=\"article:publisher\" content=\"http:\/\/www.facebook.com\/mujerruralemprendedora\" \/>\n<meta property=\"article:modified_time\" content=\"2015-10-27T19:12:11+00:00\" \/>\n<meta property=\"og:image\" content=\"http:\/\/www.mujerruralemprendedora.com\/es\/wp-content\/uploads\/sites\/3\/2015\/01\/Conclusiones-212x300.jpg\" \/>\n<meta name=\"twitter:label1\" content=\"Tiempo de lectura\" \/>\n\t<meta name=\"twitter:data1\" content=\"1 minuto\" \/>\n<script type=\"application\/ld+json\" class=\"yoast-schema-graph\">{\"@context\":\"https:\\\/\\\/schema.org\",\"@graph\":[{\"@type\":\"WebPage\",\"@id\":\"http:\\\/\\\/www.mujerruralemprendedora.com\\\/es\\\/resultados\\\/\",\"url\":\"http:\\\/\\\/www.mujerruralemprendedora.com\\\/es\\\/resultados\\\/\",\"name\":\"Resultados del proyecto- Mujer Rural Emprendedora\",\"isPartOf\":{\"@id\":\"http:\\\/\\\/www.mujerruralemprendedora.com\\\/es\\\/#website\"},\"primaryImageOfPage\":{\"@id\":\"http:\\\/\\\/www.mujerruralemprendedora.com\\\/es\\\/resultados\\\/#primaryimage\"},\"image\":{\"@id\":\"http:\\\/\\\/www.mujerruralemprendedora.com\\\/es\\\/resultados\\\/#primaryimage\"},\"thumbnailUrl\":\"http:\\\/\\\/www.mujerruralemprendedora.com\\\/es\\\/wp-content\\\/uploads\\\/sites\\\/3\\\/2015\\\/01\\\/Conclusiones-212x300.jpg\",\"datePublished\":\"2015-01-25T23:11:58+00:00\",\"dateModified\":\"2015-10-27T19:12:11+00:00\",\"description\":\"RESULTADOS DEL PROYECTO- Estudio. Pinchando en la imagen puedes acceder a las conclusiones del estudio de la situaci\u00f3n de partida ...\",\"breadcrumb\":{\"@id\":\"http:\\\/\\\/www.mujerruralemprendedora.com\\\/es\\\/resultados\\\/#breadcrumb\"},\"inLanguage\":\"es\",\"potentialAction\":[{\"@type\":\"ReadAction\",\"target\":[\"http:\\\/\\\/www.mujerruralemprendedora.com\\\/es\\\/resultados\\\/\"]}]},{\"@type\":\"ImageObject\",\"inLanguage\":\"es\",\"@id\":\"http:\\\/\\\/www.mujerruralemprendedora.com\\\/es\\\/resultados\\\/#primaryimage\",\"url\":\"http:\\\/\\\/www.mujerruralemprendedora.com\\\/es\\\/wp-content\\\/uploads\\\/sites\\\/3\\\/2015\\\/01\\\/Conclusiones.jpg\",\"contentUrl\":\"http:\\\/\\\/www.mujerruralemprendedora.com\\\/es\\\/wp-content\\\/uploads\\\/sites\\\/3\\\/2015\\\/01\\\/Conclusiones.jpg\",\"width\":634,\"height\":896},{\"@type\":\"BreadcrumbList\",\"@id\":\"http:\\\/\\\/www.mujerruralemprendedora.com\\\/es\\\/resultados\\\/#breadcrumb\",\"itemListElement\":[{\"@type\":\"ListItem\",\"position\":1,\"name\":\"Portada\",\"item\":\"http:\\\/\\\/www.mujerruralemprendedora.com\\\/es\\\/\"},{\"@type\":\"ListItem\",\"position\":2,\"name\":\"Resultados\"}]},{\"@type\":\"WebSite\",\"@id\":\"http:\\\/\\\/www.mujerruralemprendedora.com\\\/es\\\/#website\",\"url\":\"http:\\\/\\\/www.mujerruralemprendedora.com\\\/es\\\/\",\"name\":\"Mujer Rural Emprendedora\",\"description\":\"Otro sitio m\u00e1s de Sitios de Mujer Rural Emprendedora\",\"potentialAction\":[{\"@type\":\"SearchAction\",\"target\":{\"@type\":\"EntryPoint\",\"urlTemplate\":\"http:\\\/\\\/www.mujerruralemprendedora.com\\\/es\\\/?s={search_term_string}\"},\"query-input\":{\"@type\":\"PropertyValueSpecification\",\"valueRequired\":true,\"valueName\":\"search_term_string\"}}],\"inLanguage\":\"es\"}]}<\/script>\n<!-- \/ Yoast SEO plugin. -->","yoast_head_json":{"title":"Resultados del proyecto- Mujer Rural Emprendedora","description":"RESULTADOS DEL PROYECTO- Estudio. Pinchando en la imagen puedes acceder a las conclusiones del estudio de la situaci\u00f3n de partida ...","robots":{"index":"index","follow":"follow","max-snippet":"max-snippet:-1","max-image-preview":"max-image-preview:large","max-video-preview":"max-video-preview:-1"},"canonical":"http:\/\/www.mujerruralemprendedora.com\/es\/resultados\/","og_locale":"es_ES","og_type":"article","og_title":"Resultados del proyecto- Mujer Rural Emprendedora","og_description":"RESULTADOS DEL PROYECTO- Estudio. Pinchando en la imagen puedes acceder a las conclusiones del estudio de la situaci\u00f3n de partida ...","og_url":"http:\/\/www.mujerruralemprendedora.com\/es\/resultados\/","og_site_name":"Mujer Rural Emprendedora","article_publisher":"http:\/\/www.facebook.com\/mujerruralemprendedora","article_modified_time":"2015-10-27T19:12:11+00:00","og_image":[{"url":"http:\/\/www.mujerruralemprendedora.com\/es\/wp-content\/uploads\/sites\/3\/2015\/01\/Conclusiones-212x300.jpg","type":"","width":"","height":""}],"twitter_misc":{"Tiempo de lectura":"1 minuto"},"schema":{"@context":"https:\/\/schema.org","@graph":[{"@type":"WebPage","@id":"http:\/\/www.mujerruralemprendedora.com\/es\/resultados\/","url":"http:\/\/www.mujerruralemprendedora.com\/es\/resultados\/","name":"Resultados del proyecto- Mujer Rural Emprendedora","isPartOf":{"@id":"http:\/\/www.mujerruralemprendedora.com\/es\/#website"},"primaryImageOfPage":{"@id":"http:\/\/www.mujerruralemprendedora.com\/es\/resultados\/#primaryimage"},"image":{"@id":"http:\/\/www.mujerruralemprendedora.com\/es\/resultados\/#primaryimage"},"thumbnailUrl":"http:\/\/www.mujerruralemprendedora.com\/es\/wp-content\/uploads\/sites\/3\/2015\/01\/Conclusiones-212x300.jpg","datePublished":"2015-01-25T23:11:58+00:00","dateModified":"2015-10-27T19:12:11+00:00","description":"RESULTADOS DEL PROYECTO- Estudio. Pinchando en la imagen puedes acceder a las conclusiones del estudio de la situaci\u00f3n de partida ...","breadcrumb":{"@id":"http:\/\/www.mujerruralemprendedora.com\/es\/resultados\/#breadcrumb"},"inLanguage":"es","potentialAction":[{"@type":"ReadAction","target":["http:\/\/www.mujerruralemprendedora.com\/es\/resultados\/"]}]},{"@type":"ImageObject","inLanguage":"es","@id":"http:\/\/www.mujerruralemprendedora.com\/es\/resultados\/#primaryimage","url":"http:\/\/www.mujerruralemprendedora.com\/es\/wp-content\/uploads\/sites\/3\/2015\/01\/Conclusiones.jpg","contentUrl":"http:\/\/www.mujerruralemprendedora.com\/es\/wp-content\/uploads\/sites\/3\/2015\/01\/Conclusiones.jpg","width":634,"height":896},{"@type":"BreadcrumbList","@id":"http:\/\/www.mujerruralemprendedora.com\/es\/resultados\/#breadcrumb","itemListElement":[{"@type":"ListItem","position":1,"name":"Portada","item":"http:\/\/www.mujerruralemprendedora.com\/es\/"},{"@type":"ListItem","position":2,"name":"Resultados"}]},{"@type":"WebSite","@id":"http:\/\/www.mujerruralemprendedora.com\/es\/#website","url":"http:\/\/www.mujerruralemprendedora.com\/es\/","name":"Mujer Rural Emprendedora","description":"Otro sitio m\u00e1s de Sitios de Mujer Rural Emprendedora","potentialAction":[{"@type":"SearchAction","target":{"@type":"EntryPoint","urlTemplate":"http:\/\/www.mujerruralemprendedora.com\/es\/?s={search_term_string}"},"query-input":{"@type":"PropertyValueSpecification","valueRequired":true,"valueName":"search_term_string"}}],"inLanguage":"es"}]}},"_links":{"self":[{"href":"http:\/\/www.mujerruralemprendedora.com\/es\/wp-json\/wp\/v2\/pages\/35","targetHints":{"allow":["GET"]}}],"collection":[{"href":"http:\/\/www.mujerruralemprendedora.com\/es\/wp-json\/wp\/v2\/pages"}],"about":[{"href":"http:\/\/www.mujerruralemprendedora.com\/es\/wp-json\/wp\/v2\/types\/page"}],"author":[{"embeddable":true,"href":"http:\/\/www.mujerruralemprendedora.com\/es\/wp-json\/wp\/v2\/users\/1"}],"replies":[{"embeddable":true,"href":"http:\/\/www.mujerruralemprendedora.com\/es\/wp-json\/wp\/v2\/comments?post=35"}],"version-history":[{"count":25,"href":"http:\/\/www.mujerruralemprendedora.com\/es\/wp-json\/wp\/v2\/pages\/35\/revisions"}],"predecessor-version":[{"id":1761,"href":"http:\/\/www.mujerruralemprendedora.com\/es\/wp-json\/wp\/v2\/pages\/35\/revisions\/1761"}],"wp:attachment":[{"href":"http:\/\/www.mujerruralemprendedora.com\/es\/wp-json\/wp\/v2\/media?parent=35"}],"curies":[{"name":"wp","href":"https:\/\/api.w.org\/{rel}","templated":true}]}}