{"id":444,"date":"2015-02-13T11:37:41","date_gmt":"2015-02-13T11:37:41","guid":{"rendered":"http:\/\/www.mujerruralemprendedora.com\/es\/?page_id=444"},"modified":"2015-05-15T08:26:58","modified_gmt":"2015-05-15T08:26:58","slug":"mas-ideas","status":"publish","type":"page","link":"http:\/\/www.mujerruralemprendedora.com\/es\/mas-ideas\/","title":{"rendered":"M\u00c1S IDEAS"},"content":{"rendered":"<p><span style=\"font-size: 14pt;\">El mundo del emprendimiento y de la ayuda a domicilio es inmenso, cualquier informaci\u00f3n es de gran utilidad\u00a0\u00a0y ah\u00ed estamos nosotros. \u00a0Os ofrecemos dossieres informativos y algunos enlaces de inter\u00e9s para que ampli\u00e9is conocimientos y pod\u00e1is desarrollar vuestra actividad con todas las garant\u00edas.<\/span><\/p>\n<p>&nbsp;<\/p>\n<table class=\" aligncenter\" style=\"height: 323px;\" width=\"776\">\n<tbody>\n<tr>\n<td><span style=\"color: #800000;\">Dossier de ejercicio f\u00edsico en personas mayores con deterioro cognitivo.<\/span> \u00a0<a title=\"Ayuda a domicilio\" href=\"http:\/\/ocw.um.es\/cc.-de-la-salud\/medicina-fisica-rehabilitacion-y-fisioterapia-en\/material-de-clase-1\/tema-06.pdf\" target=\"_blank\">Descargar<\/a><\/td>\n<\/tr>\n<tr>\n<td><span style=\"color: #800000;\">Diez libros recomendados para el emprendimiento. <span style=\"color: #0000ff;\"><a href=\"http:\/\/www.eleconomista.es\/emprendedores-pymes\/noticias\/5725055\/04\/14\/Diez-libros-recomendados-para-los-emprendedores.html#.Kku8R5cS3DI5Sv2\" target=\"_blank\">Descargar<\/a><\/span><\/span><\/td>\n<\/tr>\n<tr>\n<td><span style=\"color: #800000;\">Manual del emprendedor.<\/span> <a title=\"Emprendimiento\" href=\"http:\/\/www.camarasalamanca.com\/vue\/documentos\/manualemprendedor.pdf\" target=\"_blank\">Descargar<\/a><\/td>\n<\/tr>\n<tr>\n<td><span style=\"color: #800000;\">Programa de Fomento de Autonom\u00eda Personal.<\/span> <a title=\"Programa de Autonomia Personal\" href=\"http:\/\/sertocam.blogspot.com.es\/2015\/03\/programa-de-fomento-de-autonomia.html\" target=\"_blank\">Descargar<\/a><\/td>\n<\/tr>\n<tr>\n<td><span style=\"color: #800000;\">Ley de\u00a0Promoci\u00f3n de la Autonom\u00eda Personal y Atenci\u00f3n a las personas en situaci\u00f3n de dependencia.<\/span> <a title=\"Ayuda a domicilio\" href=\"http:\/\/www.boe.es\/buscar\/pdf\/2006\/BOE-A-2006-21990-consolidado.pdf\" target=\"_blank\">Descargar<\/a><\/td>\n<\/tr>\n<tr>\n<td><span style=\"color: #800000;\">Gu\u00eda de recursos para personas mayores en el Pais Vasco.<\/span> <a title=\"Ayuda a domicilio\" href=\"http:\/\/www.guiaparamayores.org\/ayuda_domicilio.php\" target=\"_blank\">Descargar<\/a><\/td>\n<\/tr>\n<tr>\n<td><span style=\"color: #800000;\">\u00bfQuieres dar tus primeros pasos como emprendedor? Aqui te ayudamos.<\/span> <a title=\"Emprendedora\" href=\"http:\/\/www.orientacionemprendedores.com\/\" target=\"_blank\">Descargar<\/a><\/td>\n<\/tr>\n<tr>\n<td><span style=\"color: #800000;\">Comida sana para personas mayores.<\/span> <a title=\"Ayuda a domicilio\" href=\"http:\/\/cocinar-ricoysano.blogspot.com.es\/2013\/09\/la-nutricion-en-las-personas-mayores-ii.html\" target=\"_blank\">Descargar<\/a><\/td>\n<\/tr>\n<tr>\n<td><span style=\"color: #800000;\">Antes de lanzarte a abrir tu nuevo negocio tienes que leer esto.<\/span> <a title=\"Emprendedora\" href=\"http:\/\/www.industria.gob.ar\/wp-content\/uploads\/2013\/06\/Manual-AE.pdf\" target=\"_blank\">Descargar<\/a><\/td>\n<\/tr>\n<tr>\n<td><span style=\"color: #800000;\">Guia asociaciones de mayores en Espa\u00f1a.<\/span> <a title=\"Ayuda a domicilio\" href=\"http:\/\/envejecimiento.csic.es\/documentos\/documentos\/guia-asociaciones-mayores-2012.pdf\" target=\"_blank\">Descargar<\/a><\/td>\n<\/tr>\n<tr>\n<td><span style=\"color: #800000;\">Como prevenir las heridas en personas inmovilizadas.<\/span> <a title=\"Prevenir las heridas en personas inmovilizadas\" href=\"http:\/\/www.alzheimeruniversal.eu\/2013\/01\/25\/heridas-y-escaras-en-personas-inmovilizadas\/\" target=\"_blank\">Descargar<\/a><\/td>\n<\/tr>\n<tr>\n<td><span style=\"color: #800000;\">Envejecimiento cognitivo, \u00bfqu\u00e9 es? \u00bfc\u00f3mo tratarlo?.<\/span> <a title=\"Ayuda a domicilio\" href=\"http:\/\/www.scielo.cl\/pdf\/rla\/v48n1\/art_05.pdf\" target=\"_blank\">Descargar<\/a><\/td>\n<\/tr>\n<tr>\n<td><span style=\"color: #800000;\">Ejercicio f\u00edsico para todos los mayores: moverse es cuidarse.<\/span> <a title=\"Ayuda a domicilio\" href=\"http:\/\/www.madrid.es\/UnidadesDescentralizadas\/Mayores\/Publicaciones\/Ficheros\/Ejercicio%20F%C3%ADsico\/Ejercicio%20f%C3%ADsico%20para%20todos%20los%20mayores.pdf\" target=\"_blank\">Descargar<\/a><\/td>\n<\/tr>\n<\/tbody>\n<\/table>\n<p>&nbsp;<\/p>\n","protected":false},"excerpt":{"rendered":"<p>El mundo del emprendimiento y de la ayuda a domicilio es inmenso, cualquier informaci\u00f3n es de gran utilidad\u00a0\u00a0y ah\u00ed estamos nosotros. \u00a0Os ofrecemos dossieres informativos y algunos enlaces de inter\u00e9s para que ampli\u00e9is conocimientos y pod\u00e1is desarrollar vuestra actividad con todas las garant\u00edas. &nbsp; Dossier de ejercicio f\u00edsico en personas[&#8230;]<\/p>\n","protected":false},"author":3,"featured_media":0,"parent":0,"menu_order":0,"comment_status":"open","ping_status":"open","template":"","meta":{"footnotes":""},"class_list":["post-444","page","type-page","status-publish","hentry"],"yoast_head":"<!-- This site is optimized with the Yoast SEO plugin v27.4 - https:\/\/yoast.com\/product\/yoast-seo-wordpress\/ -->\n<title>M\u00c1S IDEAS - Mujer Rural Emprendedora<\/title>\n<meta name=\"description\" content=\"El mundo del emprendimiento y de la ayuda a domicilio es inmenso, cualquier informaci\u00f3n es de gran utilidad y ah\u00ed estamos nosotros. Os damos mas ideas\" \/>\n<meta name=\"robots\" content=\"index, follow, max-snippet:-1, max-image-preview:large, max-video-preview:-1\" \/>\n<link rel=\"canonical\" href=\"http:\/\/www.mujerruralemprendedora.com\/es\/mas-ideas\/\" \/>\n<meta property=\"og:locale\" content=\"es_ES\" \/>\n<meta property=\"og:type\" content=\"article\" \/>\n<meta property=\"og:title\" content=\"M\u00c1S IDEAS - Mujer Rural Emprendedora\" \/>\n<meta property=\"og:description\" content=\"El mundo del emprendimiento y de la ayuda a domicilio es inmenso, cualquier informaci\u00f3n es de gran utilidad y ah\u00ed estamos nosotros. Os damos mas ideas\" \/>\n<meta property=\"og:url\" content=\"http:\/\/www.mujerruralemprendedora.com\/es\/mas-ideas\/\" \/>\n<meta property=\"og:site_name\" content=\"Mujer Rural Emprendedora\" \/>\n<meta property=\"article:publisher\" content=\"http:\/\/www.facebook.com\/mujerruralemprendedora\" \/>\n<meta property=\"article:modified_time\" content=\"2015-05-15T08:26:58+00:00\" \/>\n<meta name=\"twitter:label1\" content=\"Tiempo de lectura\" \/>\n\t<meta name=\"twitter:data1\" content=\"1 minuto\" \/>\n<script type=\"application\/ld+json\" class=\"yoast-schema-graph\">{\"@context\":\"https:\\\/\\\/schema.org\",\"@graph\":[{\"@type\":\"WebPage\",\"@id\":\"http:\\\/\\\/www.mujerruralemprendedora.com\\\/es\\\/mas-ideas\\\/\",\"url\":\"http:\\\/\\\/www.mujerruralemprendedora.com\\\/es\\\/mas-ideas\\\/\",\"name\":\"M\u00c1S IDEAS - Mujer Rural Emprendedora\",\"isPartOf\":{\"@id\":\"http:\\\/\\\/www.mujerruralemprendedora.com\\\/es\\\/#website\"},\"datePublished\":\"2015-02-13T11:37:41+00:00\",\"dateModified\":\"2015-05-15T08:26:58+00:00\",\"description\":\"El mundo del emprendimiento y de la ayuda a domicilio es inmenso, cualquier informaci\u00f3n es de gran utilidad y ah\u00ed estamos nosotros. Os damos mas ideas\",\"breadcrumb\":{\"@id\":\"http:\\\/\\\/www.mujerruralemprendedora.com\\\/es\\\/mas-ideas\\\/#breadcrumb\"},\"inLanguage\":\"es\",\"potentialAction\":[{\"@type\":\"ReadAction\",\"target\":[\"http:\\\/\\\/www.mujerruralemprendedora.com\\\/es\\\/mas-ideas\\\/\"]}]},{\"@type\":\"BreadcrumbList\",\"@id\":\"http:\\\/\\\/www.mujerruralemprendedora.com\\\/es\\\/mas-ideas\\\/#breadcrumb\",\"itemListElement\":[{\"@type\":\"ListItem\",\"position\":1,\"name\":\"Portada\",\"item\":\"http:\\\/\\\/www.mujerruralemprendedora.com\\\/es\\\/\"},{\"@type\":\"ListItem\",\"position\":2,\"name\":\"M\u00c1S IDEAS\"}]},{\"@type\":\"WebSite\",\"@id\":\"http:\\\/\\\/www.mujerruralemprendedora.com\\\/es\\\/#website\",\"url\":\"http:\\\/\\\/www.mujerruralemprendedora.com\\\/es\\\/\",\"name\":\"Mujer Rural Emprendedora\",\"description\":\"Otro sitio m\u00e1s de Sitios de Mujer Rural Emprendedora\",\"potentialAction\":[{\"@type\":\"SearchAction\",\"target\":{\"@type\":\"EntryPoint\",\"urlTemplate\":\"http:\\\/\\\/www.mujerruralemprendedora.com\\\/es\\\/?s={search_term_string}\"},\"query-input\":{\"@type\":\"PropertyValueSpecification\",\"valueRequired\":true,\"valueName\":\"search_term_string\"}}],\"inLanguage\":\"es\"}]}<\/script>\n<!-- \/ Yoast SEO plugin. -->","yoast_head_json":{"title":"M\u00c1S IDEAS - Mujer Rural Emprendedora","description":"El mundo del emprendimiento y de la ayuda a domicilio es inmenso, cualquier informaci\u00f3n es de gran utilidad y ah\u00ed estamos nosotros. Os damos mas ideas","robots":{"index":"index","follow":"follow","max-snippet":"max-snippet:-1","max-image-preview":"max-image-preview:large","max-video-preview":"max-video-preview:-1"},"canonical":"http:\/\/www.mujerruralemprendedora.com\/es\/mas-ideas\/","og_locale":"es_ES","og_type":"article","og_title":"M\u00c1S IDEAS - Mujer Rural Emprendedora","og_description":"El mundo del emprendimiento y de la ayuda a domicilio es inmenso, cualquier informaci\u00f3n es de gran utilidad y ah\u00ed estamos nosotros. Os damos mas ideas","og_url":"http:\/\/www.mujerruralemprendedora.com\/es\/mas-ideas\/","og_site_name":"Mujer Rural Emprendedora","article_publisher":"http:\/\/www.facebook.com\/mujerruralemprendedora","article_modified_time":"2015-05-15T08:26:58+00:00","twitter_misc":{"Tiempo de lectura":"1 minuto"},"schema":{"@context":"https:\/\/schema.org","@graph":[{"@type":"WebPage","@id":"http:\/\/www.mujerruralemprendedora.com\/es\/mas-ideas\/","url":"http:\/\/www.mujerruralemprendedora.com\/es\/mas-ideas\/","name":"M\u00c1S IDEAS - Mujer Rural Emprendedora","isPartOf":{"@id":"http:\/\/www.mujerruralemprendedora.com\/es\/#website"},"datePublished":"2015-02-13T11:37:41+00:00","dateModified":"2015-05-15T08:26:58+00:00","description":"El mundo del emprendimiento y de la ayuda a domicilio es inmenso, cualquier informaci\u00f3n es de gran utilidad y ah\u00ed estamos nosotros. Os damos mas ideas","breadcrumb":{"@id":"http:\/\/www.mujerruralemprendedora.com\/es\/mas-ideas\/#breadcrumb"},"inLanguage":"es","potentialAction":[{"@type":"ReadAction","target":["http:\/\/www.mujerruralemprendedora.com\/es\/mas-ideas\/"]}]},{"@type":"BreadcrumbList","@id":"http:\/\/www.mujerruralemprendedora.com\/es\/mas-ideas\/#breadcrumb","itemListElement":[{"@type":"ListItem","position":1,"name":"Portada","item":"http:\/\/www.mujerruralemprendedora.com\/es\/"},{"@type":"ListItem","position":2,"name":"M\u00c1S IDEAS"}]},{"@type":"WebSite","@id":"http:\/\/www.mujerruralemprendedora.com\/es\/#website","url":"http:\/\/www.mujerruralemprendedora.com\/es\/","name":"Mujer Rural Emprendedora","description":"Otro sitio m\u00e1s de Sitios de Mujer Rural Emprendedora","potentialAction":[{"@type":"SearchAction","target":{"@type":"EntryPoint","urlTemplate":"http:\/\/www.mujerruralemprendedora.com\/es\/?s={search_term_string}"},"query-input":{"@type":"PropertyValueSpecification","valueRequired":true,"valueName":"search_term_string"}}],"inLanguage":"es"}]}},"_links":{"self":[{"href":"http:\/\/www.mujerruralemprendedora.com\/es\/wp-json\/wp\/v2\/pages\/444","targetHints":{"allow":["GET"]}}],"collection":[{"href":"http:\/\/www.mujerruralemprendedora.com\/es\/wp-json\/wp\/v2\/pages"}],"about":[{"href":"http:\/\/www.mujerruralemprendedora.com\/es\/wp-json\/wp\/v2\/types\/page"}],"author":[{"embeddable":true,"href":"http:\/\/www.mujerruralemprendedora.com\/es\/wp-json\/wp\/v2\/users\/3"}],"replies":[{"embeddable":true,"href":"http:\/\/www.mujerruralemprendedora.com\/es\/wp-json\/wp\/v2\/comments?post=444"}],"version-history":[{"count":13,"href":"http:\/\/www.mujerruralemprendedora.com\/es\/wp-json\/wp\/v2\/pages\/444\/revisions"}],"predecessor-version":[{"id":1395,"href":"http:\/\/www.mujerruralemprendedora.com\/es\/wp-json\/wp\/v2\/pages\/444\/revisions\/1395"}],"wp:attachment":[{"href":"http:\/\/www.mujerruralemprendedora.com\/es\/wp-json\/wp\/v2\/media?parent=444"}],"curies":[{"name":"wp","href":"https:\/\/api.w.org\/{rel}","templated":true}]}}