{"id":479,"date":"2015-02-17T08:44:56","date_gmt":"2015-02-17T08:44:56","guid":{"rendered":"http:\/\/www.mujerruralemprendedora.com\/es\/?page_id=479"},"modified":"2015-03-13T10:22:27","modified_gmt":"2015-03-13T10:22:27","slug":"prueba-informacion","status":"publish","type":"page","link":"http:\/\/www.mujerruralemprendedora.com\/es\/informacion-y-formacion-ayuda\/domicilio\/prueba-informacion\/","title":{"rendered":"funciones ayuda a domicilio"},"content":{"rendered":"<p>Las<span style=\"font-size: 14pt; color: #ffffff; background-color: #000000;\"> <strong>funciones<\/strong><\/span> que debe\/puede realizar son las siguientes:<\/p>\n<p><strong>Personal:<\/strong>\u00a0Se entiende por actividades de atenci\u00f3n personal las siguientes:<\/p>\n<ul>\n<li>Ayuda personal para el vestido, calzado y la alimentaci\u00f3n.<\/li>\n<li>El aseo e higiene personal, habitual o especial, arreglo personal, ducha y\/o ba\u00f1o, incluida la higiene bucal.<\/li>\n<li>Transferencias, traslados y movilizaci\u00f3n dentro del hogar.<\/li>\n<li>Actividades de la vida diaria necesarias en la atenci\u00f3n y cuidado del usuario.<\/li>\n<li>Estimulaci\u00f3n y fomento de la m\u00e1xima autonom\u00eda y participaci\u00f3n de las personas atendidas en la realizaci\u00f3n de las actividades b\u00e1sicas de la vida diaria.<\/li>\n<li>Fomento de h\u00e1bitos de higiene y orden.<\/li>\n<li>En personas con alto riesgo de aparici\u00f3n de \u00falceras por presi\u00f3n, prevenir \u00e9stas mediante una correcta higiene, cuidados de la piel y cambios posturales.<\/li>\n<li>Ayuda en la administraci\u00f3n de medicamentos que tenga prescritos la persona usuaria.<\/li>\n<li>Cuidados b\u00e1sicos a personas incontinentes.<\/li>\n<li>Ayuda para la ingesti\u00f3n de alimentos.<\/li>\n<li>Fomento de la adecuada utilizaci\u00f3n de ayudas t\u00e9cnicas y adaptaciones pautadas.<\/li>\n<li>Recogida y gesti\u00f3n de recetas y documentos relacionados con la vida diaria del usuario.<\/li>\n<li>Dar aviso al coordinador correspondiente de cualquier circunstancia o alteraci\u00f3n en el estado del usuario, o de cualquier circunstancia que var\u00eda, agrave o disminuya las necesidades personales o de vivienda del usuario.<\/li>\n<\/ul>\n<p>&nbsp;<\/p>\n<p><strong>En el domicilio:<\/strong>\u00a0Se entiende por atenci\u00f3n a las necesidades del domicilio las siguientes:<\/p>\n<ul>\n<li>Mantenimiento de limpieza o ayuda a la limpieza de la vivienda, salvo casos espec\u00edficos de necesidad que sean determinados por el t\u00e9cnico responsable.<\/li>\n<li>Preparaci\u00f3n de alimentos en el hogar o traslado de los mismos al domicilio.<\/li>\n<li>Lavado a m\u00e1quina, planchado, repaso y organizaci\u00f3n de la ropa dentro del hogar.<\/li>\n<li>Apilaci\u00f3n de las ropas sucias y traslado en su caso para su posterior recogida por el servicio de lavander\u00eda.<\/li>\n<li>Adquisici\u00f3n de alimentos y otras compras de art\u00edculos de primera necesidad por cuenta de la persona usuaria.<\/li>\n<li>Tareas de mantenimiento b\u00e1sico habitual de utensilios dom\u00e9sticos y de uso personal, que no requieran el servicio de un especialista (cambio de bombillas, cambio de bolsa de aspiradora, sustituci\u00f3n de pilas).<\/li>\n<\/ul>\n<p>&nbsp;<\/p>\n<p><strong>Apoyo familiar y relaciones con el entorno:<\/strong> Se incluyen dentro de este tipo de actividades las siguientes:<\/p>\n<ul>\n<li>Compa\u00f1\u00eda para evitar situaciones de soledad y aislamiento.<\/li>\n<li>Acompa\u00f1amiento fuera del hogar para posibilitar la participaci\u00f3n de la persona usuaria en actividades de car\u00e1cter educativo, terap\u00e9utico y social.<\/li>\n<li>Facilitar actividades de ocio en el domicilio.<\/li>\n<li>Apoyo y acompa\u00f1amiento para la realizaci\u00f3n de tr\u00e1mites de asistencia sanitaria y administrativos.<\/li>\n<li>Desarrollo de la autoestima, la valoraci\u00f3n de s\u00ed mismo y los h\u00e1bitos de cuidado personal, evitando el aislamiento.<\/li>\n<li>Potenciar y facilitar h\u00e1bitos de convivencia y relaciones familiares y sociales.<\/li>\n<li>Fomentar estilos de vida saludable y activos.<\/li>\n<li>Apoyo y seguimiento de las pautas prescritas ante situaciones de conflicto que se generen en el seno de la familia.<\/li>\n<li>Cuidado y atenci\u00f3n de los menores, tanto en el entorno del hogar como en acompa\u00f1amientos a centros escolares, de ocio, sanitarios y otros.<\/li>\n<\/ul>\n","protected":false},"excerpt":{"rendered":"<p>Las funciones que debe\/puede realizar son las siguientes: Personal:\u00a0Se entiende por actividades de atenci\u00f3n personal las siguientes: Ayuda personal para el vestido, calzado y la alimentaci\u00f3n. El aseo e higiene personal, habitual o especial, arreglo personal, ducha y\/o ba\u00f1o, incluida la higiene bucal. Transferencias, traslados y movilizaci\u00f3n dentro del hogar.[&#8230;]<\/p>\n","protected":false},"author":3,"featured_media":0,"parent":292,"menu_order":0,"comment_status":"open","ping_status":"open","template":"","meta":{"footnotes":""},"class_list":["post-479","page","type-page","status-publish","hentry"],"yoast_head":"<!-- This site is optimized with the Yoast SEO plugin v27.5 - https:\/\/yoast.com\/product\/yoast-seo-wordpress\/ -->\n<title>funciones ayuda a domicilio - Mujer Rural Emprendedora<\/title>\n<meta name=\"description\" content=\"ayuda domicilio mujer rural emprendedora trabajo mayores funciones ayuda domicilio\" \/>\n<meta name=\"robots\" content=\"index, follow, max-snippet:-1, max-image-preview:large, max-video-preview:-1\" \/>\n<link rel=\"canonical\" href=\"http:\/\/www.mujerruralemprendedora.com\/es\/informacion-y-formacion-ayuda\/domicilio\/prueba-informacion\/\" \/>\n<meta property=\"og:locale\" content=\"es_ES\" \/>\n<meta property=\"og:type\" content=\"article\" \/>\n<meta property=\"og:title\" content=\"funciones ayuda a domicilio - Mujer Rural Emprendedora\" \/>\n<meta property=\"og:description\" content=\"ayuda domicilio mujer rural emprendedora trabajo mayores funciones ayuda domicilio\" \/>\n<meta property=\"og:url\" content=\"http:\/\/www.mujerruralemprendedora.com\/es\/informacion-y-formacion-ayuda\/domicilio\/prueba-informacion\/\" \/>\n<meta property=\"og:site_name\" content=\"Mujer Rural Emprendedora\" \/>\n<meta property=\"article:publisher\" content=\"http:\/\/www.facebook.com\/mujerruralemprendedora\" \/>\n<meta property=\"article:modified_time\" content=\"2015-03-13T10:22:27+00:00\" \/>\n<meta name=\"twitter:label1\" content=\"Tiempo de lectura\" \/>\n\t<meta name=\"twitter:data1\" content=\"3 minutos\" \/>\n<script type=\"application\/ld+json\" class=\"yoast-schema-graph\">{\"@context\":\"https:\\\/\\\/schema.org\",\"@graph\":[{\"@type\":\"WebPage\",\"@id\":\"http:\\\/\\\/www.mujerruralemprendedora.com\\\/es\\\/informacion-y-formacion-ayuda\\\/domicilio\\\/prueba-informacion\\\/\",\"url\":\"http:\\\/\\\/www.mujerruralemprendedora.com\\\/es\\\/informacion-y-formacion-ayuda\\\/domicilio\\\/prueba-informacion\\\/\",\"name\":\"funciones ayuda a domicilio - Mujer Rural Emprendedora\",\"isPartOf\":{\"@id\":\"http:\\\/\\\/www.mujerruralemprendedora.com\\\/es\\\/#website\"},\"datePublished\":\"2015-02-17T08:44:56+00:00\",\"dateModified\":\"2015-03-13T10:22:27+00:00\",\"description\":\"ayuda domicilio mujer rural emprendedora trabajo mayores funciones ayuda domicilio\",\"breadcrumb\":{\"@id\":\"http:\\\/\\\/www.mujerruralemprendedora.com\\\/es\\\/informacion-y-formacion-ayuda\\\/domicilio\\\/prueba-informacion\\\/#breadcrumb\"},\"inLanguage\":\"es\",\"potentialAction\":[{\"@type\":\"ReadAction\",\"target\":[\"http:\\\/\\\/www.mujerruralemprendedora.com\\\/es\\\/informacion-y-formacion-ayuda\\\/domicilio\\\/prueba-informacion\\\/\"]}]},{\"@type\":\"BreadcrumbList\",\"@id\":\"http:\\\/\\\/www.mujerruralemprendedora.com\\\/es\\\/informacion-y-formacion-ayuda\\\/domicilio\\\/prueba-informacion\\\/#breadcrumb\",\"itemListElement\":[{\"@type\":\"ListItem\",\"position\":1,\"name\":\"Portada\",\"item\":\"http:\\\/\\\/www.mujerruralemprendedora.com\\\/es\\\/\"},{\"@type\":\"ListItem\",\"position\":2,\"name\":\"Informaci\u00f3n y formaci\u00f3n ayuda a domicilio\",\"item\":\"http:\\\/\\\/www.mujerruralemprendedora.com\\\/es\\\/informacion-y-formacion-ayuda\\\/\"},{\"@type\":\"ListItem\",\"position\":3,\"name\":\"Informaci\u00f3n ayuda a domicilio\",\"item\":\"http:\\\/\\\/www.mujerruralemprendedora.com\\\/es\\\/informacion-y-formacion-ayuda\\\/domicilio\\\/\"},{\"@type\":\"ListItem\",\"position\":4,\"name\":\"funciones ayuda a domicilio\"}]},{\"@type\":\"WebSite\",\"@id\":\"http:\\\/\\\/www.mujerruralemprendedora.com\\\/es\\\/#website\",\"url\":\"http:\\\/\\\/www.mujerruralemprendedora.com\\\/es\\\/\",\"name\":\"Mujer Rural Emprendedora\",\"description\":\"Otro sitio m\u00e1s de Sitios de Mujer Rural Emprendedora\",\"potentialAction\":[{\"@type\":\"SearchAction\",\"target\":{\"@type\":\"EntryPoint\",\"urlTemplate\":\"http:\\\/\\\/www.mujerruralemprendedora.com\\\/es\\\/?s={search_term_string}\"},\"query-input\":{\"@type\":\"PropertyValueSpecification\",\"valueRequired\":true,\"valueName\":\"search_term_string\"}}],\"inLanguage\":\"es\"}]}<\/script>\n<!-- \/ Yoast SEO plugin. -->","yoast_head_json":{"title":"funciones ayuda a domicilio - Mujer Rural Emprendedora","description":"ayuda domicilio mujer rural emprendedora trabajo mayores funciones ayuda domicilio","robots":{"index":"index","follow":"follow","max-snippet":"max-snippet:-1","max-image-preview":"max-image-preview:large","max-video-preview":"max-video-preview:-1"},"canonical":"http:\/\/www.mujerruralemprendedora.com\/es\/informacion-y-formacion-ayuda\/domicilio\/prueba-informacion\/","og_locale":"es_ES","og_type":"article","og_title":"funciones ayuda a domicilio - Mujer Rural Emprendedora","og_description":"ayuda domicilio mujer rural emprendedora trabajo mayores funciones ayuda domicilio","og_url":"http:\/\/www.mujerruralemprendedora.com\/es\/informacion-y-formacion-ayuda\/domicilio\/prueba-informacion\/","og_site_name":"Mujer Rural Emprendedora","article_publisher":"http:\/\/www.facebook.com\/mujerruralemprendedora","article_modified_time":"2015-03-13T10:22:27+00:00","twitter_misc":{"Tiempo de lectura":"3 minutos"},"schema":{"@context":"https:\/\/schema.org","@graph":[{"@type":"WebPage","@id":"http:\/\/www.mujerruralemprendedora.com\/es\/informacion-y-formacion-ayuda\/domicilio\/prueba-informacion\/","url":"http:\/\/www.mujerruralemprendedora.com\/es\/informacion-y-formacion-ayuda\/domicilio\/prueba-informacion\/","name":"funciones ayuda a domicilio - Mujer Rural Emprendedora","isPartOf":{"@id":"http:\/\/www.mujerruralemprendedora.com\/es\/#website"},"datePublished":"2015-02-17T08:44:56+00:00","dateModified":"2015-03-13T10:22:27+00:00","description":"ayuda domicilio mujer rural emprendedora trabajo mayores funciones ayuda domicilio","breadcrumb":{"@id":"http:\/\/www.mujerruralemprendedora.com\/es\/informacion-y-formacion-ayuda\/domicilio\/prueba-informacion\/#breadcrumb"},"inLanguage":"es","potentialAction":[{"@type":"ReadAction","target":["http:\/\/www.mujerruralemprendedora.com\/es\/informacion-y-formacion-ayuda\/domicilio\/prueba-informacion\/"]}]},{"@type":"BreadcrumbList","@id":"http:\/\/www.mujerruralemprendedora.com\/es\/informacion-y-formacion-ayuda\/domicilio\/prueba-informacion\/#breadcrumb","itemListElement":[{"@type":"ListItem","position":1,"name":"Portada","item":"http:\/\/www.mujerruralemprendedora.com\/es\/"},{"@type":"ListItem","position":2,"name":"Informaci\u00f3n y formaci\u00f3n ayuda a domicilio","item":"http:\/\/www.mujerruralemprendedora.com\/es\/informacion-y-formacion-ayuda\/"},{"@type":"ListItem","position":3,"name":"Informaci\u00f3n ayuda a domicilio","item":"http:\/\/www.mujerruralemprendedora.com\/es\/informacion-y-formacion-ayuda\/domicilio\/"},{"@type":"ListItem","position":4,"name":"funciones ayuda a domicilio"}]},{"@type":"WebSite","@id":"http:\/\/www.mujerruralemprendedora.com\/es\/#website","url":"http:\/\/www.mujerruralemprendedora.com\/es\/","name":"Mujer Rural Emprendedora","description":"Otro sitio m\u00e1s de Sitios de Mujer Rural Emprendedora","potentialAction":[{"@type":"SearchAction","target":{"@type":"EntryPoint","urlTemplate":"http:\/\/www.mujerruralemprendedora.com\/es\/?s={search_term_string}"},"query-input":{"@type":"PropertyValueSpecification","valueRequired":true,"valueName":"search_term_string"}}],"inLanguage":"es"}]}},"_links":{"self":[{"href":"http:\/\/www.mujerruralemprendedora.com\/es\/wp-json\/wp\/v2\/pages\/479","targetHints":{"allow":["GET"]}}],"collection":[{"href":"http:\/\/www.mujerruralemprendedora.com\/es\/wp-json\/wp\/v2\/pages"}],"about":[{"href":"http:\/\/www.mujerruralemprendedora.com\/es\/wp-json\/wp\/v2\/types\/page"}],"author":[{"embeddable":true,"href":"http:\/\/www.mujerruralemprendedora.com\/es\/wp-json\/wp\/v2\/users\/3"}],"replies":[{"embeddable":true,"href":"http:\/\/www.mujerruralemprendedora.com\/es\/wp-json\/wp\/v2\/comments?post=479"}],"version-history":[{"count":3,"href":"http:\/\/www.mujerruralemprendedora.com\/es\/wp-json\/wp\/v2\/pages\/479\/revisions"}],"predecessor-version":[{"id":998,"href":"http:\/\/www.mujerruralemprendedora.com\/es\/wp-json\/wp\/v2\/pages\/479\/revisions\/998"}],"up":[{"embeddable":true,"href":"http:\/\/www.mujerruralemprendedora.com\/es\/wp-json\/wp\/v2\/pages\/292"}],"wp:attachment":[{"href":"http:\/\/www.mujerruralemprendedora.com\/es\/wp-json\/wp\/v2\/media?parent=479"}],"curies":[{"name":"wp","href":"https:\/\/api.w.org\/{rel}","templated":true}]}}