{"id":496,"date":"2015-02-17T12:11:48","date_gmt":"2015-02-17T12:11:48","guid":{"rendered":"http:\/\/www.mujerruralemprendedora.com\/es\/?page_id=496"},"modified":"2015-03-13T10:25:49","modified_gmt":"2015-03-13T10:25:49","slug":"como-cuidar-de-las-personas-mayores","status":"publish","type":"page","link":"http:\/\/www.mujerruralemprendedora.com\/es\/como-cuidar-de-las-personas-mayores\/","title":{"rendered":"Como cuidar de las personas mayores"},"content":{"rendered":"<div id=\"&quot;google_flash_inline_div&quot;\" style=\"padding-left: 30px;\"><\/div>\n<h1>\u00a0<span style=\"color: #ffffff; background-color: #000000;\">\u00bf Sabemos cuidar de nuestros mayores?<\/span><\/h1>\n<p><!-- [if IE]&gt; &lt;![endif]--><\/p>\n<div id=\"abgc\">\u00a0Hay muchas cosas a tener en cuenta en el cuidado de los mayores, desde las finanzas hasta los problemas de salud. A\u00f1adir a eso los problemas mentales y emocionales que ambos estar\u00e1n enfrentando y el cuidado de las personas mayores puede parecer una tarea insuperable. No te desanimes, porque el cuidado de las personas mayores puede ser tambi\u00e9n uno de los momentos m\u00e1s gratificantes de tu vida. Sigue leyendo para aprender m\u00e1s.<\/div>\n<div><\/div>\n<div><\/div>\n<div>\n<section id=\"instructions\">\n<h2 class=\"sectiontitle\"><\/h2>\n<h2 class=\"sectiontitle\"><span style=\"color: #000000;\"><strong>Consideraciones f\u00edsicas<\/strong><\/span><\/h2>\n<p>&nbsp;<\/p>\n<ol class=\"steps\">\n<ol class=\"steps\">\n<li class=\"stepwrap\">\n<div class=\"stepmeat\">\n<p class=\"intelliTXT\">Inf\u00f3rmate sobre las enfermedades f\u00edsicas, investigando, hablando con el m\u00e9dico y hablando con la persona de edad avanzada. Debes estar consciente de qu\u00e9 esperar, qu\u00e9 medicamentos son necesarios y qu\u00e9 posibles <span id=\"IL_AD1\" class=\"IL_AD\">efectos secundarios<\/span> se pueden producir. Habla con el m\u00e9dico acerca de las enfermeras de salud en casa para ayudar a cuidar de ellos durante los per\u00edodos de enfermedad. Auxiliares de enfermer\u00eda pueden estar disponibles para ayudar con las necesidades diarias de ba\u00f1arse y vestirse. Consulta con tu agencia de servicios de alto nivel del condado para averiguar qu\u00e9 servicios se ofrecen.<\/p>\n<p class=\"intelliTXT\">Mant\u00e9n toda la informaci\u00f3n m\u00e9dica junta, como los resultados de pruebas, los nombres y n\u00fameros de tel\u00e9fono de m\u00e9dicos, fechas de citas, n\u00famero de seguro social, tarjetas de Medicare y los papeles del seguro. Haz una <span id=\"IL_AD3\" class=\"IL_AD\">tabla<\/span> de medicamentos si el anciano est\u00e1 tomando una gran cantidad de ellos; esta mantendr\u00e1 un registro de qu\u00e9 medicamentos ha tomado y el horario.<\/p>\n<\/div>\n<\/li>\n<li class=\"stepwrap\">Comprueba el hogar para la seguridad y f\u00e1cil acceso. Si la persona mayor est\u00e1 usando una andadera, aseg\u00farate de que las alfombras est\u00e9n fijas y cuida que no haya obst\u00e1culos que lo hagan tropezar. Instala barandas de seguridad si es necesario. Si la persona mayor est\u00e1 en una silla de ruedas, aseg\u00farate de que tenga ayuda para entrar y salir de la silla. Las puertas pueden necesitar ser ampliadas e instalar rampas para sillas de ruedas.<\/li>\n<\/ol>\n<\/ol>\n<p>&nbsp;<\/p>\n<div class=\"stepmeat\"><\/div>\n<\/section>\n<section id=\"instructions\">\n<h2 class=\"sectiontitle\"><strong><span style=\"color: #000000;\">Consideraciones emocionales y mentales<\/span><\/strong><\/h2>\n<p>&nbsp;<\/p>\n<ol class=\"steps\">\n<li class=\"stepwrap\">\n<div class=\"stepmeat\">\n<p class=\"intelliTXT\">Mant\u00e9n su cerebro activo con juegos de palabras, crucigramas o cuestionarios. Ense\u00f1a a las personas ancianas a acceder a Internet y ay\u00fadales a encontrar un \u00e1rea de inter\u00e9s para ellos. P\u00eddeles que te ayuden con un proyecto personal o a escribir su historia familiar. Mant\u00e9n a los ancianos participando en la vida de cada d\u00eda para una buena salud mental.<\/p>\n<\/div>\n<\/li>\n<li class=\"stepwrap\">\n<div class=\"stepmeat\">\n<p class=\"intelliTXT\">S\u00e9 comprensivo cuando la persona de edad avanzada parezca terco acerca de algo. Ponte en su posici\u00f3n; ha renunciado a su independencia y ahora tiene que depender de tu cuidado. Cualquier cosa a la que pueda aferrarse le ayuda a sentirse m\u00e1s independiente. Cuando entiendas por qu\u00e9 est\u00e1 siendo tan terco, ser\u00e1 mucho m\u00e1s f\u00e1cil de manejar y tendr\u00e1s mucho menos estr\u00e9s.<\/p>\n<\/div>\n<\/li>\n<li class=\"stepwrap\">\n<div class=\"stepmeat\">\n<p class=\"intelliTXT\">Cuida de ti mismo as\u00ed como de los ancianos. Tus emociones pueden llegar a ser muy estresantes en el cuidado de los ancianos; est\u00e1s renunciando a tu propia libertad para cuidar de alguien que no parece apreciarlo. Puedes sentir como que te jalan en muchas direcciones. No te lo tomes como algo personal y no te aferres a cosas negativas del pasado; s\u00f3lo te estresar\u00e1 m\u00e1s. T\u00f3mate el tiempo para cuidarte a ti mismo y haz las cosas por ti mismo. Ve al cine o a la playa. Toma un descanso. Es bueno para los dos. R\u00edete mucho.<\/p>\n<\/div>\n<\/li>\n<li class=\"stepwrap\">\n<div class=\"stepmeat\">\n<p class=\"intelliTXT\">Escucha a los ancianos; tienen tantas cosas que decirte. Escuchar es una forma de respeto y todos queremos eso. T\u00f3mate el tiempo para tener una charla con tu persona mayor cada d\u00eda; los beneficiar\u00e1 a ambos. Cuando tu ser querido se haya ido, recordar\u00e1s este momento.<\/p>\n<p class=\"intelliTXT\">\n<\/div>\n<\/li>\n<\/ol>\n<\/section>\n<section id=\"instructions\">\n<h2 class=\"sectiontitle\"><strong><span style=\"color: #000000;\">Consideraciones financieras<\/span><\/strong><\/h2>\n<p>&nbsp;<\/p>\n<ol class=\"steps\">\n<li class=\"stepwrap\">\n<div class=\"stepmeat\">\n<p class=\"intelliTXT\">Determina qu\u00e9 costo tendr\u00e1 el cuidado de la persona mayor. Incluye el costo de los<span id=\"IL_AD2\" class=\"IL_AD\">alimentos<\/span> especiales, transporte especial, tu p\u00e9rdida de los salarios en su caso y los costos de compras adicionales.<\/p>\n<\/div>\n<\/li>\n<li class=\"stepwrap\">\n<div class=\"stepmeat\">\n<p class=\"intelliTXT\">Habla con la persona sobre d\u00f3nde y c\u00f3mo ser\u00e1n depositados los cheques de seguridad social y de pensi\u00f3n. Decide si las cuentas incluir\u00e1n tu nombre o si debes tener un poder.<\/p>\n<\/div>\n<\/li>\n<li class=\"stepwrap\">\n<div class=\"stepmeat\">\n<p class=\"intelliTXT\">Consulta con un abogado de asuntos de mayores para obtener informaci\u00f3n sobre los fideicomisos, testamentos y testamentos vitales. Puede ser en el mejor inter\u00e9s de todos poner la casa de la persona mayor a tu nombre, d\u00e1ndote un fideicomiso. Un fideicomiso en vida les permite vivir all\u00ed hasta su muerte y la propiedad se revierte de nuevo a ti. Esto puede ahorrar tiempo y costos de legalizaci\u00f3n en el futuro. Tambi\u00e9n puedes solicitar beneficios de Medicaid para el futuro.<\/p>\n<\/div>\n<\/li>\n<\/ol>\n<\/section>\n<\/div>\n<div id=\"info_card\">\u00a0Fuente:\u00a0<a href=\"http:\/\/www.ehowenespanol.com\/\" target=\"_blank\">ehowenespanol.com<\/a><\/div>\n","protected":false},"excerpt":{"rendered":"<p>\u00a0\u00bf Sabemos cuidar de nuestros mayores? \u00a0Hay muchas cosas a tener en cuenta en el cuidado de los mayores, desde las finanzas hasta los problemas de salud. A\u00f1adir a eso los problemas mentales y emocionales que ambos estar\u00e1n enfrentando y el cuidado de las personas mayores puede parecer una tarea[&#8230;]<\/p>\n","protected":false},"author":3,"featured_media":0,"parent":0,"menu_order":0,"comment_status":"open","ping_status":"open","template":"","meta":{"footnotes":""},"class_list":["post-496","page","type-page","status-publish","hentry"],"yoast_head":"<!-- This site is optimized with the Yoast SEO plugin v27.4 - https:\/\/yoast.com\/product\/yoast-seo-wordpress\/ -->\n<title>Mayores ayuda a domicilio- Mujer Rural Emprendedora<\/title>\n<meta name=\"description\" content=\"Hay muchas cosas a tener en cuenta en el cuidado de los mayores, desde las finanzas hasta los problemas de salud.\" \/>\n<meta name=\"robots\" content=\"index, follow, max-snippet:-1, max-image-preview:large, max-video-preview:-1\" \/>\n<link rel=\"canonical\" href=\"http:\/\/www.mujerruralemprendedora.com\/es\/como-cuidar-de-las-personas-mayores\/\" \/>\n<meta property=\"og:locale\" content=\"es_ES\" \/>\n<meta property=\"og:type\" content=\"article\" \/>\n<meta property=\"og:title\" content=\"Mayores ayuda a domicilio- Mujer Rural Emprendedora\" \/>\n<meta property=\"og:description\" content=\"Hay muchas cosas a tener en cuenta en el cuidado de los mayores, desde las finanzas hasta los problemas de salud.\" \/>\n<meta property=\"og:url\" content=\"http:\/\/www.mujerruralemprendedora.com\/es\/como-cuidar-de-las-personas-mayores\/\" \/>\n<meta property=\"og:site_name\" content=\"Mujer Rural Emprendedora\" \/>\n<meta property=\"article:publisher\" content=\"http:\/\/www.facebook.com\/mujerruralemprendedora\" \/>\n<meta property=\"article:modified_time\" content=\"2015-03-13T10:25:49+00:00\" \/>\n<meta name=\"twitter:label1\" content=\"Tiempo de lectura\" \/>\n\t<meta name=\"twitter:data1\" content=\"4 minutos\" \/>\n<script type=\"application\/ld+json\" class=\"yoast-schema-graph\">{\"@context\":\"https:\\\/\\\/schema.org\",\"@graph\":[{\"@type\":\"WebPage\",\"@id\":\"http:\\\/\\\/www.mujerruralemprendedora.com\\\/es\\\/como-cuidar-de-las-personas-mayores\\\/\",\"url\":\"http:\\\/\\\/www.mujerruralemprendedora.com\\\/es\\\/como-cuidar-de-las-personas-mayores\\\/\",\"name\":\"Mayores ayuda a domicilio- Mujer Rural Emprendedora\",\"isPartOf\":{\"@id\":\"http:\\\/\\\/www.mujerruralemprendedora.com\\\/es\\\/#website\"},\"datePublished\":\"2015-02-17T12:11:48+00:00\",\"dateModified\":\"2015-03-13T10:25:49+00:00\",\"description\":\"Hay muchas cosas a tener en cuenta en el cuidado de los mayores, desde las finanzas hasta los problemas de salud.\",\"breadcrumb\":{\"@id\":\"http:\\\/\\\/www.mujerruralemprendedora.com\\\/es\\\/como-cuidar-de-las-personas-mayores\\\/#breadcrumb\"},\"inLanguage\":\"es\",\"potentialAction\":[{\"@type\":\"ReadAction\",\"target\":[\"http:\\\/\\\/www.mujerruralemprendedora.com\\\/es\\\/como-cuidar-de-las-personas-mayores\\\/\"]}]},{\"@type\":\"BreadcrumbList\",\"@id\":\"http:\\\/\\\/www.mujerruralemprendedora.com\\\/es\\\/como-cuidar-de-las-personas-mayores\\\/#breadcrumb\",\"itemListElement\":[{\"@type\":\"ListItem\",\"position\":1,\"name\":\"Portada\",\"item\":\"http:\\\/\\\/www.mujerruralemprendedora.com\\\/es\\\/\"},{\"@type\":\"ListItem\",\"position\":2,\"name\":\"Como cuidar de las personas mayores\"}]},{\"@type\":\"WebSite\",\"@id\":\"http:\\\/\\\/www.mujerruralemprendedora.com\\\/es\\\/#website\",\"url\":\"http:\\\/\\\/www.mujerruralemprendedora.com\\\/es\\\/\",\"name\":\"Mujer Rural Emprendedora\",\"description\":\"Otro sitio m\u00e1s de Sitios de Mujer Rural Emprendedora\",\"potentialAction\":[{\"@type\":\"SearchAction\",\"target\":{\"@type\":\"EntryPoint\",\"urlTemplate\":\"http:\\\/\\\/www.mujerruralemprendedora.com\\\/es\\\/?s={search_term_string}\"},\"query-input\":{\"@type\":\"PropertyValueSpecification\",\"valueRequired\":true,\"valueName\":\"search_term_string\"}}],\"inLanguage\":\"es\"}]}<\/script>\n<!-- \/ Yoast SEO plugin. -->","yoast_head_json":{"title":"Mayores ayuda a domicilio- Mujer Rural Emprendedora","description":"Hay muchas cosas a tener en cuenta en el cuidado de los mayores, desde las finanzas hasta los problemas de salud.","robots":{"index":"index","follow":"follow","max-snippet":"max-snippet:-1","max-image-preview":"max-image-preview:large","max-video-preview":"max-video-preview:-1"},"canonical":"http:\/\/www.mujerruralemprendedora.com\/es\/como-cuidar-de-las-personas-mayores\/","og_locale":"es_ES","og_type":"article","og_title":"Mayores ayuda a domicilio- Mujer Rural Emprendedora","og_description":"Hay muchas cosas a tener en cuenta en el cuidado de los mayores, desde las finanzas hasta los problemas de salud.","og_url":"http:\/\/www.mujerruralemprendedora.com\/es\/como-cuidar-de-las-personas-mayores\/","og_site_name":"Mujer Rural Emprendedora","article_publisher":"http:\/\/www.facebook.com\/mujerruralemprendedora","article_modified_time":"2015-03-13T10:25:49+00:00","twitter_misc":{"Tiempo de lectura":"4 minutos"},"schema":{"@context":"https:\/\/schema.org","@graph":[{"@type":"WebPage","@id":"http:\/\/www.mujerruralemprendedora.com\/es\/como-cuidar-de-las-personas-mayores\/","url":"http:\/\/www.mujerruralemprendedora.com\/es\/como-cuidar-de-las-personas-mayores\/","name":"Mayores ayuda a domicilio- Mujer Rural Emprendedora","isPartOf":{"@id":"http:\/\/www.mujerruralemprendedora.com\/es\/#website"},"datePublished":"2015-02-17T12:11:48+00:00","dateModified":"2015-03-13T10:25:49+00:00","description":"Hay muchas cosas a tener en cuenta en el cuidado de los mayores, desde las finanzas hasta los problemas de salud.","breadcrumb":{"@id":"http:\/\/www.mujerruralemprendedora.com\/es\/como-cuidar-de-las-personas-mayores\/#breadcrumb"},"inLanguage":"es","potentialAction":[{"@type":"ReadAction","target":["http:\/\/www.mujerruralemprendedora.com\/es\/como-cuidar-de-las-personas-mayores\/"]}]},{"@type":"BreadcrumbList","@id":"http:\/\/www.mujerruralemprendedora.com\/es\/como-cuidar-de-las-personas-mayores\/#breadcrumb","itemListElement":[{"@type":"ListItem","position":1,"name":"Portada","item":"http:\/\/www.mujerruralemprendedora.com\/es\/"},{"@type":"ListItem","position":2,"name":"Como cuidar de las personas mayores"}]},{"@type":"WebSite","@id":"http:\/\/www.mujerruralemprendedora.com\/es\/#website","url":"http:\/\/www.mujerruralemprendedora.com\/es\/","name":"Mujer Rural Emprendedora","description":"Otro sitio m\u00e1s de Sitios de Mujer Rural Emprendedora","potentialAction":[{"@type":"SearchAction","target":{"@type":"EntryPoint","urlTemplate":"http:\/\/www.mujerruralemprendedora.com\/es\/?s={search_term_string}"},"query-input":{"@type":"PropertyValueSpecification","valueRequired":true,"valueName":"search_term_string"}}],"inLanguage":"es"}]}},"_links":{"self":[{"href":"http:\/\/www.mujerruralemprendedora.com\/es\/wp-json\/wp\/v2\/pages\/496","targetHints":{"allow":["GET"]}}],"collection":[{"href":"http:\/\/www.mujerruralemprendedora.com\/es\/wp-json\/wp\/v2\/pages"}],"about":[{"href":"http:\/\/www.mujerruralemprendedora.com\/es\/wp-json\/wp\/v2\/types\/page"}],"author":[{"embeddable":true,"href":"http:\/\/www.mujerruralemprendedora.com\/es\/wp-json\/wp\/v2\/users\/3"}],"replies":[{"embeddable":true,"href":"http:\/\/www.mujerruralemprendedora.com\/es\/wp-json\/wp\/v2\/comments?post=496"}],"version-history":[{"count":8,"href":"http:\/\/www.mujerruralemprendedora.com\/es\/wp-json\/wp\/v2\/pages\/496\/revisions"}],"predecessor-version":[{"id":1002,"href":"http:\/\/www.mujerruralemprendedora.com\/es\/wp-json\/wp\/v2\/pages\/496\/revisions\/1002"}],"wp:attachment":[{"href":"http:\/\/www.mujerruralemprendedora.com\/es\/wp-json\/wp\/v2\/media?parent=496"}],"curies":[{"name":"wp","href":"https:\/\/api.w.org\/{rel}","templated":true}]}}