{"id":50,"date":"2015-01-25T23:48:19","date_gmt":"2015-01-25T23:48:19","guid":{"rendered":"http:\/\/www.mujerruralemprendedora.com\/es\/?page_id=50"},"modified":"2015-03-16T09:22:16","modified_gmt":"2015-03-16T09:22:16","slug":"informacion-y-formacion-ayuda","status":"publish","type":"page","link":"http:\/\/www.mujerruralemprendedora.com\/es\/informacion-y-formacion-ayuda\/","title":{"rendered":"Informaci\u00f3n y formaci\u00f3n ayuda a domicilio"},"content":{"rendered":"<h2><span style=\"font-size: 18pt; background-color: #ffcc00;\"><strong>INFORMACI\u00d3N Y FORMACI\u00d3N SOBRE AYUDA A DOMICILIO<\/strong><\/span><\/h2>\n<p><span style=\"color: #000000;\">\u00bfC\u00f3mo ser auxiliar de ayuda a domicilio? \u00bfCu\u00e1les son mis competencias? \u00bfQu\u00e9 formaci\u00f3n necesito? \u00bfD\u00f3nde puedo realizarla? Preguntas tan frecuentes como \u00e9stas tendr\u00e1n su respuesta en este apartado donde intentaremos proporcionar toda la informaci\u00f3n necesaria para formar a todas aquellas personas que se animen a entrar en\u00a0este proyecto y as\u00ed ofrecer la mejor atenci\u00f3n de nuestros mayores.<\/span><\/p>\n<p>&nbsp;<\/p>\n<p>&nbsp;<\/p>\n<p><strong>\u00a0 \u00a0 \u00a0 \u00a0 \u00a0 \u00a0 \u00a0 \u00a0 \u00a0 \u00a0 \u00a0 \u00a0 \u00a0 \u00a0 \u00a0 \u00a0 \u00a0 \u00a0 \u00a0 \u00a0 \u00a0 \u00a0 \u00a0 \u00a0 \u00a0 \u00a0 \u00a0 \u00a0 \u00a0 \u00a0 \u00a0 \u00a0 \u00a0 \u00a0 \u00a0 \u00a0 \u00a0 \u00a0 \u00a0 \u00a0 \u00a0 \u00a0 \u00a0 \u00a0 \u00a0 \u00a0 \u00a0 \u00a0 \u00a0 \u00a0 \u00a0 \u00a0 \u00a0 \u00a0 \u00a0 \u00a0 \u00a0 \u00a0 \u00a0 \u00a0 \u00a0 \u00a0 \u00a0 \u00a0 \u00a0 \u00a0 \u00a0 \u00a0 \u00a0 \u00a0 \u00a0 \u00a0 \u00a0 \u00a0 \u00a0 \u00a0 \u00a0 \u00a0 \u00a0 \u00a0 \u00a0 \u00a0 \u00a0 \u00a0 \u00a0 \u00a0 \u00a0 \u00a0 \u00a0 \u00a0 \u00a0<\/strong><\/p>\n<div class=\"row\">\n<div class=\"col-sm-3 col-xs-6\">\n<div class=\"item\"><a title=\"INFORMACI\u00d3N\" href=\"http:\/\/www.mujerruralemprendedora.com\/es\/informacion-y-formacion-ayuda\/informacion\/\"><br \/>\n<img loading=\"lazy\" decoding=\"async\" class=\"attachment-main_thumb wp-post-image\" style=\"margin-top: -13px;\" src=\"http:\/\/www.mujerruralemprendedora.com\/es\/wp-content\/uploads\/sites\/3\/2015\/01\/contenidos2.jpg\" alt=\"foto6\" width=\"540\" height=\"400\" \/><br \/>\n<\/a><\/p>\n<div class=\"item-desc\">\n<h4 style=\"color: #fff;\">INFORMACI\u00d3N<\/h4>\n<\/div>\n<\/div>\n<\/div>\n<div class=\"col-sm-3 col-xs-6\">\n<div class=\"item\"><a title=\"FORMACI\u00d3N\" href=\"http:\/\/www.mujerruralemprendedora.com\/es\/informacion-y-formacion-ayuda\/cursos\/\"><br \/>\n<img loading=\"lazy\" decoding=\"async\" class=\"attachment-main_thumb wp-post-image\" style=\"margin-top: -13px;\" src=\"http:\/\/www.mujerruralemprendedora.com\/es\/wp-content\/uploads\/sites\/3\/2015\/02\/oferta_empleo.jpg\" alt=\"foto6\" width=\"540\" height=\"400\" \/><br \/>\n<\/a><\/p>\n<div class=\"item-desc\">\n<h4 style=\"color: #fff;\">FORMACI\u00d3N<\/h4>\n<\/div>\n<\/div>\n<\/div>\n<\/div>\n\n","protected":false},"excerpt":{"rendered":"<p>INFORMACI\u00d3N Y FORMACI\u00d3N SOBRE AYUDA A DOMICILIO \u00bfC\u00f3mo ser auxiliar de ayuda a domicilio? \u00bfCu\u00e1les son mis competencias? \u00bfQu\u00e9 formaci\u00f3n necesito? \u00bfD\u00f3nde puedo realizarla? Preguntas tan frecuentes como \u00e9stas tendr\u00e1n su respuesta en este apartado donde intentaremos proporcionar toda la informaci\u00f3n necesaria para formar a todas aquellas personas que se[&#8230;]<\/p>\n","protected":false},"author":1,"featured_media":0,"parent":0,"menu_order":0,"comment_status":"closed","ping_status":"open","template":"template-fullwidth.php","meta":{"footnotes":""},"class_list":["post-50","page","type-page","status-publish","hentry"],"yoast_head":"<!-- This site is optimized with the Yoast SEO plugin v27.4 - https:\/\/yoast.com\/product\/yoast-seo-wordpress\/ -->\n<title>Informaci\u00f3n y formaci\u00f3n ayuda a domicilio - Mujer Rural Emprendedora<\/title>\n<meta name=\"description\" content=\"\u00bfC\u00f3mo ser auxiliar de ayuda a domicilio? \u00bfCu\u00e1les son mis competencias? \u00bfQu\u00e9 formaci\u00f3n necesito? \u00bfD\u00f3nde puedo realizarla?\" \/>\n<meta name=\"robots\" content=\"index, follow, max-snippet:-1, max-image-preview:large, max-video-preview:-1\" \/>\n<link rel=\"canonical\" href=\"http:\/\/www.mujerruralemprendedora.com\/es\/informacion-y-formacion-ayuda\/\" \/>\n<meta property=\"og:locale\" content=\"es_ES\" \/>\n<meta property=\"og:type\" content=\"article\" \/>\n<meta property=\"og:title\" content=\"Informaci\u00f3n y formaci\u00f3n ayuda a domicilio - Mujer Rural Emprendedora\" \/>\n<meta property=\"og:description\" content=\"\u00bfC\u00f3mo ser auxiliar de ayuda a domicilio? \u00bfCu\u00e1les son mis competencias? \u00bfQu\u00e9 formaci\u00f3n necesito? \u00bfD\u00f3nde puedo realizarla?\" \/>\n<meta property=\"og:url\" content=\"http:\/\/www.mujerruralemprendedora.com\/es\/informacion-y-formacion-ayuda\/\" \/>\n<meta property=\"og:site_name\" content=\"Mujer Rural Emprendedora\" \/>\n<meta property=\"article:publisher\" content=\"http:\/\/www.facebook.com\/mujerruralemprendedora\" \/>\n<meta property=\"article:modified_time\" content=\"2015-03-16T09:22:16+00:00\" \/>\n<meta property=\"og:image\" content=\"http:\/\/www.mujerruralemprendedora.com\/es\/wp-content\/uploads\/sites\/3\/2015\/01\/contenidos2.jpg\" \/>\n<meta name=\"twitter:label1\" content=\"Tiempo de lectura\" \/>\n\t<meta name=\"twitter:data1\" content=\"1 minuto\" \/>\n<script type=\"application\/ld+json\" class=\"yoast-schema-graph\">{\"@context\":\"https:\\\/\\\/schema.org\",\"@graph\":[{\"@type\":\"WebPage\",\"@id\":\"http:\\\/\\\/www.mujerruralemprendedora.com\\\/es\\\/informacion-y-formacion-ayuda\\\/\",\"url\":\"http:\\\/\\\/www.mujerruralemprendedora.com\\\/es\\\/informacion-y-formacion-ayuda\\\/\",\"name\":\"Informaci\u00f3n y formaci\u00f3n ayuda a domicilio - Mujer Rural Emprendedora\",\"isPartOf\":{\"@id\":\"http:\\\/\\\/www.mujerruralemprendedora.com\\\/es\\\/#website\"},\"primaryImageOfPage\":{\"@id\":\"http:\\\/\\\/www.mujerruralemprendedora.com\\\/es\\\/informacion-y-formacion-ayuda\\\/#primaryimage\"},\"image\":{\"@id\":\"http:\\\/\\\/www.mujerruralemprendedora.com\\\/es\\\/informacion-y-formacion-ayuda\\\/#primaryimage\"},\"thumbnailUrl\":\"http:\\\/\\\/www.mujerruralemprendedora.com\\\/es\\\/wp-content\\\/uploads\\\/sites\\\/3\\\/2015\\\/01\\\/contenidos2.jpg\",\"datePublished\":\"2015-01-25T23:48:19+00:00\",\"dateModified\":\"2015-03-16T09:22:16+00:00\",\"description\":\"\u00bfC\u00f3mo ser auxiliar de ayuda a domicilio? \u00bfCu\u00e1les son mis competencias? \u00bfQu\u00e9 formaci\u00f3n necesito? \u00bfD\u00f3nde puedo realizarla?\",\"breadcrumb\":{\"@id\":\"http:\\\/\\\/www.mujerruralemprendedora.com\\\/es\\\/informacion-y-formacion-ayuda\\\/#breadcrumb\"},\"inLanguage\":\"es\",\"potentialAction\":[{\"@type\":\"ReadAction\",\"target\":[\"http:\\\/\\\/www.mujerruralemprendedora.com\\\/es\\\/informacion-y-formacion-ayuda\\\/\"]}]},{\"@type\":\"ImageObject\",\"inLanguage\":\"es\",\"@id\":\"http:\\\/\\\/www.mujerruralemprendedora.com\\\/es\\\/informacion-y-formacion-ayuda\\\/#primaryimage\",\"url\":\"http:\\\/\\\/www.mujerruralemprendedora.com\\\/es\\\/wp-content\\\/uploads\\\/sites\\\/3\\\/2015\\\/01\\\/contenidos2.jpg\",\"contentUrl\":\"http:\\\/\\\/www.mujerruralemprendedora.com\\\/es\\\/wp-content\\\/uploads\\\/sites\\\/3\\\/2015\\\/01\\\/contenidos2.jpg\",\"width\":238,\"height\":173},{\"@type\":\"BreadcrumbList\",\"@id\":\"http:\\\/\\\/www.mujerruralemprendedora.com\\\/es\\\/informacion-y-formacion-ayuda\\\/#breadcrumb\",\"itemListElement\":[{\"@type\":\"ListItem\",\"position\":1,\"name\":\"Portada\",\"item\":\"http:\\\/\\\/www.mujerruralemprendedora.com\\\/es\\\/\"},{\"@type\":\"ListItem\",\"position\":2,\"name\":\"Informaci\u00f3n y formaci\u00f3n ayuda a domicilio\"}]},{\"@type\":\"WebSite\",\"@id\":\"http:\\\/\\\/www.mujerruralemprendedora.com\\\/es\\\/#website\",\"url\":\"http:\\\/\\\/www.mujerruralemprendedora.com\\\/es\\\/\",\"name\":\"Mujer Rural Emprendedora\",\"description\":\"Otro sitio m\u00e1s de Sitios de Mujer Rural Emprendedora\",\"potentialAction\":[{\"@type\":\"SearchAction\",\"target\":{\"@type\":\"EntryPoint\",\"urlTemplate\":\"http:\\\/\\\/www.mujerruralemprendedora.com\\\/es\\\/?s={search_term_string}\"},\"query-input\":{\"@type\":\"PropertyValueSpecification\",\"valueRequired\":true,\"valueName\":\"search_term_string\"}}],\"inLanguage\":\"es\"}]}<\/script>\n<!-- \/ Yoast SEO plugin. -->","yoast_head_json":{"title":"Informaci\u00f3n y formaci\u00f3n ayuda a domicilio - Mujer Rural Emprendedora","description":"\u00bfC\u00f3mo ser auxiliar de ayuda a domicilio? \u00bfCu\u00e1les son mis competencias? \u00bfQu\u00e9 formaci\u00f3n necesito? \u00bfD\u00f3nde puedo realizarla?","robots":{"index":"index","follow":"follow","max-snippet":"max-snippet:-1","max-image-preview":"max-image-preview:large","max-video-preview":"max-video-preview:-1"},"canonical":"http:\/\/www.mujerruralemprendedora.com\/es\/informacion-y-formacion-ayuda\/","og_locale":"es_ES","og_type":"article","og_title":"Informaci\u00f3n y formaci\u00f3n ayuda a domicilio - Mujer Rural Emprendedora","og_description":"\u00bfC\u00f3mo ser auxiliar de ayuda a domicilio? \u00bfCu\u00e1les son mis competencias? \u00bfQu\u00e9 formaci\u00f3n necesito? \u00bfD\u00f3nde puedo realizarla?","og_url":"http:\/\/www.mujerruralemprendedora.com\/es\/informacion-y-formacion-ayuda\/","og_site_name":"Mujer Rural Emprendedora","article_publisher":"http:\/\/www.facebook.com\/mujerruralemprendedora","article_modified_time":"2015-03-16T09:22:16+00:00","og_image":[{"url":"http:\/\/www.mujerruralemprendedora.com\/es\/wp-content\/uploads\/sites\/3\/2015\/01\/contenidos2.jpg","type":"","width":"","height":""}],"twitter_misc":{"Tiempo de lectura":"1 minuto"},"schema":{"@context":"https:\/\/schema.org","@graph":[{"@type":"WebPage","@id":"http:\/\/www.mujerruralemprendedora.com\/es\/informacion-y-formacion-ayuda\/","url":"http:\/\/www.mujerruralemprendedora.com\/es\/informacion-y-formacion-ayuda\/","name":"Informaci\u00f3n y formaci\u00f3n ayuda a domicilio - Mujer Rural Emprendedora","isPartOf":{"@id":"http:\/\/www.mujerruralemprendedora.com\/es\/#website"},"primaryImageOfPage":{"@id":"http:\/\/www.mujerruralemprendedora.com\/es\/informacion-y-formacion-ayuda\/#primaryimage"},"image":{"@id":"http:\/\/www.mujerruralemprendedora.com\/es\/informacion-y-formacion-ayuda\/#primaryimage"},"thumbnailUrl":"http:\/\/www.mujerruralemprendedora.com\/es\/wp-content\/uploads\/sites\/3\/2015\/01\/contenidos2.jpg","datePublished":"2015-01-25T23:48:19+00:00","dateModified":"2015-03-16T09:22:16+00:00","description":"\u00bfC\u00f3mo ser auxiliar de ayuda a domicilio? \u00bfCu\u00e1les son mis competencias? \u00bfQu\u00e9 formaci\u00f3n necesito? \u00bfD\u00f3nde puedo realizarla?","breadcrumb":{"@id":"http:\/\/www.mujerruralemprendedora.com\/es\/informacion-y-formacion-ayuda\/#breadcrumb"},"inLanguage":"es","potentialAction":[{"@type":"ReadAction","target":["http:\/\/www.mujerruralemprendedora.com\/es\/informacion-y-formacion-ayuda\/"]}]},{"@type":"ImageObject","inLanguage":"es","@id":"http:\/\/www.mujerruralemprendedora.com\/es\/informacion-y-formacion-ayuda\/#primaryimage","url":"http:\/\/www.mujerruralemprendedora.com\/es\/wp-content\/uploads\/sites\/3\/2015\/01\/contenidos2.jpg","contentUrl":"http:\/\/www.mujerruralemprendedora.com\/es\/wp-content\/uploads\/sites\/3\/2015\/01\/contenidos2.jpg","width":238,"height":173},{"@type":"BreadcrumbList","@id":"http:\/\/www.mujerruralemprendedora.com\/es\/informacion-y-formacion-ayuda\/#breadcrumb","itemListElement":[{"@type":"ListItem","position":1,"name":"Portada","item":"http:\/\/www.mujerruralemprendedora.com\/es\/"},{"@type":"ListItem","position":2,"name":"Informaci\u00f3n y formaci\u00f3n ayuda a domicilio"}]},{"@type":"WebSite","@id":"http:\/\/www.mujerruralemprendedora.com\/es\/#website","url":"http:\/\/www.mujerruralemprendedora.com\/es\/","name":"Mujer Rural Emprendedora","description":"Otro sitio m\u00e1s de Sitios de Mujer Rural Emprendedora","potentialAction":[{"@type":"SearchAction","target":{"@type":"EntryPoint","urlTemplate":"http:\/\/www.mujerruralemprendedora.com\/es\/?s={search_term_string}"},"query-input":{"@type":"PropertyValueSpecification","valueRequired":true,"valueName":"search_term_string"}}],"inLanguage":"es"}]}},"_links":{"self":[{"href":"http:\/\/www.mujerruralemprendedora.com\/es\/wp-json\/wp\/v2\/pages\/50","targetHints":{"allow":["GET"]}}],"collection":[{"href":"http:\/\/www.mujerruralemprendedora.com\/es\/wp-json\/wp\/v2\/pages"}],"about":[{"href":"http:\/\/www.mujerruralemprendedora.com\/es\/wp-json\/wp\/v2\/types\/page"}],"author":[{"embeddable":true,"href":"http:\/\/www.mujerruralemprendedora.com\/es\/wp-json\/wp\/v2\/users\/1"}],"replies":[{"embeddable":true,"href":"http:\/\/www.mujerruralemprendedora.com\/es\/wp-json\/wp\/v2\/comments?post=50"}],"version-history":[{"count":20,"href":"http:\/\/www.mujerruralemprendedora.com\/es\/wp-json\/wp\/v2\/pages\/50\/revisions"}],"predecessor-version":[{"id":1348,"href":"http:\/\/www.mujerruralemprendedora.com\/es\/wp-json\/wp\/v2\/pages\/50\/revisions\/1348"}],"wp:attachment":[{"href":"http:\/\/www.mujerruralemprendedora.com\/es\/wp-json\/wp\/v2\/media?parent=50"}],"curies":[{"name":"wp","href":"https:\/\/api.w.org\/{rel}","templated":true}]}}