{"id":63,"date":"2015-01-26T00:56:15","date_gmt":"2015-01-26T00:56:15","guid":{"rendered":"http:\/\/www.mujerruralemprendedora.com\/es\/?page_id=63"},"modified":"2015-03-06T10:29:27","modified_gmt":"2015-03-06T10:29:27","slug":"condiciones-de-uso","status":"publish","type":"page","link":"http:\/\/www.mujerruralemprendedora.com\/es\/condiciones-de-uso\/","title":{"rendered":"Condiciones de uso"},"content":{"rendered":"<p><strong><em>Aviso Legal<\/em> <\/strong><\/p>\n<p><strong><span style=\"text-decoration: underline;\">Datos identificativos<\/span><\/strong><\/p>\n<p>El presente aviso legal regula el uso del servicio del portal de Internet <a href=\"http:\/\/www.mujerruralemprendedora.com\/\">http:\/\/www.mujerruralemprendedora.com<\/a>, propiedad de la Asociaci\u00f3n de Familias y Mujeres del Medio Rural, \u00a0AFAMMER, C\/ Montesa, 9, Bajo B, 13001 Ciudad Real, CIF G28766202 e inscrita en el Registro\u00a0Nacional de Asociaciones.<\/p>\n<p><strong><span style=\"text-decoration: underline;\">Objeto y \u00e1mbito de aplicaci\u00f3n<\/span><\/strong><\/p>\n<ol>\n<li>Estas son las condiciones generales (en adelante \u00abcondiciones generales\u00bb) que regulan el acceso, navegaci\u00f3n y uso de los sitios Web bajo el dominio http:\/\/www.mujerruralemprendedora.com (en adelante, Sitio Web), as\u00ed como las responsabilidades derivadas de la utilizaci\u00f3n de sus contenidos (entendiendo en adelante por \u00abcontenidos\u00bb los textos, gr\u00e1ficos, dibujos, dise\u00f1os, c\u00f3digos, software, fotograf\u00edas, m\u00fasica, v\u00eddeos, sonidos, bases de datos, im\u00e1genes, expresiones e informaciones, as\u00ed como cualquier otra creaci\u00f3n protegida por las leyes nacionales y los tratados internacionales sobre propiedad intelectual e industrial). Independientemente de las mismas, AFAMMER podr\u00e1 establecer unas condiciones particulares que regulen la utilizaci\u00f3n y\/o contrataci\u00f3n de servicios espec\u00edficos ofrecidos a los Usuarios a trav\u00e9s del Sitio Web.<\/li>\n<li>Se entender\u00e1 que el acceso o la mera utilizaci\u00f3n del Sitio Web por parte del Usuario implica la adhesi\u00f3n de \u00e9ste a las condiciones generales que AFAMMER tenga publicadas en cada momento en el que acceda al Sitio Web y que estar\u00e1n disponibles para los usuarios. En consecuencia, el Usuario debe leer atentamente estas condiciones generales. En este sentido, se entender\u00e1 por Usuario a la persona que acceda, navegue, utilice o participe en los servicios y actividades, gratuitas u onerosas, desarrolladas en el Sitio Web.<\/li>\n<li>Asimismo, a trav\u00e9s del Sitio Web, \u00a0AFAMMER podr\u00e1 habilitar a terceras entidades para que publiciten o presten sus servicios. En estos casos, AFAMMER no ser\u00e1 responsable de establecer las condiciones generales y particulares a tener en cuenta en la utilizaci\u00f3n, prestaci\u00f3n o contrataci\u00f3n de estos servicios por terceros y, por tanto, no podr\u00e1 ser considerado responsable de los mismos.<\/li>\n<li>Antes de utilizar y\/o contratar dichos servicios espec\u00edficos prestados por AFAMMER, el Usuario deber\u00e1 leer atentamente las correspondientes condiciones particulares creadas a tal efecto por AFAMMER. La utilizaci\u00f3n y\/o la contrataci\u00f3n de dichos servicios espec\u00edficos implica la aceptaci\u00f3n de las condiciones particulares que los regulen en la versi\u00f3n publicada por AFAMMER en el momento en que se produzca dicha utilizaci\u00f3n y\/o contrataci\u00f3n.<\/li>\n<\/ol>\n<p><strong><span style=\"text-decoration: underline;\">Pol\u00edtica de Privacidad. Protecci\u00f3n de datos<\/span><\/strong><\/p>\n<p>Los datos de car\u00e1cter personal que puedan ser facilitados a AFAMMER a trav\u00e9s de su web, ser\u00e1n incorporados a un fichero llamado \u00abContactos\u00bb, responsabilidad de AFAMMER, con la finalidad de gestionar la relaci\u00f3n con nosotros y mantenerle informado de nuestros actividades y servicios en el sentido de la Ley Org\u00e1nica 15\/1999 de Protecci\u00f3n de Datos de Car\u00e1cter Personal. El Usuario garantiza que los Datos Personales facilitados a la Asociaci\u00f3n son veraces y correctos, haci\u00e9ndose responsable de comunicar a \u00e9sta cualquier modificaci\u00f3n en los mismos. Podr\u00e1n ejercitar los derechos de acceso, rectificaci\u00f3n, cancelaci\u00f3n y oposici\u00f3n dirigi\u00e9ndose por escrito a: a AFAMMER NACIONAL C\/ Montesa, 9, Bajo B 13001 Ciudad Real, indicando en la comunicaci\u00f3n \u201cAtenci\u00f3n derechos LOPD\u201d y adjuntando fotocopia de su DNI; o bien y con car\u00e1cter previo a tal actuaci\u00f3n, solicitar con las mismas se\u00f1as que le sean remitidos los impresos que el Responsable del Fichero dispone a tal efecto. AFAMMER, en ning\u00fan caso remitir\u00e1 publicidad y comunicaciones con fines de venta u otras de naturaleza comercial a los usuarios sin que medie su previa solicitud o consentimiento. No se enviar\u00e1n cadenas de mensajes electr\u00f3nicos no solicitados ni previamente consentidos, entendi\u00e9ndose que no entra en el concepto de publicidad y comunicaciones con fines de venta, en los t\u00e9rminos descritos en la Ley, los newsletters que ocasionalmente pueda transmitir AFAMMER a sus usuarios registrados o socias\/os. AFAMMER adoptar\u00e1 las medidas de \u00edndole t\u00e9cnica y organizativa necesarias que garanticen la seguridad de los datos de car\u00e1cter personal y eviten as\u00ed su alteraci\u00f3n, p\u00e9rdida, tratamiento o acceso no autorizado, habida cuenta del estado de la tecnolog\u00eda de acuerdo con lo establecido por el RLOPD. Sin embargo, AFAMMER no puede garantizar la absoluta inexpugnabilidad de la red Internet y por tanto la violaci\u00f3n de los datos mediante accesos fraudulentos a ellos por parte de terceros. Parte de los servicios que AFAMMER ofrece a sus usuarios utilizan cookies. La cookie es un peque\u00f1o archivo de texto que el servidor puede guardar en el disco duro de un equipo para almacenar alg\u00fan tipo de informaci\u00f3n sobre el usuario. La cookie solo puede ser le\u00edda por el sitio Web que lo envi\u00f3 al equipo. No es un archivo ejecutable ni puede propagar ni contener un virus. AFAMMER utiliza estos datos con el fin \u00faltimo de mejorar sus servicios. La informaci\u00f3n que AFAMMER almacena mediante este mecanismo permite reconocer al usuario en sus diferentes visitas al sitio Web. El usuario puede configurar su navegador para aceptar o rechazar las cookies sin embargo AFAMMER le aconseja y agradece que active la aceptaci\u00f3n de cookies para poder obtener datos m\u00e1s precisos que permiten mejorar el contenido y adaptarlo a las preferencias del usuario. AFAMMER no se responsabiliza de que la desactivaci\u00f3n de las cookies impida el buen funcionamiento de la p\u00e1gina.<\/p>\n<p><strong><span style=\"text-decoration: underline;\">Derechos de Propiedad Intelectual<\/span><\/strong><\/p>\n<ol>\n<li>Todos los contenidos del sitio web http:\/\/www.mujerruralemprendedora.com\/ (incluyendo, sin car\u00e1cter limitativo, bases de datos, im\u00e1genes y fotograf\u00edas, dibujos, gr\u00e1ficos y archivos de texto) son propiedad de AFAMMER NACIONAL o de los proveedores de contenidos, habiendo sido, en este \u00faltimo caso, objeto de licencia o cesi\u00f3n por parte de los mismos, y est\u00e1n protegidos por las normas nacionales o internacionales de propiedad intelectual. La recopilaci\u00f3n, dise\u00f1o, ordenaci\u00f3n y montaje de todo el contenido del sitio web es propiedad exclusiva de AFAMMER NACIONAL y se encuentra protegida por las normas nacionales e internacionales de propiedad industrial e intelectual.<\/li>\n<li>Las marcas, r\u00f3tulos, signos distintivos o logos de sitio web http:\/\/www.mujerruralemprendedora.com\/,\u00a0 son titularidad de AFAMMER y est\u00e1n debidamente registrados.<\/li>\n<li>Los textos, datos y dibujos gr\u00e1ficos son propiedad de AFAMMER o de las entidades proveedoras de informaci\u00f3n, no pudiendo ser objeto de ulterior modificaci\u00f3n, copia, transformaci\u00f3n, alteraci\u00f3n, reproducci\u00f3n, adaptaci\u00f3n o traducci\u00f3n por parte de terceros, sin la expresa autorizaci\u00f3n por parte del titular de dicho contenido. La puesta a disposici\u00f3n de los textos, datos y dibujos gr\u00e1ficos no implica, en ning\u00fan caso, la cesi\u00f3n de su titularidad o la concesi\u00f3n de un derecho de explotaci\u00f3n, reproducci\u00f3n, difusi\u00f3n, transformaci\u00f3n, distribuci\u00f3n, o transmisi\u00f3n a su favor, distinto del derecho de uso que comporta la utilizaci\u00f3n leg\u00edtima de http:\/\/www.mujerruralemprendedora.com\/.<\/li>\n<\/ol>\n<p><strong><span style=\"text-decoration: underline;\">Usuarios<\/span><\/strong><\/p>\n<p>El acceso y\/o uso de los portales le atribuye la condici\u00f3n de USUARIO, que acepta, desde dicho acceso y\/o uso, las Condiciones Generales de Uso aqu\u00ed reflejadas.<\/p>\n<p><strong><span style=\"text-decoration: underline;\">Contenidos generados por los usuarios<\/span><\/strong><\/p>\n<ol>\n<ol>\n<li>En el caso de que el Usuario env\u00ede contenidos de cualquier tipo al Sitio Web, el mismo declara, garantiza y acepta que tiene derecho a hacerlo libremente, que dicha informaci\u00f3n no infringe ning\u00fan derecho de propiedad intelectual, de marca, de patente, secreto comercial, o cualquier otro derecho de tercero, que dicha informaci\u00f3n no tiene car\u00e1cter confidencial y que dicha informaci\u00f3n no es perjudicial para terceros.<\/li>\n<li>El Usuario reconoce asumir la responsabilidad y dejar\u00e1 indemne a AFAMMER por cualquier da\u00f1o derivado de cualquier comunicaci\u00f3n que suministre personalmente o a su nombre, alcanzando dicha responsabilidad sin restricci\u00f3n alguna la exactitud, legalidad, originalidad y titularidad de la misma.<\/li>\n<li>AFAMMER se reserva la facultad de decidir la divulgaci\u00f3n o publicaci\u00f3n de los contenidos enviados por el Usuario.<\/li>\n<li>En el caso de que los contenidos enviados por los Usuarios contengan im\u00e1genes el Usuario declara y garantiza y acepta:\n<ol>\n<li>Que es mayor de edad a los efectos legales.<\/li>\n<li>Que es el autor o titular de los derechos de las im\u00e1genes y que tiene derecho a enviarlas y que las mismas no infringen ning\u00fan derecho de propiedad intelectual, de marca o cualquier otro derecho de tercero.<\/li>\n<li>Que las citadas im\u00e1genes han sido realizadas con el consentimiento de las personas que aparecen en las mismas y que en caso de aparecer menores el citado consentimiento se ha prestado por escrito por sus representantes legales y podr\u00e1 acreditarlo en cualquier momento que sea requerido para ello.<\/li>\n<\/ol>\n<\/li>\n<li>AFAMMER se reserva la facultad de comunicar p\u00fablicamente las im\u00e1genes que estime conveniente y queda facultada para reproducir y comunicar las mismas en todos los medios de AFAMMER.<\/li>\n<li>El Usuario reconoce asumir la responsabilidad y dejar\u00e1 indemne a AFAMMER por las anteriores manifestaciones.<\/li>\n<li>El Usuario cede a t\u00edtulo gratuito a AFAMMER, sin car\u00e1cter de exclusiva, los derechos de reproducci\u00f3n, distribuci\u00f3n, transformaci\u00f3n y comunicaci\u00f3n p\u00fablica, en todas las posibles modalidades, en relaci\u00f3n a los contenidos enviados (fotograf\u00edas, im\u00e1genes con o sin movimiento, textos, informaciones, bases de datos, grabaciones sonoras o cualesquiera otras obras o prestaciones). La citada cesi\u00f3n se realiza para todo el mundo, por la duraci\u00f3n m\u00e1xima actualmente prevista en la Ley de Propiedad Intelectual y con expresa facultad de cesi\u00f3n a terceros.<\/li>\n<\/ol>\n<\/ol>\n<p><strong><span style=\"text-decoration: underline;\">Interacci\u00f3n del usuario con el sitio web<\/span><\/strong><\/p>\n<p>El usuario se compromete a:<\/p>\n<ol>\n<li>No introducir en el sitio web informaciones il\u00edcitas o contrarias a la buena fe y al orden p\u00fablico, ni que resulten ofensivas para terceros.<\/li>\n<li>No introducir datos personales propios o de terceros de cualquiera de estas categor\u00edas: salud, origen racial o \u00e9tnico, vida sexual, ideolog\u00eda, afiliaci\u00f3n sindical, religi\u00f3n, creencias, infracciones administrativas o penales.<\/li>\n<li>No difundir contenidos o propaganda de car\u00e1cter racista, xen\u00f3fobo, pornogr\u00e1fico, apolog\u00eda del terrorismo o vulnerante de los derechos humanos.<\/li>\n<li>No insultar, amenazar, difamar o revelar informaci\u00f3n privada y\/o confidencial de personas f\u00edsicas o jur\u00eddicas.<\/li>\n<li>No provocar da\u00f1os en los sistemas inform\u00e1ticos de AFAMMER o de terceras personas o entidades.<\/li>\n<li>No introducir virus inform\u00e1ticos, malwares, spywares, troyanos, gusanos o cualquier otro software malicioso susceptible de producir los da\u00f1os anteriormente mencionados.<\/li>\n<li>No acceder ni manipular la informaci\u00f3n de otros usuarios del sistema.<\/li>\n<\/ol>\n<p>AFAMMER perseguir\u00e1 judicialmente este tipo de actuaciones as\u00ed como cualesquiera otra actuaci\u00f3n y\/o utilizaci\u00f3n indebida de su sitio web ejerciendo todas las acciones civiles y penales que le puedan corresponder de acuerdo con el ordenamiento jur\u00eddico espa\u00f1ol. AFAMMER declina cualquier tipo de responsabilidad en caso de que la utilizaci\u00f3n del sistema por parte del usuario contravenga las condiciones de uso anteriormente expuestas. AFAMMER no se responsabiliza ni se adhiere a las opiniones y\/o informaciones introducidas por el usuario.<\/p>\n<p><strong><span style=\"text-decoration: underline;\">Manifestaciones<\/span><\/strong><\/p>\n<ol>\n<li>AFAMMER manifiesta que este sitio web dispone de la tecnolog\u00eda adecuada para permitir el acceso y utilizaci\u00f3n del mismo. No obstante, la empresa no se responsabiliza por la eventual existencia de virus u otros elementos nocivos, introducidos por cualquier medio o por cualquier tercero, que puedan producir alteraciones en sus sistemas inform\u00e1ticos.<\/li>\n<li>El sitio web http:\/\/www.mujerruralemprendedora.com\/,\u00a0 podr\u00eda contener inexactitudes, omisiones relevantes, imprecisiones o erratas. AFAMMER no garantiza, en ning\u00fan caso, la veracidad, exactitud y actualidad de los datos contenidos en su sitio web. El usuario que accede a http:\/\/www.mujerruralemprendedora.com\/,\u00a0 exonera a AFAMMER de cualquier responsabilidad en relaci\u00f3n a la fiabilidad, utilidad o falsas expectativas que este sitio web pudiera producirle.<\/li>\n<\/ol>\n<p><strong><span style=\"text-decoration: underline;\">Limitaci\u00f3n de responsabilidad<\/span><\/strong><\/p>\n<ol>\n<li>AFAMMER no ofrece garant\u00edas de ninguna clase en cuanto al funcionamiento del sitio web http:\/\/www.mujerruralemprendedora.com\/,\u00a0 o a la informaci\u00f3n contenida en el mismo. AFAMMER no ser\u00e1 responsable de los da\u00f1os o perjuicios, de cualquier \u00edndole, que puedan derivarse del uso del sitio web <a href=\"http:\/\/www.mujerrural.com\/\">http:\/\/www.mujerruralemprendedora.com\/<\/a>.<\/li>\n<li>AFAMMER excluye toda responsabilidad por la licitud, contenido y calidad de los datos e informaciones ofrecidos por terceras entidades a trav\u00e9s del sitio web http:\/\/www.mujerruralemprendedora.com\/.<\/li>\n<\/ol>\n<p><strong><span style=\"text-decoration: underline;\">Empleo de cookies<\/span><\/strong><\/p>\n<p>AFAMMER podr\u00e1 utilizar cookies para personalizar y facilitar al m\u00e1ximo la navegaci\u00f3n del USUARIO por su Web. Las cookies se asocian \u00fanicamente a un USUARIO an\u00f3nimo y su ordenador y no proporcionan referencias que permitan deducir datos personales del USUARIO. El USUARIO podr\u00e1 configurar su navegador para que notifique y rechace la instalaci\u00f3n de las cookies enviadas por AFAMMER, sin que ello perjudique la posibilidad del USUARIO de acceder a los Contenidos.<\/p>\n<p><strong><span style=\"text-decoration: underline;\">Enlaces hiperv\u00ednculos<\/span><\/strong><\/p>\n<ol>\n<li>Los titulares de otros sitios web que deseen crear un hiperv\u00ednculo a http:\/\/www.mujerruralemprendedora.com\/, se comprometen a no establecer enlaces a sitios web en los que no aparezca el logotipo de AFAMMER y a no realizar manifestaciones falsas, inexactas o incorrectas, que puedan inducir a error o, en general, que sean contrarias a las leyes.<\/li>\n<li>Los titulares de otros sitios web que deseen crear un hiperv\u00ednculo a http:\/\/www.mujerruralemprendedora.com se comprometen, asimismo, a no establecer hiperv\u00ednculos con sitios web que contengan contenidos, manifestaciones o propaganda de \u00edndole racista, xen\u00f3foba, pornogr\u00e1fica, de apolog\u00eda del terrorismo y, en general, puedan perjudicar de cualquier modo el buen nombre o la imagen de AFAMMER.<\/li>\n<li>La inclusi\u00f3n de hiperv\u00ednculos en http:\/\/www.mujerruralemprendedora.com, no implica necesariamente que AFAMMER mantenga relaciones mercantiles o v\u00ednculos asociativos con el titular del sitio web en la que se establezca el enlace.<\/li>\n<li>La inclusi\u00f3n de un enlace en http:\/\/www.mujerruralemprendedora.com, no implica que AFAMMER fomente en manera alguna o se responsabilice por dicho enlace. En estas situaciones se recomienda al usuario que revise las pol\u00edticas de privacidad de dichos sitios.<\/li>\n<li>La presencia de hiperv\u00ednculos en http:\/\/www.mujerruralemprendedora.com tiene una finalidad meramente informativa, motivo por el cual, AFAMMER no se responsabiliza ni otorga garant\u00eda de ninguna naturaleza, ni expresa ni impl\u00edcita respecto a la comerciabilidad, idoneidad, calidad, caracter\u00edsticas, procedencia, comercializaci\u00f3n o cualquier otro aspecto de las informaciones y\/o productos y\/o servicios que se ofrezcan a trav\u00e9s del sitio web referenciado.<\/li>\n<\/ol>\n<p><strong><span style=\"text-decoration: underline;\">Derecho de exclusi\u00f3n<\/span><\/strong><\/p>\n<p>AFAMMER se reserva el derecho a denegar o retirar el acceso a su Web y\/o los servicios ofrecidos sin necesidad de preaviso, a instancia propia o de un tercero, a aquellos usuarios que incumplan las presentes Condiciones Generales de Uso.<\/p>\n<p><strong><span style=\"text-decoration: underline;\">Modificaci\u00f3n de las presentes condiciones y duraci\u00f3n<\/span><\/strong><\/p>\n<p>AFAMMER podr\u00e1 modificar en cualquier momento las condiciones aqu\u00ed determinadas, siendo debidamente publicadas como aqu\u00ed aparecen. La vigencia de las citadas condiciones ir\u00e1 en funci\u00f3n de su exposici\u00f3n y estar\u00e1n vigentes hasta que sean modificadas por otras debidamente publicadas.<\/p>\n<p><strong><span style=\"text-decoration: underline;\">Legislaci\u00f3n aplicable y jurisdicci\u00f3n<\/span><\/strong><\/p>\n<p>La relaci\u00f3n entre AFAMMER y el USUARIO se regir\u00e1 por la normativa espa\u00f1ola vigente y cualquier controversia se someter\u00e1 a los Juzgados y tribunales de la ciudad de Ciudad Real.<\/p>\n","protected":false},"excerpt":{"rendered":"<p>Aviso Legal Datos identificativos El presente aviso legal regula el uso del servicio del portal de Internet http:\/\/www.mujerruralemprendedora.com, propiedad de la Asociaci\u00f3n de Familias y Mujeres del Medio Rural, \u00a0AFAMMER, C\/ Montesa, 9, Bajo B, 13001 Ciudad Real, CIF G28766202 e inscrita en el Registro\u00a0Nacional de Asociaciones. Objeto y \u00e1mbito[&#8230;]<\/p>\n","protected":false},"author":1,"featured_media":0,"parent":0,"menu_order":0,"comment_status":"closed","ping_status":"open","template":"template-fullwidth.php","meta":{"footnotes":""},"class_list":["post-63","page","type-page","status-publish","hentry"],"yoast_head":"<!-- This site is optimized with the Yoast SEO plugin v27.5 - https:\/\/yoast.com\/product\/yoast-seo-wordpress\/ -->\n<title>Condiciones de uso - Mujer Rural Emprendedora<\/title>\n<meta name=\"description\" content=\"Condiciones de uso\" \/>\n<meta name=\"robots\" content=\"index, follow, max-snippet:-1, max-image-preview:large, max-video-preview:-1\" \/>\n<link rel=\"canonical\" href=\"http:\/\/www.mujerruralemprendedora.com\/es\/condiciones-de-uso\/\" \/>\n<meta property=\"og:locale\" content=\"es_ES\" \/>\n<meta property=\"og:type\" content=\"article\" \/>\n<meta property=\"og:title\" content=\"Condiciones de uso - Mujer Rural Emprendedora\" \/>\n<meta property=\"og:description\" content=\"Condiciones de uso\" \/>\n<meta property=\"og:url\" content=\"http:\/\/www.mujerruralemprendedora.com\/es\/condiciones-de-uso\/\" \/>\n<meta property=\"og:site_name\" content=\"Mujer Rural Emprendedora\" \/>\n<meta property=\"article:publisher\" content=\"http:\/\/www.facebook.com\/mujerruralemprendedora\" \/>\n<meta property=\"article:modified_time\" content=\"2015-03-06T10:29:27+00:00\" \/>\n<meta name=\"twitter:label1\" content=\"Tiempo de lectura\" \/>\n\t<meta name=\"twitter:data1\" content=\"13 minutos\" \/>\n<script type=\"application\/ld+json\" class=\"yoast-schema-graph\">{\"@context\":\"https:\\\/\\\/schema.org\",\"@graph\":[{\"@type\":\"WebPage\",\"@id\":\"http:\\\/\\\/www.mujerruralemprendedora.com\\\/es\\\/condiciones-de-uso\\\/\",\"url\":\"http:\\\/\\\/www.mujerruralemprendedora.com\\\/es\\\/condiciones-de-uso\\\/\",\"name\":\"Condiciones de uso - Mujer Rural Emprendedora\",\"isPartOf\":{\"@id\":\"http:\\\/\\\/www.mujerruralemprendedora.com\\\/es\\\/#website\"},\"datePublished\":\"2015-01-26T00:56:15+00:00\",\"dateModified\":\"2015-03-06T10:29:27+00:00\",\"description\":\"Condiciones de uso\",\"breadcrumb\":{\"@id\":\"http:\\\/\\\/www.mujerruralemprendedora.com\\\/es\\\/condiciones-de-uso\\\/#breadcrumb\"},\"inLanguage\":\"es\",\"potentialAction\":[{\"@type\":\"ReadAction\",\"target\":[\"http:\\\/\\\/www.mujerruralemprendedora.com\\\/es\\\/condiciones-de-uso\\\/\"]}]},{\"@type\":\"BreadcrumbList\",\"@id\":\"http:\\\/\\\/www.mujerruralemprendedora.com\\\/es\\\/condiciones-de-uso\\\/#breadcrumb\",\"itemListElement\":[{\"@type\":\"ListItem\",\"position\":1,\"name\":\"Portada\",\"item\":\"http:\\\/\\\/www.mujerruralemprendedora.com\\\/es\\\/\"},{\"@type\":\"ListItem\",\"position\":2,\"name\":\"Condiciones de uso\"}]},{\"@type\":\"WebSite\",\"@id\":\"http:\\\/\\\/www.mujerruralemprendedora.com\\\/es\\\/#website\",\"url\":\"http:\\\/\\\/www.mujerruralemprendedora.com\\\/es\\\/\",\"name\":\"Mujer Rural Emprendedora\",\"description\":\"Otro sitio m\u00e1s de Sitios de Mujer Rural Emprendedora\",\"potentialAction\":[{\"@type\":\"SearchAction\",\"target\":{\"@type\":\"EntryPoint\",\"urlTemplate\":\"http:\\\/\\\/www.mujerruralemprendedora.com\\\/es\\\/?s={search_term_string}\"},\"query-input\":{\"@type\":\"PropertyValueSpecification\",\"valueRequired\":true,\"valueName\":\"search_term_string\"}}],\"inLanguage\":\"es\"}]}<\/script>\n<!-- \/ Yoast SEO plugin. -->","yoast_head_json":{"title":"Condiciones de uso - Mujer Rural Emprendedora","description":"Condiciones de uso","robots":{"index":"index","follow":"follow","max-snippet":"max-snippet:-1","max-image-preview":"max-image-preview:large","max-video-preview":"max-video-preview:-1"},"canonical":"http:\/\/www.mujerruralemprendedora.com\/es\/condiciones-de-uso\/","og_locale":"es_ES","og_type":"article","og_title":"Condiciones de uso - Mujer Rural Emprendedora","og_description":"Condiciones de uso","og_url":"http:\/\/www.mujerruralemprendedora.com\/es\/condiciones-de-uso\/","og_site_name":"Mujer Rural Emprendedora","article_publisher":"http:\/\/www.facebook.com\/mujerruralemprendedora","article_modified_time":"2015-03-06T10:29:27+00:00","twitter_misc":{"Tiempo de lectura":"13 minutos"},"schema":{"@context":"https:\/\/schema.org","@graph":[{"@type":"WebPage","@id":"http:\/\/www.mujerruralemprendedora.com\/es\/condiciones-de-uso\/","url":"http:\/\/www.mujerruralemprendedora.com\/es\/condiciones-de-uso\/","name":"Condiciones de uso - Mujer Rural Emprendedora","isPartOf":{"@id":"http:\/\/www.mujerruralemprendedora.com\/es\/#website"},"datePublished":"2015-01-26T00:56:15+00:00","dateModified":"2015-03-06T10:29:27+00:00","description":"Condiciones de uso","breadcrumb":{"@id":"http:\/\/www.mujerruralemprendedora.com\/es\/condiciones-de-uso\/#breadcrumb"},"inLanguage":"es","potentialAction":[{"@type":"ReadAction","target":["http:\/\/www.mujerruralemprendedora.com\/es\/condiciones-de-uso\/"]}]},{"@type":"BreadcrumbList","@id":"http:\/\/www.mujerruralemprendedora.com\/es\/condiciones-de-uso\/#breadcrumb","itemListElement":[{"@type":"ListItem","position":1,"name":"Portada","item":"http:\/\/www.mujerruralemprendedora.com\/es\/"},{"@type":"ListItem","position":2,"name":"Condiciones de uso"}]},{"@type":"WebSite","@id":"http:\/\/www.mujerruralemprendedora.com\/es\/#website","url":"http:\/\/www.mujerruralemprendedora.com\/es\/","name":"Mujer Rural Emprendedora","description":"Otro sitio m\u00e1s de Sitios de Mujer Rural Emprendedora","potentialAction":[{"@type":"SearchAction","target":{"@type":"EntryPoint","urlTemplate":"http:\/\/www.mujerruralemprendedora.com\/es\/?s={search_term_string}"},"query-input":{"@type":"PropertyValueSpecification","valueRequired":true,"valueName":"search_term_string"}}],"inLanguage":"es"}]}},"_links":{"self":[{"href":"http:\/\/www.mujerruralemprendedora.com\/es\/wp-json\/wp\/v2\/pages\/63","targetHints":{"allow":["GET"]}}],"collection":[{"href":"http:\/\/www.mujerruralemprendedora.com\/es\/wp-json\/wp\/v2\/pages"}],"about":[{"href":"http:\/\/www.mujerruralemprendedora.com\/es\/wp-json\/wp\/v2\/types\/page"}],"author":[{"embeddable":true,"href":"http:\/\/www.mujerruralemprendedora.com\/es\/wp-json\/wp\/v2\/users\/1"}],"replies":[{"embeddable":true,"href":"http:\/\/www.mujerruralemprendedora.com\/es\/wp-json\/wp\/v2\/comments?post=63"}],"version-history":[{"count":7,"href":"http:\/\/www.mujerruralemprendedora.com\/es\/wp-json\/wp\/v2\/pages\/63\/revisions"}],"predecessor-version":[{"id":857,"href":"http:\/\/www.mujerruralemprendedora.com\/es\/wp-json\/wp\/v2\/pages\/63\/revisions\/857"}],"wp:attachment":[{"href":"http:\/\/www.mujerruralemprendedora.com\/es\/wp-json\/wp\/v2\/media?parent=63"}],"curies":[{"name":"wp","href":"https:\/\/api.w.org\/{rel}","templated":true}]}}