{"id":65,"date":"2015-01-26T00:56:36","date_gmt":"2015-01-26T00:56:36","guid":{"rendered":"http:\/\/www.mujerruralemprendedora.com\/es\/?page_id=65"},"modified":"2015-03-06T08:06:01","modified_gmt":"2015-03-06T08:06:01","slug":"politica-de-privacidad","status":"publish","type":"page","link":"http:\/\/www.mujerruralemprendedora.com\/es\/politica-de-privacidad\/","title":{"rendered":"Pol\u00edtica de privacidad"},"content":{"rendered":"<p>Toda comunicaci\u00f3n con\u00a0AFAMMER por cualquier medio o a trav\u00e9s de su direcci\u00f3n de correo electr\u00f3nico, o de los formularios presentes en este &#8216;web site&#8217; o a su &#8216;e-mail&#8217;, supone el consentimiento expreso para que sus datos personales sean incorporados a ficheros titularidad de AFAMMER, cuya direcci\u00f3n es C\/ Montesa 9. Bajo B. 1301 Ciudad Real.<\/p>\n<p>Estos datos de car\u00e1cter personal ser\u00e1n tratados conforme a lo dispuesto en la Ley Org\u00e1nica 15\/1999, de 13 de diciembre, de Protecci\u00f3n de Datos de Car\u00e1cter Personal.<\/p>\n<p>Por tanto, el interesado podr\u00e1 ejercer derecho de acceso, rectificaci\u00f3n, cancelaci\u00f3n y oposici\u00f3n con respecto a los datos personales que consten en los expresados ficheros, pudiendo revocar su consentimiento por escrito en cualquier momento.<\/p>\n<p>Para ello lo podr\u00e1n hacer mediante comunicaci\u00f3n escrita dirigida a:<\/p>\n<p>AFAMMER<br \/>\nC\/\u00a0Montesa 9. Bajo B<br \/>\nC.P.13001-\u00a0Ciudad Real<br \/>\nTel\u00e9fono: +34 926 232 798 \/ Fax: +34 926 251 176<br \/>\n<a href=\"mailto:iafammer@afammer.es\">afammer@afammer.es<\/a><\/p>\n","protected":false},"excerpt":{"rendered":"<p>Toda comunicaci\u00f3n con\u00a0AFAMMER por cualquier medio o a trav\u00e9s de su direcci\u00f3n de correo electr\u00f3nico, o de los formularios presentes en este &#8216;web site&#8217; o a su &#8216;e-mail&#8217;, supone el consentimiento expreso para que sus datos personales sean incorporados a ficheros titularidad de AFAMMER, cuya direcci\u00f3n es C\/ Montesa 9.[&#8230;]<\/p>\n","protected":false},"author":1,"featured_media":0,"parent":0,"menu_order":0,"comment_status":"closed","ping_status":"open","template":"template-fullwidth.php","meta":{"footnotes":""},"class_list":["post-65","page","type-page","status-publish","hentry"],"yoast_head":"<!-- This site is optimized with the Yoast SEO plugin v27.5 - https:\/\/yoast.com\/product\/yoast-seo-wordpress\/ -->\n<title>Pol\u00edtica de privacidad - Mujer Rural Emprendedora<\/title>\n<meta name=\"robots\" content=\"index, follow, max-snippet:-1, max-image-preview:large, max-video-preview:-1\" \/>\n<link rel=\"canonical\" href=\"http:\/\/www.mujerruralemprendedora.com\/es\/politica-de-privacidad\/\" \/>\n<meta property=\"og:locale\" content=\"es_ES\" \/>\n<meta property=\"og:type\" content=\"article\" \/>\n<meta property=\"og:title\" content=\"Pol\u00edtica de privacidad - Mujer Rural Emprendedora\" \/>\n<meta property=\"og:description\" content=\"Toda comunicaci\u00f3n con\u00a0AFAMMER por cualquier medio o a trav\u00e9s de su direcci\u00f3n de correo electr\u00f3nico, o de los formularios presentes en este &#8216;web site&#8217; o a su &#8216;e-mail&#8217;, supone el consentimiento expreso para que sus datos personales sean incorporados a ficheros titularidad de AFAMMER, cuya direcci\u00f3n es C\/ Montesa 9.[...]\" \/>\n<meta property=\"og:url\" content=\"http:\/\/www.mujerruralemprendedora.com\/es\/politica-de-privacidad\/\" \/>\n<meta property=\"og:site_name\" content=\"Mujer Rural Emprendedora\" \/>\n<meta property=\"article:publisher\" content=\"http:\/\/www.facebook.com\/mujerruralemprendedora\" \/>\n<meta property=\"article:modified_time\" content=\"2015-03-06T08:06:01+00:00\" \/>\n<meta name=\"twitter:label1\" content=\"Tiempo de lectura\" \/>\n\t<meta name=\"twitter:data1\" content=\"1 minuto\" \/>\n<script type=\"application\/ld+json\" class=\"yoast-schema-graph\">{\"@context\":\"https:\\\/\\\/schema.org\",\"@graph\":[{\"@type\":\"WebPage\",\"@id\":\"http:\\\/\\\/www.mujerruralemprendedora.com\\\/es\\\/politica-de-privacidad\\\/\",\"url\":\"http:\\\/\\\/www.mujerruralemprendedora.com\\\/es\\\/politica-de-privacidad\\\/\",\"name\":\"Pol\u00edtica de privacidad - Mujer Rural Emprendedora\",\"isPartOf\":{\"@id\":\"http:\\\/\\\/www.mujerruralemprendedora.com\\\/es\\\/#website\"},\"datePublished\":\"2015-01-26T00:56:36+00:00\",\"dateModified\":\"2015-03-06T08:06:01+00:00\",\"breadcrumb\":{\"@id\":\"http:\\\/\\\/www.mujerruralemprendedora.com\\\/es\\\/politica-de-privacidad\\\/#breadcrumb\"},\"inLanguage\":\"es\",\"potentialAction\":[{\"@type\":\"ReadAction\",\"target\":[\"http:\\\/\\\/www.mujerruralemprendedora.com\\\/es\\\/politica-de-privacidad\\\/\"]}]},{\"@type\":\"BreadcrumbList\",\"@id\":\"http:\\\/\\\/www.mujerruralemprendedora.com\\\/es\\\/politica-de-privacidad\\\/#breadcrumb\",\"itemListElement\":[{\"@type\":\"ListItem\",\"position\":1,\"name\":\"Portada\",\"item\":\"http:\\\/\\\/www.mujerruralemprendedora.com\\\/es\\\/\"},{\"@type\":\"ListItem\",\"position\":2,\"name\":\"Pol\u00edtica de privacidad\"}]},{\"@type\":\"WebSite\",\"@id\":\"http:\\\/\\\/www.mujerruralemprendedora.com\\\/es\\\/#website\",\"url\":\"http:\\\/\\\/www.mujerruralemprendedora.com\\\/es\\\/\",\"name\":\"Mujer Rural Emprendedora\",\"description\":\"Otro sitio m\u00e1s de Sitios de Mujer Rural Emprendedora\",\"potentialAction\":[{\"@type\":\"SearchAction\",\"target\":{\"@type\":\"EntryPoint\",\"urlTemplate\":\"http:\\\/\\\/www.mujerruralemprendedora.com\\\/es\\\/?s={search_term_string}\"},\"query-input\":{\"@type\":\"PropertyValueSpecification\",\"valueRequired\":true,\"valueName\":\"search_term_string\"}}],\"inLanguage\":\"es\"}]}<\/script>\n<!-- \/ Yoast SEO plugin. -->","yoast_head_json":{"title":"Pol\u00edtica de privacidad - Mujer Rural Emprendedora","robots":{"index":"index","follow":"follow","max-snippet":"max-snippet:-1","max-image-preview":"max-image-preview:large","max-video-preview":"max-video-preview:-1"},"canonical":"http:\/\/www.mujerruralemprendedora.com\/es\/politica-de-privacidad\/","og_locale":"es_ES","og_type":"article","og_title":"Pol\u00edtica de privacidad - Mujer Rural Emprendedora","og_description":"Toda comunicaci\u00f3n con\u00a0AFAMMER por cualquier medio o a trav\u00e9s de su direcci\u00f3n de correo electr\u00f3nico, o de los formularios presentes en este &#8216;web site&#8217; o a su &#8216;e-mail&#8217;, supone el consentimiento expreso para que sus datos personales sean incorporados a ficheros titularidad de AFAMMER, cuya direcci\u00f3n es C\/ Montesa 9.[...]","og_url":"http:\/\/www.mujerruralemprendedora.com\/es\/politica-de-privacidad\/","og_site_name":"Mujer Rural Emprendedora","article_publisher":"http:\/\/www.facebook.com\/mujerruralemprendedora","article_modified_time":"2015-03-06T08:06:01+00:00","twitter_misc":{"Tiempo de lectura":"1 minuto"},"schema":{"@context":"https:\/\/schema.org","@graph":[{"@type":"WebPage","@id":"http:\/\/www.mujerruralemprendedora.com\/es\/politica-de-privacidad\/","url":"http:\/\/www.mujerruralemprendedora.com\/es\/politica-de-privacidad\/","name":"Pol\u00edtica de privacidad - Mujer Rural Emprendedora","isPartOf":{"@id":"http:\/\/www.mujerruralemprendedora.com\/es\/#website"},"datePublished":"2015-01-26T00:56:36+00:00","dateModified":"2015-03-06T08:06:01+00:00","breadcrumb":{"@id":"http:\/\/www.mujerruralemprendedora.com\/es\/politica-de-privacidad\/#breadcrumb"},"inLanguage":"es","potentialAction":[{"@type":"ReadAction","target":["http:\/\/www.mujerruralemprendedora.com\/es\/politica-de-privacidad\/"]}]},{"@type":"BreadcrumbList","@id":"http:\/\/www.mujerruralemprendedora.com\/es\/politica-de-privacidad\/#breadcrumb","itemListElement":[{"@type":"ListItem","position":1,"name":"Portada","item":"http:\/\/www.mujerruralemprendedora.com\/es\/"},{"@type":"ListItem","position":2,"name":"Pol\u00edtica de privacidad"}]},{"@type":"WebSite","@id":"http:\/\/www.mujerruralemprendedora.com\/es\/#website","url":"http:\/\/www.mujerruralemprendedora.com\/es\/","name":"Mujer Rural Emprendedora","description":"Otro sitio m\u00e1s de Sitios de Mujer Rural Emprendedora","potentialAction":[{"@type":"SearchAction","target":{"@type":"EntryPoint","urlTemplate":"http:\/\/www.mujerruralemprendedora.com\/es\/?s={search_term_string}"},"query-input":{"@type":"PropertyValueSpecification","valueRequired":true,"valueName":"search_term_string"}}],"inLanguage":"es"}]}},"_links":{"self":[{"href":"http:\/\/www.mujerruralemprendedora.com\/es\/wp-json\/wp\/v2\/pages\/65","targetHints":{"allow":["GET"]}}],"collection":[{"href":"http:\/\/www.mujerruralemprendedora.com\/es\/wp-json\/wp\/v2\/pages"}],"about":[{"href":"http:\/\/www.mujerruralemprendedora.com\/es\/wp-json\/wp\/v2\/types\/page"}],"author":[{"embeddable":true,"href":"http:\/\/www.mujerruralemprendedora.com\/es\/wp-json\/wp\/v2\/users\/1"}],"replies":[{"embeddable":true,"href":"http:\/\/www.mujerruralemprendedora.com\/es\/wp-json\/wp\/v2\/comments?post=65"}],"version-history":[{"count":3,"href":"http:\/\/www.mujerruralemprendedora.com\/es\/wp-json\/wp\/v2\/pages\/65\/revisions"}],"predecessor-version":[{"id":836,"href":"http:\/\/www.mujerruralemprendedora.com\/es\/wp-json\/wp\/v2\/pages\/65\/revisions\/836"}],"wp:attachment":[{"href":"http:\/\/www.mujerruralemprendedora.com\/es\/wp-json\/wp\/v2\/media?parent=65"}],"curies":[{"name":"wp","href":"https:\/\/api.w.org\/{rel}","templated":true}]}}